{"id":424,"date":"2015-03-20T07:05:20","date_gmt":"2015-03-20T07:05:20","guid":{"rendered":"http:\/\/blogsaverroes.juntadeandalucia.es\/pre\/ceip\/?page_id=424"},"modified":"2024-10-09T12:14:36","modified_gmt":"2024-10-09T10:14:36","slug":"educacion-infantil","status":"publish","type":"page","link":"https:\/\/blogsaverroes.juntadeandalucia.es\/ceiplaalmohada\/educacion-infantil\/","title":{"rendered":"Educaci\u00f3n Infantil"},"content":{"rendered":"<p><a href=\"https:\/\/www.juntadeandalucia.es\/temas\/estudiar\/infantil.html\"><img loading=\"lazy\" decoding=\"async\" class=\"alignnone size-medium wp-image-2252\" src=\"https:\/\/blogsaverroes.juntadeandalucia.es\/ceiplaalmohada\/files\/2019\/08\/einfantil-300x99.png\" alt=\"\" width=\"300\" height=\"99\" srcset=\"https:\/\/blogsaverroes.juntadeandalucia.es\/ceiplaalmohada\/files\/2019\/08\/einfantil-300x99.png 300w, https:\/\/blogsaverroes.juntadeandalucia.es\/ceiplaalmohada\/files\/2019\/08\/einfantil-24x8.png 24w, https:\/\/blogsaverroes.juntadeandalucia.es\/ceiplaalmohada\/files\/2019\/08\/einfantil-36x12.png 36w, https:\/\/blogsaverroes.juntadeandalucia.es\/ceiplaalmohada\/files\/2019\/08\/einfantil-48x16.png 48w, https:\/\/blogsaverroes.juntadeandalucia.es\/ceiplaalmohada\/files\/2019\/08\/einfantil.png 389w\" sizes=\"(max-width: 300px) 100vw, 300px\" \/><\/a><\/p>\n<p style=\"text-align: justify\">La Educaci\u00f3n Infantil&nbsp;es la etapa educativa que atiende a ni\u00f1as y ni\u00f1os <strong>desde el nacimiento hasta los seis a\u00f1os <\/strong>con la finalidad de contribuir a su desarrollo f\u00edsico, afectivo, social e intelectual. Se ordena en dos ciclos: el primero comprende hasta los tres a\u00f1os; el segundo, que es gratuito, va&nbsp;desde los tres a los seis a\u00f1os de edad.<\/p>\n<p style=\"text-align: justify\">Tiene un <strong>car\u00e1cter voluntario y gratuito<\/strong>. La escolarizaci\u00f3n temprana se considera un gran logro que incidir\u00e1 positivamente en la mejora del rendimiento escolar futuro.<\/p>\n<p style=\"text-align: justify\">En&nbsp;los dos&nbsp;ciclos de la Educaci\u00f3n Infantil se atiende progresivamente al desarrollo afectivo, al movimiento y a los h\u00e1bitos de control corporal, a las manifestaciones de la comunicaci\u00f3n y del lenguaje, a las pautas elementales de convivencia y relaci\u00f3n social, as\u00ed como al descubrimiento de las caracter\u00edsticas f\u00edsicas y sociales del medio. Adem\u00e1s se&nbsp;propicia que ni\u00f1as y ni\u00f1os&nbsp;logren una imagen positiva y equilibrada de s\u00ed mismos&nbsp;y adquieran autonom\u00eda personal.<\/p>\n<p style=\"text-align: justify\">Se ordena en dos ciclos:<\/p>\n<ul style=\"text-align: justify\">\n<li><a href=\"http:\/\/www.juntadeandalucia.es\/educacion\/portals\/web\/ced\/infantil-0-3-anos\">Primer ciclo: comprendido entre 0 y 3 a\u00f1os.<\/a><\/li>\n<li><a href=\"http:\/\/www.juntadeandalucia.es\/educacion\/portals\/web\/ced\/infantil-2-ciclo\">Segundo ciclo: comprendido entre 3 y 6 a\u00f1os.<\/a><\/li>\n<\/ul>\n<p style=\"text-align: justify\">El segundo ciclo es de car\u00e1cter gratuito en los centros p\u00fablicos y concertados.<\/p>\n<p style=\"text-align: justify\"><strong>NORMATIVA:<\/strong><\/p>\n<p style=\"text-align: justify\">&nbsp;<\/p>\n<ul>\n<li style=\"text-align: justify\"><a href=\"https:\/\/www.adideandalucia.es\/normas\/ordenes\/20090123evaluacion infantil.pdf\" target=\"_blank\" rel=\"noopener noreferrer\">ORDEN de 29-12-2008<\/a>, por la que se establece la ordenaci\u00f3n de la evaluaci\u00f3n en la Educaci\u00f3n Infantil en la Comunidad Aut\u00f3noma de Andaluc\u00eda.<\/li>\n<li style=\"text-align: justify\"><a href=\"https:\/\/www.adideandalucia.es\/normas\/ordenes\/Orden5-8-2008CorreccionInfantil.pdf\" target=\"_blank\" rel=\"noopener noreferrer\">CORRECCI\u00d3N de errores<\/a> de la Orden de 5 de agosto de 2008, por la que se desarrolla el curr\u00edculo correspondiente a la educaci\u00f3n infantil en Andaluc\u00eda (BOJA 17-10-2008).<\/li>\n<li style=\"text-align: justify\"><a href=\"https:\/\/www.adideandalucia.es\/normas\/ordenes\/Orden%205-8-2008%20Curriculo%20Infantil.pdf\" target=\"_blank\" rel=\"noopener noreferrer\">ORDEN de 5-8-2008,<\/a> por la que se desarrolla el Curr\u00edculo correspondiente a la Educaci\u00f3n Infantil en Andaluc\u00eda. (BOJA 26-8-2008)<\/li>\n<li style=\"text-align: justify\"><a href=\"https:\/\/www.adideandalucia.es\/normas\/decretos\/Decreto%20428-2008%20Educacion%20Infantil.pdf\" target=\"_blank\" rel=\"noopener noreferrer\">DECRETO 428\/2008, de 29 de julio,<\/a> por el que se establece la ordenaci\u00f3n y las ense\u00f1anzas correspondientes a la Educaci\u00f3n Infantil en Andaluc\u00eda. (BOJA 19-8-2008)<\/li>\n<li style=\"text-align: justify\"><a href=\"https:\/\/www.adideandalucia.es\/normas\/RD\/RD%201630-2006%20Ensenazas%20Infantil.pdf\" target=\"_blank\" rel=\"noopener noreferrer\">REAL DECRETO 1630\/2006, de 29 de diciembre,<\/a> por el que se establecen las ense\u00f1anzas m\u00ednimas del segundo ciclo de Educaci\u00f3n infantil. (BOE 4-1-2007)<\/li>\n<\/ul>\n<p>&nbsp;<\/p>\n<p style=\"text-align: justify\">&nbsp;<\/p>\n","protected":false},"excerpt":{"rendered":"<p>La Educaci\u00f3n Infantil&nbsp;es la etapa educativa que atiende a ni\u00f1as y ni\u00f1os desde el nacimiento hasta los seis a\u00f1os con la finalidad de contribuir a su desarrollo f\u00edsico, afectivo, social e intelectual. Se ordena&#46;&#46;&#46;<\/p>\n","protected":false},"author":1,"featured_media":0,"parent":0,"menu_order":0,"comment_status":"closed","ping_status":"closed","template":"page-sc.php","meta":{"ngg_post_thumbnail":0,"footnotes":"","_mc_calendar":[]},"aioseo_notices":[],"_links":{"self":[{"href":"https:\/\/blogsaverroes.juntadeandalucia.es\/ceiplaalmohada\/wp-json\/wp\/v2\/pages\/424"}],"collection":[{"href":"https:\/\/blogsaverroes.juntadeandalucia.es\/ceiplaalmohada\/wp-json\/wp\/v2\/pages"}],"about":[{"href":"https:\/\/blogsaverroes.juntadeandalucia.es\/ceiplaalmohada\/wp-json\/wp\/v2\/types\/page"}],"author":[{"embeddable":true,"href":"https:\/\/blogsaverroes.juntadeandalucia.es\/ceiplaalmohada\/wp-json\/wp\/v2\/users\/1"}],"replies":[{"embeddable":true,"href":"https:\/\/blogsaverroes.juntadeandalucia.es\/ceiplaalmohada\/wp-json\/wp\/v2\/comments?post=424"}],"version-history":[{"count":6,"href":"https:\/\/blogsaverroes.juntadeandalucia.es\/ceiplaalmohada\/wp-json\/wp\/v2\/pages\/424\/revisions"}],"predecessor-version":[{"id":2752,"href":"https:\/\/blogsaverroes.juntadeandalucia.es\/ceiplaalmohada\/wp-json\/wp\/v2\/pages\/424\/revisions\/2752"}],"wp:attachment":[{"href":"https:\/\/blogsaverroes.juntadeandalucia.es\/ceiplaalmohada\/wp-json\/wp\/v2\/media?parent=424"}],"curies":[{"name":"wp","href":"https:\/\/api.w.org\/{rel}","templated":true}]}}