{"id":428,"date":"2015-03-20T07:06:21","date_gmt":"2015-03-20T07:06:21","guid":{"rendered":"http:\/\/blogsaverroes.juntadeandalucia.es\/pre\/ceip\/?page_id=428"},"modified":"2024-10-09T12:14:18","modified_gmt":"2024-10-09T10:14:18","slug":"ed-primaria-1o-ciclo","status":"publish","type":"page","link":"https:\/\/blogsaverroes.juntadeandalucia.es\/ceiplaalmohada\/ed-primaria-1o-ciclo\/","title":{"rendered":"Educaci\u00f3n Primaria. 1er Ciclo"},"content":{"rendered":"<p><a href=\"https:\/\/blogsaverroes.juntadeandalucia.es\/ceiplaalmohada\/files\/2019\/08\/1\u00bacicloprimaria.jpg\"><img loading=\"lazy\" decoding=\"async\" class=\"size-medium wp-image-2266 aligncenter\" src=\"https:\/\/blogsaverroes.juntadeandalucia.es\/ceiplaalmohada\/files\/2019\/08\/1\u00bacicloprimaria-300x113.jpg\" alt=\"\" width=\"300\" height=\"113\" srcset=\"https:\/\/blogsaverroes.juntadeandalucia.es\/ceiplaalmohada\/files\/2019\/08\/1\u00bacicloprimaria-300x113.jpg 300w, https:\/\/blogsaverroes.juntadeandalucia.es\/ceiplaalmohada\/files\/2019\/08\/1\u00bacicloprimaria-768x289.jpg 768w, https:\/\/blogsaverroes.juntadeandalucia.es\/ceiplaalmohada\/files\/2019\/08\/1\u00bacicloprimaria-24x9.jpg 24w, https:\/\/blogsaverroes.juntadeandalucia.es\/ceiplaalmohada\/files\/2019\/08\/1\u00bacicloprimaria-36x14.jpg 36w, https:\/\/blogsaverroes.juntadeandalucia.es\/ceiplaalmohada\/files\/2019\/08\/1\u00bacicloprimaria-48x18.jpg 48w, https:\/\/blogsaverroes.juntadeandalucia.es\/ceiplaalmohada\/files\/2019\/08\/1\u00bacicloprimaria.jpg 1004w\" sizes=\"(max-width: 300px) 100vw, 300px\" \/><\/a><\/p>\n<p><span style=\"color: #ff0000\"><strong>NORMATIVA:<\/strong><\/span><\/p>\n<p><a href=\"https:\/\/blogsaverroes.juntadeandalucia.es\/ceiplaalmohada\/files\/2019\/08\/curriculo_primaria-decreto-97_2015-03_03.pdf\">curriculo_primaria decreto 97_2015 03_03<\/a>&nbsp;<\/p>\n<p><a href=\"https:\/\/blogsaverroes.juntadeandalucia.es\/ceiplaalmohada\/files\/2019\/08\/Orden17marzo2015CurriculoPrimaria.pdf\">Orden17marzo2015CurriculoPrimaria<\/a><\/p>\n<p><span style=\"color: #ff0000\"><strong>CURR\u00cdCULO POR \u00c1REAS 1\u00ba CICLO E. PRIMARIA:<\/strong><\/span><\/p>\n<p><a href=\"https:\/\/blogsaverroes.juntadeandalucia.es\/ceiplaalmohada\/files\/2019\/08\/curriculo_leng_1ciclo.pdf\">curriculo_leng_1ciclo<\/a><\/p>\n<p><a href=\"https:\/\/blogsaverroes.juntadeandalucia.es\/ceiplaalmohada\/files\/2019\/08\/curriculo_mat_1ciclo.pdf\">curriculo_mat_1ciclo<\/a><\/p>\n<p><a href=\"https:\/\/blogsaverroes.juntadeandalucia.es\/ceiplaalmohada\/files\/2019\/08\/curriculo_ccnn_1ciclo.pdf\">curriculo_ccnn_1ciclo<\/a><\/p>\n<p><a href=\"https:\/\/blogsaverroes.juntadeandalucia.es\/ceiplaalmohada\/files\/2019\/08\/curriculo_ccss_1ciclo.pdf\">curriculo_ccss_1ciclo<\/a><\/p>\n<p><a href=\"https:\/\/blogsaverroes.juntadeandalucia.es\/ceiplaalmohada\/files\/2019\/08\/curriculo_efisica_1ciclo.pdf\">curriculo_efisica_1ciclo<\/a><\/p>\n<p><a href=\"https:\/\/blogsaverroes.juntadeandalucia.es\/ceiplaalmohada\/files\/2019\/08\/curriculo_1leng_extr_1ciclo.pdf\">curriculo_1leng_extr_1ciclo<\/a><\/p>\n<p><a href=\"https:\/\/blogsaverroes.juntadeandalucia.es\/ceiplaalmohada\/files\/2019\/08\/curriculo_2leng_extr_1ciclo.pdf\">curriculo_2leng_extr_1ciclo<\/a><\/p>\n<p><a href=\"https:\/\/blogsaverroes.juntadeandalucia.es\/ceiplaalmohada\/files\/2019\/08\/curriculo_art_1ciclo.pdf\">curriculo_art_1ciclo<\/a><\/p>\n<p><a href=\"https:\/\/blogsaverroes.juntadeandalucia.es\/ceiplaalmohada\/files\/2019\/08\/curriculo_valores_1ciclo.pdf\">curriculo_valores_1ciclo<\/a><\/p>\n<p><a href=\"https:\/\/blogsaverroes.juntadeandalucia.es\/ceiplaalmohada\/files\/2019\/08\/curriculo_religion_educ_primaria.pdf\">curriculo_religion_educ_primaria<\/a><\/p>\n<p>(Extra\u00eddo de la<a title=\"Orden 17\/03\/2015\" href=\"http:\/\/www.adideandalucia.es\/normas\/ordenes\/Orden17marzo2015CurriculoPrimaria.pdf\" target=\"_blank\" rel=\"noopener noreferrer\"> Orden de 17 de marzo de 2015<\/a>, por la que se desarrolla el curr\u00edculo correspondiente a la educaci\u00f3n Primaria en Andaluc\u00eda)<\/p>\n","protected":false},"excerpt":{"rendered":"<p>NORMATIVA: curriculo_primaria decreto 97_2015 03_03&nbsp; Orden17marzo2015CurriculoPrimaria CURR\u00cdCULO POR \u00c1REAS 1\u00ba CICLO E. PRIMARIA: curriculo_leng_1ciclo curriculo_mat_1ciclo curriculo_ccnn_1ciclo curriculo_ccss_1ciclo curriculo_efisica_1ciclo curriculo_1leng_extr_1ciclo curriculo_2leng_extr_1ciclo curriculo_art_1ciclo curriculo_valores_1ciclo curriculo_religion_educ_primaria (Extra\u00eddo de la Orden de 17 de marzo de 2015, por&#46;&#46;&#46;<\/p>\n","protected":false},"author":1,"featured_media":0,"parent":0,"menu_order":0,"comment_status":"closed","ping_status":"closed","template":"page-sc.php","meta":{"ngg_post_thumbnail":0,"footnotes":"","_mc_calendar":[]},"aioseo_notices":[],"_links":{"self":[{"href":"https:\/\/blogsaverroes.juntadeandalucia.es\/ceiplaalmohada\/wp-json\/wp\/v2\/pages\/428"}],"collection":[{"href":"https:\/\/blogsaverroes.juntadeandalucia.es\/ceiplaalmohada\/wp-json\/wp\/v2\/pages"}],"about":[{"href":"https:\/\/blogsaverroes.juntadeandalucia.es\/ceiplaalmohada\/wp-json\/wp\/v2\/types\/page"}],"author":[{"embeddable":true,"href":"https:\/\/blogsaverroes.juntadeandalucia.es\/ceiplaalmohada\/wp-json\/wp\/v2\/users\/1"}],"replies":[{"embeddable":true,"href":"https:\/\/blogsaverroes.juntadeandalucia.es\/ceiplaalmohada\/wp-json\/wp\/v2\/comments?post=428"}],"version-history":[{"count":11,"href":"https:\/\/blogsaverroes.juntadeandalucia.es\/ceiplaalmohada\/wp-json\/wp\/v2\/pages\/428\/revisions"}],"predecessor-version":[{"id":2750,"href":"https:\/\/blogsaverroes.juntadeandalucia.es\/ceiplaalmohada\/wp-json\/wp\/v2\/pages\/428\/revisions\/2750"}],"wp:attachment":[{"href":"https:\/\/blogsaverroes.juntadeandalucia.es\/ceiplaalmohada\/wp-json\/wp\/v2\/media?parent=428"}],"curies":[{"name":"wp","href":"https:\/\/api.w.org\/{rel}","templated":true}]}}