{"id":432,"date":"2015-03-20T07:07:25","date_gmt":"2015-03-20T07:07:25","guid":{"rendered":"http:\/\/blogsaverroes.juntadeandalucia.es\/pre\/ceip\/?page_id=432"},"modified":"2024-10-09T12:07:02","modified_gmt":"2024-10-09T10:07:02","slug":"ed-primaria-2o-ciclo","status":"publish","type":"page","link":"https:\/\/blogsaverroes.juntadeandalucia.es\/ceiplaalmohada\/ed-primaria-2o-ciclo\/","title":{"rendered":"Educaci\u00f3n Primaria. 2\u00ba Ciclo"},"content":{"rendered":"<p><a href=\"https:\/\/blogsaverroes.juntadeandalucia.es\/ceiplaalmohada\/files\/2019\/08\/segundo_ciclo.png\"><img loading=\"lazy\" decoding=\"async\" class=\"wp-image-2281 aligncenter\" src=\"https:\/\/blogsaverroes.juntadeandalucia.es\/ceiplaalmohada\/files\/2019\/08\/segundo_ciclo-300x263.png\" alt=\"\" width=\"184\" height=\"161\" srcset=\"https:\/\/blogsaverroes.juntadeandalucia.es\/ceiplaalmohada\/files\/2019\/08\/segundo_ciclo-300x263.png 300w, https:\/\/blogsaverroes.juntadeandalucia.es\/ceiplaalmohada\/files\/2019\/08\/segundo_ciclo-24x21.png 24w, https:\/\/blogsaverroes.juntadeandalucia.es\/ceiplaalmohada\/files\/2019\/08\/segundo_ciclo-36x32.png 36w, https:\/\/blogsaverroes.juntadeandalucia.es\/ceiplaalmohada\/files\/2019\/08\/segundo_ciclo-48x42.png 48w, https:\/\/blogsaverroes.juntadeandalucia.es\/ceiplaalmohada\/files\/2019\/08\/segundo_ciclo.png 400w\" sizes=\"(max-width: 184px) 100vw, 184px\" \/><\/a><span style=\"color: #ff0000\"><strong>NORMATIVA:<\/strong><\/span><\/p>\n<p><a href=\"https:\/\/blogsaverroes.juntadeandalucia.es\/ceiplaalmohada\/files\/2019\/08\/curriculo_primaria-decreto-97_2015-03_03.pdf\">curriculo_primaria decreto 97_2015 03_03<\/a><\/p>\n<p><a href=\"https:\/\/blogsaverroes.juntadeandalucia.es\/ceiplaalmohada\/files\/2019\/08\/Orden17marzo2015CurriculoPrimaria.pdf\">Orden17marzo2015CurriculoPrimaria<\/a><\/p>\n<p><span style=\"color: #ff0000\"><strong>CURR\u00cdCULO POR \u00c1REAS 2\u00ba DE EDCUACI\u00d3N PRIMARIA:<\/strong><\/span><\/p>\n<p><a href=\"https:\/\/blogsaverroes.juntadeandalucia.es\/ceiplaalmohada\/files\/2019\/08\/curriculo_leng_2ciclo.pdf\">curriculo_leng_2ciclo<\/a><\/p>\n<p><a href=\"https:\/\/blogsaverroes.juntadeandalucia.es\/ceiplaalmohada\/files\/2019\/08\/curriculo_mat_2ciclo.pdf\">curriculo_mat_2ciclo<\/a><\/p>\n<p><a href=\"https:\/\/blogsaverroes.juntadeandalucia.es\/ceiplaalmohada\/files\/2019\/08\/curriculo_ccnn_2ciclo.pdf\">curriculo_ccnn_2ciclo<\/a><\/p>\n<p><a href=\"https:\/\/blogsaverroes.juntadeandalucia.es\/ceiplaalmohada\/files\/2019\/08\/curriculo_ccss_2ciclo.pdf\">curriculo_ccss_2ciclo<\/a><\/p>\n<p><a href=\"https:\/\/blogsaverroes.juntadeandalucia.es\/ceiplaalmohada\/files\/2019\/08\/curriculo_efisica_2ciclo.pdf\">curriculo_efisica_2ciclo<\/a><\/p>\n<p><a href=\"https:\/\/blogsaverroes.juntadeandalucia.es\/ceiplaalmohada\/files\/2019\/08\/curriculo_1leng_extr_2ciclo.pdf\">curriculo_1leng_extr_2ciclo<\/a><\/p>\n<p><a href=\"https:\/\/blogsaverroes.juntadeandalucia.es\/ceiplaalmohada\/files\/2019\/08\/curriculo_2leng_extr_2ciclo.pdf\">curriculo_2leng_extr_2ciclo<\/a><\/p>\n<p><a href=\"https:\/\/blogsaverroes.juntadeandalucia.es\/ceiplaalmohada\/files\/2019\/08\/curriculo_art_2ciclo.pdf\">curriculo_art_2ciclo<\/a><\/p>\n<p><a href=\"https:\/\/blogsaverroes.juntadeandalucia.es\/ceiplaalmohada\/files\/2019\/08\/curriculo_valores_2ciclo.pdf\">curriculo_valores_2ciclo<\/a><\/p>\n<p><a href=\"https:\/\/blogsaverroes.juntadeandalucia.es\/ceiplaalmohada\/files\/2019\/08\/curriculo_religion_educ_primaria.pdf\">curriculo_religion_educ_primaria<\/a><\/p>\n<p>(Extra\u00eddo de la<a title=\"Orden 17\/03\/2015\" href=\"http:\/\/www.adideandalucia.es\/normas\/ordenes\/Orden17marzo2015CurriculoPrimaria.pdf\" target=\"_blank\" rel=\"noopener noreferrer\"> Orden de 17 de marzo de 2015<\/a>, por la que se desarrolla el curr\u00edculo correspondiente a la educaci\u00f3n Primaria en Andaluc\u00eda)<\/p>\n","protected":false},"excerpt":{"rendered":"<p>NORMATIVA: curriculo_primaria decreto 97_2015 03_03 Orden17marzo2015CurriculoPrimaria CURR\u00cdCULO POR \u00c1REAS 2\u00ba DE EDCUACI\u00d3N PRIMARIA: curriculo_leng_2ciclo curriculo_mat_2ciclo curriculo_ccnn_2ciclo curriculo_ccss_2ciclo curriculo_efisica_2ciclo curriculo_1leng_extr_2ciclo curriculo_2leng_extr_2ciclo curriculo_art_2ciclo curriculo_valores_2ciclo curriculo_religion_educ_primaria (Extra\u00eddo de la Orden de 17 de marzo de 2015, por&#46;&#46;&#46;<\/p>\n","protected":false},"author":1,"featured_media":0,"parent":0,"menu_order":0,"comment_status":"closed","ping_status":"open","template":"page-sc.php","meta":{"ngg_post_thumbnail":0,"footnotes":"","_mc_calendar":[]},"aioseo_notices":[],"_links":{"self":[{"href":"https:\/\/blogsaverroes.juntadeandalucia.es\/ceiplaalmohada\/wp-json\/wp\/v2\/pages\/432"}],"collection":[{"href":"https:\/\/blogsaverroes.juntadeandalucia.es\/ceiplaalmohada\/wp-json\/wp\/v2\/pages"}],"about":[{"href":"https:\/\/blogsaverroes.juntadeandalucia.es\/ceiplaalmohada\/wp-json\/wp\/v2\/types\/page"}],"author":[{"embeddable":true,"href":"https:\/\/blogsaverroes.juntadeandalucia.es\/ceiplaalmohada\/wp-json\/wp\/v2\/users\/1"}],"replies":[{"embeddable":true,"href":"https:\/\/blogsaverroes.juntadeandalucia.es\/ceiplaalmohada\/wp-json\/wp\/v2\/comments?post=432"}],"version-history":[{"count":11,"href":"https:\/\/blogsaverroes.juntadeandalucia.es\/ceiplaalmohada\/wp-json\/wp\/v2\/pages\/432\/revisions"}],"predecessor-version":[{"id":2741,"href":"https:\/\/blogsaverroes.juntadeandalucia.es\/ceiplaalmohada\/wp-json\/wp\/v2\/pages\/432\/revisions\/2741"}],"wp:attachment":[{"href":"https:\/\/blogsaverroes.juntadeandalucia.es\/ceiplaalmohada\/wp-json\/wp\/v2\/media?parent=432"}],"curies":[{"name":"wp","href":"https:\/\/api.w.org\/{rel}","templated":true}]}}