{"id":436,"date":"2015-03-20T07:08:17","date_gmt":"2015-03-20T07:08:17","guid":{"rendered":"http:\/\/blogsaverroes.juntadeandalucia.es\/pre\/ceip\/?page_id=436"},"modified":"2024-10-09T12:06:29","modified_gmt":"2024-10-09T10:06:29","slug":"ed-primaria-3o-ciclo","status":"publish","type":"page","link":"https:\/\/blogsaverroes.juntadeandalucia.es\/ceiplaalmohada\/ed-primaria-3o-ciclo\/","title":{"rendered":"Educaci\u00f3n Primaria. 3er Ciclo"},"content":{"rendered":"<p style=\"text-align: left\"><a href=\"https:\/\/blogsaverroes.juntadeandalucia.es\/ceiplaalmohada\/files\/2019\/08\/tercer-ciclo.jpg\"><img loading=\"lazy\" decoding=\"async\" class=\"wp-image-2293 aligncenter\" src=\"https:\/\/blogsaverroes.juntadeandalucia.es\/ceiplaalmohada\/files\/2019\/08\/tercer-ciclo-300x225.jpg\" alt=\"\" width=\"187\" height=\"140\" srcset=\"https:\/\/blogsaverroes.juntadeandalucia.es\/ceiplaalmohada\/files\/2019\/08\/tercer-ciclo.jpg 300w, https:\/\/blogsaverroes.juntadeandalucia.es\/ceiplaalmohada\/files\/2019\/08\/tercer-ciclo-24x18.jpg 24w, https:\/\/blogsaverroes.juntadeandalucia.es\/ceiplaalmohada\/files\/2019\/08\/tercer-ciclo-36x27.jpg 36w, https:\/\/blogsaverroes.juntadeandalucia.es\/ceiplaalmohada\/files\/2019\/08\/tercer-ciclo-48x36.jpg 48w\" sizes=\"(max-width: 187px) 100vw, 187px\" \/><\/a><\/p>\n<p><span style=\"color: #ff0000\"><strong>NORMATIVA:<\/strong><\/span><\/p>\n<p><a href=\"https:\/\/blogsaverroes.juntadeandalucia.es\/ceiplaalmohada\/files\/2019\/08\/curriculo_primaria-decreto-97_2015-03_03.pdf\">curriculo_primaria decreto 97_2015 03_03<\/a><\/p>\n<p><a href=\"https:\/\/blogsaverroes.juntadeandalucia.es\/ceiplaalmohada\/files\/2019\/08\/Orden17marzo2015CurriculoPrimaria.pdf\">Orden17marzo2015CurriculoPrimaria<\/a><\/p>\n<p><span style=\"color: #ff0000\"><strong>CURR\u00cdCULO POR \u00c1REAS 3\u00ba CICLO DE EDUCACI\u00d3N PRIMARIA:<\/strong><\/span><\/p>\n<p><a href=\"https:\/\/blogsaverroes.juntadeandalucia.es\/ceiplaalmohada\/files\/2019\/08\/curriculo_leng_3ciclo.pdf\">curriculo_leng_3ciclo<\/a><\/p>\n<p><a href=\"https:\/\/blogsaverroes.juntadeandalucia.es\/ceiplaalmohada\/files\/2019\/08\/curriculo_mat_3ciclo.pdf\">curriculo_mat_3ciclo<\/a><\/p>\n<p><a href=\"https:\/\/blogsaverroes.juntadeandalucia.es\/ceiplaalmohada\/files\/2019\/08\/curriculo_ccnn_3ciclo.pdf\">curriculo_ccnn_3ciclo<\/a><\/p>\n<p><a href=\"https:\/\/blogsaverroes.juntadeandalucia.es\/ceiplaalmohada\/files\/2019\/08\/curriculo_ccss_3ciclo.pdf\">curriculo_ccss_3ciclo<\/a><\/p>\n<p><a href=\"https:\/\/blogsaverroes.juntadeandalucia.es\/ceiplaalmohada\/files\/2019\/08\/curriculo_1leng_extr_3ciclo.pdf\">curriculo_1leng_extr_3ciclo<\/a><\/p>\n<p><a href=\"https:\/\/blogsaverroes.juntadeandalucia.es\/ceiplaalmohada\/files\/2019\/08\/curriculo_2leng_extr_3ciclo.pdf\">curriculo_2leng_extr_3ciclo<\/a><\/p>\n<p><a href=\"https:\/\/blogsaverroes.juntadeandalucia.es\/ceiplaalmohada\/files\/2019\/08\/curriculo_art_3ciclo.pdf\">curriculo_art_3ciclo<\/a><\/p>\n<p><a href=\"https:\/\/blogsaverroes.juntadeandalucia.es\/ceiplaalmohada\/files\/2019\/08\/curriculo_ciudadania_3ciclo.pdf\">curriculo_ciudadania_3ciclo<\/a><\/p>\n<p><a href=\"https:\/\/blogsaverroes.juntadeandalucia.es\/ceiplaalmohada\/files\/2019\/08\/curriculo_digital_3ciclo.pdf\">curriculo_digital_3ciclo<\/a><\/p>\n<p><a href=\"https:\/\/blogsaverroes.juntadeandalucia.es\/ceiplaalmohada\/files\/2019\/08\/curriculo_efisica_3ciclo.pdf\">curriculo_efisica_3ciclo<\/a><\/p>\n<p><a href=\"https:\/\/blogsaverroes.juntadeandalucia.es\/ceiplaalmohada\/files\/2019\/08\/curriculo_valores_3ciclo.pdf\">curriculo_valores_3ciclo<\/a><\/p>\n<p><a href=\"https:\/\/blogsaverroes.juntadeandalucia.es\/ceiplaalmohada\/files\/2019\/08\/curriculo_religion_educ_primaria.pdf\">curriculo_religion_educ_primaria<\/a><\/p>\n<p>(Extra\u00eddo de la<a title=\"Orden 17\/03\/2015\" href=\"http:\/\/www.adideandalucia.es\/normas\/ordenes\/Orden17marzo2015CurriculoPrimaria.pdf\" target=\"_blank\" rel=\"noopener noreferrer\"> Orden de 17 de marzo de 2015<\/a>, por la que se desarrolla el curr\u00edculo correspondiente a la educaci\u00f3n Primaria en Andaluc\u00eda)<\/p>\n","protected":false},"excerpt":{"rendered":"<p>NORMATIVA: curriculo_primaria decreto 97_2015 03_03 Orden17marzo2015CurriculoPrimaria CURR\u00cdCULO POR \u00c1REAS 3\u00ba CICLO DE EDUCACI\u00d3N PRIMARIA: curriculo_leng_3ciclo curriculo_mat_3ciclo curriculo_ccnn_3ciclo curriculo_ccss_3ciclo curriculo_1leng_extr_3ciclo curriculo_2leng_extr_3ciclo curriculo_art_3ciclo curriculo_ciudadania_3ciclo curriculo_digital_3ciclo curriculo_efisica_3ciclo curriculo_valores_3ciclo curriculo_religion_educ_primaria (Extra\u00eddo de la Orden de 17 de marzo&#46;&#46;&#46;<\/p>\n","protected":false},"author":1,"featured_media":0,"parent":0,"menu_order":0,"comment_status":"closed","ping_status":"open","template":"page-sc.php","meta":{"ngg_post_thumbnail":0,"footnotes":"","_mc_calendar":[]},"aioseo_notices":[],"_links":{"self":[{"href":"https:\/\/blogsaverroes.juntadeandalucia.es\/ceiplaalmohada\/wp-json\/wp\/v2\/pages\/436"}],"collection":[{"href":"https:\/\/blogsaverroes.juntadeandalucia.es\/ceiplaalmohada\/wp-json\/wp\/v2\/pages"}],"about":[{"href":"https:\/\/blogsaverroes.juntadeandalucia.es\/ceiplaalmohada\/wp-json\/wp\/v2\/types\/page"}],"author":[{"embeddable":true,"href":"https:\/\/blogsaverroes.juntadeandalucia.es\/ceiplaalmohada\/wp-json\/wp\/v2\/users\/1"}],"replies":[{"embeddable":true,"href":"https:\/\/blogsaverroes.juntadeandalucia.es\/ceiplaalmohada\/wp-json\/wp\/v2\/comments?post=436"}],"version-history":[{"count":8,"href":"https:\/\/blogsaverroes.juntadeandalucia.es\/ceiplaalmohada\/wp-json\/wp\/v2\/pages\/436\/revisions"}],"predecessor-version":[{"id":2740,"href":"https:\/\/blogsaverroes.juntadeandalucia.es\/ceiplaalmohada\/wp-json\/wp\/v2\/pages\/436\/revisions\/2740"}],"wp:attachment":[{"href":"https:\/\/blogsaverroes.juntadeandalucia.es\/ceiplaalmohada\/wp-json\/wp\/v2\/media?parent=436"}],"curies":[{"name":"wp","href":"https:\/\/api.w.org\/{rel}","templated":true}]}}