{"id":44,"date":"2015-03-13T08:42:15","date_gmt":"2015-03-13T08:42:15","guid":{"rendered":"http:\/\/blogsaverroes.juntadeandalucia.es\/pre\/ceip\/?page_id=44"},"modified":"2024-11-18T00:40:38","modified_gmt":"2024-11-17T23:40:38","slug":"planes-y-proyectos","status":"publish","type":"page","link":"https:\/\/blogsaverroes.juntadeandalucia.es\/ceiplaalmohada\/planes-y-proyectos\/","title":{"rendered":"Programa CIMA"},"content":{"rendered":"<p><img loading=\"lazy\" decoding=\"async\" class=\"aligncenter\" src=\"https:\/\/www.juntadeandalucia.es\/educacion\/portales\/documents\/722046\/1150039\/Logo-Cima_mas-resolucion.png\/adf03d3d-10ce-151c-883e-c15e0ffd7aea?t=1727359736204\" alt=\"Logo Programas CIMA\" width=\"200\" height=\"230\"><\/p>\n<p>En nuestro centro se lleva a cabo dentro de nuestro Proyecto Educativo diversos&nbsp; <strong>Planes y Actuaciones,<\/strong> promovidos desde la Consejer\u00eda de Desarrollo Educativo y Formaci\u00f3n Profesional Educaci\u00f3n, en e<span class=\"BxUVEf ILfuVd\" lang=\"es\"><span class=\"hgKElc\">l <span style=\"color: #008000\"><strong>Programa CIMA,&nbsp;<\/strong><span style=\"color: #000000\">que<\/span><\/span> surge con la misi\u00f3n de promover: <b>El fomento y la coordinaci\u00f3n de la innovaci\u00f3n educativa a trav\u00e9s de proyectos integrales de transformaci\u00f3n y mejora de los aprendizajes<\/b>. La gesti\u00f3n, coordinaci\u00f3n e integraci\u00f3n de las actuaciones y estrategias relativas a la innovaci\u00f3n educativa.<\/span><\/span><\/p>\n<h3 class=\"LC20lb MBeuO DKV0Md\" style=\"text-align: center\"><a href=\"https:\/\/www.juntadeandalucia.es\/educacion\/portales\/es\/web\/planes-y-programas\/programa-cima\">Programa CIMA &#8211; Planes y Programas &#8211; Educaci\u00f3n<\/a><\/h3>\n<p>Los Planes y Programas desarrollados por el centro son los siguientes:<\/p>\n<ul>\n<li><strong>Plan de igualdad.<\/strong><\/li>\n<li><strong>Plan de apertura.<\/strong><\/li>\n<li><strong>Programa del Patrimonio en la Escuela<br \/>\n<\/strong><\/li>\n<li><strong>Escuela espacio de paz.<\/strong><\/li>\n<li><strong>Programa de h\u00e1bitos saludables.<\/strong><\/li>\n<li><strong>TDE (Transformaci\u00f3n Digital Educativa)<\/strong><\/li>\n<li><strong>Plan de Autoprotecci\u00f3n<\/strong><\/li>\n<li><strong>AJEDUCA<\/strong><\/li>\n<li><strong>BECREA<\/strong><\/li>\n<\/ul>\n<p>&nbsp;<\/p>\n","protected":false},"excerpt":{"rendered":"<p>En nuestro centro se lleva a cabo dentro de nuestro Proyecto Educativo diversos&nbsp; Planes y Actuaciones, promovidos desde la Consejer\u00eda de Desarrollo Educativo y Formaci\u00f3n Profesional Educaci\u00f3n, en el Programa CIMA,&nbsp;que surge con la&#46;&#46;&#46;<\/p>\n","protected":false},"author":1,"featured_media":0,"parent":0,"menu_order":0,"comment_status":"closed","ping_status":"closed","template":"page-cs.php","meta":{"ngg_post_thumbnail":0,"footnotes":"","_mc_calendar":[]},"aioseo_notices":[],"_links":{"self":[{"href":"https:\/\/blogsaverroes.juntadeandalucia.es\/ceiplaalmohada\/wp-json\/wp\/v2\/pages\/44"}],"collection":[{"href":"https:\/\/blogsaverroes.juntadeandalucia.es\/ceiplaalmohada\/wp-json\/wp\/v2\/pages"}],"about":[{"href":"https:\/\/blogsaverroes.juntadeandalucia.es\/ceiplaalmohada\/wp-json\/wp\/v2\/types\/page"}],"author":[{"embeddable":true,"href":"https:\/\/blogsaverroes.juntadeandalucia.es\/ceiplaalmohada\/wp-json\/wp\/v2\/users\/1"}],"replies":[{"embeddable":true,"href":"https:\/\/blogsaverroes.juntadeandalucia.es\/ceiplaalmohada\/wp-json\/wp\/v2\/comments?post=44"}],"version-history":[{"count":10,"href":"https:\/\/blogsaverroes.juntadeandalucia.es\/ceiplaalmohada\/wp-json\/wp\/v2\/pages\/44\/revisions"}],"predecessor-version":[{"id":2762,"href":"https:\/\/blogsaverroes.juntadeandalucia.es\/ceiplaalmohada\/wp-json\/wp\/v2\/pages\/44\/revisions\/2762"}],"wp:attachment":[{"href":"https:\/\/blogsaverroes.juntadeandalucia.es\/ceiplaalmohada\/wp-json\/wp\/v2\/media?parent=44"}],"curies":[{"name":"wp","href":"https:\/\/api.w.org\/{rel}","templated":true}]}}