{"id":77,"date":"2015-03-16T06:54:56","date_gmt":"2015-03-16T06:54:56","guid":{"rendered":"http:\/\/blogsaverroes.juntadeandalucia.es\/pre\/ceip\/?page_id=77"},"modified":"2023-02-21T21:55:23","modified_gmt":"2023-02-21T21:55:23","slug":"secretaria","status":"publish","type":"page","link":"https:\/\/blogsaverroes.juntadeandalucia.es\/ceiplaalmohada\/secretaria\/","title":{"rendered":"Secretar\u00eda"},"content":{"rendered":"<p>Con el objetivo de conseguir una mayor transparencia, agilidad y eficiencia se ha creado este canal de informaci\u00f3n a la comunidad educativa.<strong><br \/>\n<\/strong><\/p>\n<p><strong>HORARIO:<\/strong> <strong>9:00 a 12:00 horas.<\/strong><\/p>\n<p><a href=\"https:\/\/www.juntadeandalucia.es\/temas\/estudiar\/bachillerato\/matriculacion.html#toc-solicitud-de-plaza-y-admisi-n\"><strong>PROCESO DE ADMISI\u00d3N CENTROS P\u00daBLICOS:<\/strong><\/a> <strong>Del 1 al 30 de marzo.<\/strong><\/p>\n<ul>\n<li><strong><a href=\"http:\/\/www.juntadeandalucia.es\/educacion\/portals\/web\/escolarizacion\/infantil-a-bachillerato\/impresos\">IMPRESOS<\/a><\/strong><\/li>\n<\/ul>\n<p><a href=\"https:\/\/www.juntadeandalucia.es\/temas\/estudiar\/bachillerato\/matriculacion.html\"><strong>PROCESO DE MATRICULACION:<\/strong><\/a> <strong>del 1 al 8 de junio.<\/strong><\/p>\n<ul>\n<li><strong><a href=\"http:\/\/www.juntadeandalucia.es\/educacion\/portals\/web\/escolarizacion\/infantil-a-bachillerato\/impresos\">IMPRESOS<\/a><\/strong><\/li>\n<\/ul>\n<p><strong><a href=\"http:\/\/www.juntadeandalucia.es\/educacion\/portals\/web\/ced\/servicios-complementarios\">SOLICITUD DE COMEDOR Y AULA MATINAL<\/a>: del 1 al 8 de Junio<\/strong><\/p>\n<ul>\n<li><strong><a href=\"http:\/\/www.juntadeandalucia.es\/educacion\/portals\/abaco-portlet\/content\/f35ef9ac-4abe-4386-9912-f0514c98320e\">IMPRESO SOLICITUD<\/a><\/strong><\/li>\n<\/ul>\n<p><strong>SOLICITUD BONIFICACI\u00d3N SERVICIOS: Del 1 al 7 de Septiembre<\/strong><\/p>\n<ul>\n<li><a href=\"http:\/\/www.juntadeandalucia.es\/educacion\/portals\/abaco-portlet\/content\/366fa583-9a6b-4c86-992e-be05f3d3a416\"><strong>IMPRESO SOLICITUD<\/strong><\/a><\/li>\n<\/ul>\n","protected":false},"excerpt":{"rendered":"<p>Con el objetivo de conseguir una mayor transparencia, agilidad y eficiencia se ha creado este canal de informaci\u00f3n a la comunidad educativa. HORARIO: 9:00 a 12:00 horas. PROCESO DE ADMISI\u00d3N CENTROS P\u00daBLICOS: Del 1&#46;&#46;&#46;<\/p>\n","protected":false},"author":1,"featured_media":0,"parent":0,"menu_order":0,"comment_status":"closed","ping_status":"open","template":"page-cs.php","meta":{"ngg_post_thumbnail":0,"footnotes":"","_mc_calendar":[]},"aioseo_notices":[],"_links":{"self":[{"href":"https:\/\/blogsaverroes.juntadeandalucia.es\/ceiplaalmohada\/wp-json\/wp\/v2\/pages\/77"}],"collection":[{"href":"https:\/\/blogsaverroes.juntadeandalucia.es\/ceiplaalmohada\/wp-json\/wp\/v2\/pages"}],"about":[{"href":"https:\/\/blogsaverroes.juntadeandalucia.es\/ceiplaalmohada\/wp-json\/wp\/v2\/types\/page"}],"author":[{"embeddable":true,"href":"https:\/\/blogsaverroes.juntadeandalucia.es\/ceiplaalmohada\/wp-json\/wp\/v2\/users\/1"}],"replies":[{"embeddable":true,"href":"https:\/\/blogsaverroes.juntadeandalucia.es\/ceiplaalmohada\/wp-json\/wp\/v2\/comments?post=77"}],"version-history":[{"count":8,"href":"https:\/\/blogsaverroes.juntadeandalucia.es\/ceiplaalmohada\/wp-json\/wp\/v2\/pages\/77\/revisions"}],"predecessor-version":[{"id":2667,"href":"https:\/\/blogsaverroes.juntadeandalucia.es\/ceiplaalmohada\/wp-json\/wp\/v2\/pages\/77\/revisions\/2667"}],"wp:attachment":[{"href":"https:\/\/blogsaverroes.juntadeandalucia.es\/ceiplaalmohada\/wp-json\/wp\/v2\/media?parent=77"}],"curies":[{"name":"wp","href":"https:\/\/api.w.org\/{rel}","templated":true}]}}