{"id":870,"date":"2015-03-16T07:24:27","date_gmt":"2015-03-16T07:24:27","guid":{"rendered":"http:\/\/blogsaverroes.juntadeandalucia.es\/pre\/ceip\/?page_id=103"},"modified":"2019-09-07T00:15:47","modified_gmt":"2019-09-07T00:15:47","slug":"aula-matinal","status":"publish","type":"page","link":"https:\/\/blogsaverroes.juntadeandalucia.es\/ceiplaalmohada\/aula-matinal\/","title":{"rendered":"Aula Matinal"},"content":{"rendered":"<p><a href=\"https:\/\/blogsaverroes.juntadeandalucia.es\/ceiplaalmohada\/files\/2019\/08\/aula-matinal.jpg\"><img loading=\"lazy\" decoding=\"async\" class=\"wp-image-2174 alignleft\" src=\"https:\/\/blogsaverroes.juntadeandalucia.es\/ceiplaalmohada\/files\/2019\/08\/aula-matinal-300x228.jpg\" alt=\"\" width=\"235\" height=\"179\" srcset=\"https:\/\/blogsaverroes.juntadeandalucia.es\/ceiplaalmohada\/files\/2019\/08\/aula-matinal-300x228.jpg 300w, https:\/\/blogsaverroes.juntadeandalucia.es\/ceiplaalmohada\/files\/2019\/08\/aula-matinal-768x585.jpg 768w, https:\/\/blogsaverroes.juntadeandalucia.es\/ceiplaalmohada\/files\/2019\/08\/aula-matinal-1024x780.jpg 1024w, https:\/\/blogsaverroes.juntadeandalucia.es\/ceiplaalmohada\/files\/2019\/08\/aula-matinal-24x18.jpg 24w, https:\/\/blogsaverroes.juntadeandalucia.es\/ceiplaalmohada\/files\/2019\/08\/aula-matinal-36x27.jpg 36w, https:\/\/blogsaverroes.juntadeandalucia.es\/ceiplaalmohada\/files\/2019\/08\/aula-matinal-48x37.jpg 48w, https:\/\/blogsaverroes.juntadeandalucia.es\/ceiplaalmohada\/files\/2019\/08\/aula-matinal.jpg 1170w\" sizes=\"(max-width: 235px) 100vw, 235px\" \/><\/a>Es una actividad promovida por la Junta de Andaluc\u00eda para dar respuesta a la creciente demanda originada por las exigencias laborales de los padres y madres andaluzas, quienes se ven en la necesidad de delegar el cuidado de sus hijos e hijas durante el horario de 7:30 a 9:00 h., momento en el que da comienzo la actividad escolar. Durante este per\u00edodo de tiempo, los ni\u00f1os y ni\u00f1as realizan diversas actividades de car\u00e1cter l\u00fadico y educativo adecuadas a su edad y desarrollo madurativo. Entre otras muchas, se realizan actividades pl\u00e1sticas, dibujo, lectura, psicomotricidad, juegos populares, etc.<\/p>\n<div class=\"inner_cuerpo\">\n<p>La atenci\u00f3n al alumnado de aula matinal se realiza por personal cualificado, entre cuyas funciones est\u00e1n las medidas de vigilancia y atenci\u00f3n educativa que precisen los menores en funci\u00f3n de su edad y necesidades.<\/p>\n<\/div>\n<p>Esta secci\u00f3n servir\u00eda para informar acerca de cuestiones como:<\/p>\n<p><strong><a href=\"http:\/\/www.juntadeandalucia.es\/educacion\/portals\/abaco-portlet\/content\/f35ef9ac-4abe-4386-9912-f0514c98320e\">Solicitud Aula Matinal<\/a><br \/>\n<\/strong><\/p>\n<p><a href=\"http:\/\/www.juntadeandalucia.es\/educacion\/portals\/abaco-portlet\/content\/f35ef9ac-4abe-4386-9912-f0514c98320e\"><strong>Solicitud de Bonificaci\u00f3n<\/strong><\/a><\/p>\n<p><strong>Normativa:<br \/>\n<\/strong><\/p>\n<p><a href=\"http:\/\/www.juntadeandalucia.es\/educacion\/portals\/web\/ced\/aula-matinal\">http:\/\/www.juntadeandalucia.es\/educacion\/portals\/web\/ced\/aula-matinal<\/a><\/p>\n<p><strong>Empresa: <span style=\"color: #ff0000\">AL ALBA<br \/>\n<\/span><\/strong><\/p>\n","protected":false},"excerpt":{"rendered":"<p>Es una actividad promovida por la Junta de Andaluc\u00eda para dar respuesta a la creciente demanda originada por las exigencias laborales de los padres y madres andaluzas, quienes se ven en la necesidad de&#46;&#46;&#46;<\/p>\n","protected":false},"author":1,"featured_media":0,"parent":0,"menu_order":0,"comment_status":"closed","ping_status":"open","template":"page-cs.php","meta":{"ngg_post_thumbnail":0,"footnotes":"","_mc_calendar":[]},"aioseo_notices":[],"_links":{"self":[{"href":"https:\/\/blogsaverroes.juntadeandalucia.es\/ceiplaalmohada\/wp-json\/wp\/v2\/pages\/870"}],"collection":[{"href":"https:\/\/blogsaverroes.juntadeandalucia.es\/ceiplaalmohada\/wp-json\/wp\/v2\/pages"}],"about":[{"href":"https:\/\/blogsaverroes.juntadeandalucia.es\/ceiplaalmohada\/wp-json\/wp\/v2\/types\/page"}],"author":[{"embeddable":true,"href":"https:\/\/blogsaverroes.juntadeandalucia.es\/ceiplaalmohada\/wp-json\/wp\/v2\/users\/1"}],"replies":[{"embeddable":true,"href":"https:\/\/blogsaverroes.juntadeandalucia.es\/ceiplaalmohada\/wp-json\/wp\/v2\/comments?post=870"}],"version-history":[{"count":13,"href":"https:\/\/blogsaverroes.juntadeandalucia.es\/ceiplaalmohada\/wp-json\/wp\/v2\/pages\/870\/revisions"}],"predecessor-version":[{"id":2353,"href":"https:\/\/blogsaverroes.juntadeandalucia.es\/ceiplaalmohada\/wp-json\/wp\/v2\/pages\/870\/revisions\/2353"}],"wp:attachment":[{"href":"https:\/\/blogsaverroes.juntadeandalucia.es\/ceiplaalmohada\/wp-json\/wp\/v2\/media?parent=870"}],"curies":[{"name":"wp","href":"https:\/\/api.w.org\/{rel}","templated":true}]}}