{"id":35,"date":"2015-03-13T08:21:43","date_gmt":"2015-03-13T08:21:43","guid":{"rendered":"http:\/\/blogsaverroes.juntadeandalucia.es\/pre\/ceip\/?page_id=35"},"modified":"2025-02-26T10:52:38","modified_gmt":"2025-02-26T10:52:38","slug":"el-centro-2","status":"publish","type":"page","link":"https:\/\/blogsaverroes.juntadeandalucia.es\/ceiplaatalaya\/el-centro-2\/","title":{"rendered":"Datos del centro"},"content":{"rendered":"<p><iframe loading=\"lazy\" src=\"https:\/\/www.google.com\/maps\/embed?pb=!1m14!1m8!1m3!1d12752.462563523819!2d-2.2051084!3d36.9592949!3m2!1i1024!2i768!4f13.1!3m3!1m2!1s0x0%3A0x79553a47a63e12ef!2sC.E.I.P.%20La%20Atalaya!5e0!3m2!1ses!2ses!4v1605004947758!5m2!1ses!2ses\" width=\"300\" height=\"150\" frameborder=\"0\"><span data-mce-type=\"bookmark\" style=\"width: 0px;overflow: hidden;line-height: 0\" class=\"mce_SELRES_start\">\ufeff<\/span><span data-mce-type=\"bookmark\" style=\"width: 0px;overflow: hidden;line-height: 0\" class=\"mce_SELRES_start\">\ufeff<\/span><\/iframe><\/p>\n<h4>Datos de contacto: CEIP La Atalaya (N\u00edjar)<\/h4>\n<p><strong>Direcci\u00f3n:<\/strong> &nbsp;Calle Zona Escolar, s\/n. 04100. N\u00edjar (Almer\u00eda)<\/p>\n<p><strong>Tel\u00e9fono \/ FAX: <\/strong>950156716 \/ 950156718<\/p>\n<p><strong>Email:<\/strong> 04003275.edu@juntadeandalucia.es<\/p>\n<h4><strong>Horarios<\/strong><\/h4>\n<ul>\n<li>Horario lectivo: de 9:15h a 14:15h.<\/li>\n<li>Horario de entrada al aula matinal: de 7:30h a 9:10h.<\/li>\n<li>Horario de comedor: desde las 14:15 hasta las 15:30h.<\/li>\n<\/ul>\n<h4><strong>Oferta educativa<\/strong><\/h4>\n<ul>\n<li>Segundo ciclo de Educaci\u00f3n Infantil<\/li>\n<li>Educaci\u00f3n Primaria<\/li>\n<li>Educaci\u00f3n B\u00e1sica Especial<\/li>\n<li style=\"list-style-type: none\">\n<ul>\n<li>Educaci\u00f3n especial unidad espec\u00edfica<\/li>\n<li>Educaci\u00f3n especial unidad TEA<\/li>\n<li>Educaci\u00f3n especial apoyo a la integraci\u00f3n<\/li>\n<li>&nbsp;Audici\u00f3n y lenguaje apoyo a la integraci\u00f3n<\/li>\n<\/ul>\n<\/li>\n<\/ul>\n","protected":false},"excerpt":{"rendered":"<p>\ufeff\ufeff Datos de contacto: CEIP La Atalaya (N\u00edjar) Direcci\u00f3n: &nbsp;Calle Zona Escolar, s\/n. 04100. N\u00edjar (Almer\u00eda) Tel\u00e9fono \/ FAX: 950156716 \/ 950156718 Email: 04003275.edu@juntadeandalucia.es Horarios Horario lectivo: de 9:15h a 14:15h. Horario de entrada&#46;&#46;&#46;<\/p>\n","protected":false},"author":1,"featured_media":0,"parent":0,"menu_order":0,"comment_status":"closed","ping_status":"open","template":"page-cs.php","meta":{"ngg_post_thumbnail":0,"footnotes":"","_mc_calendar":[]},"aioseo_notices":[],"_links":{"self":[{"href":"https:\/\/blogsaverroes.juntadeandalucia.es\/ceiplaatalaya\/wp-json\/wp\/v2\/pages\/35"}],"collection":[{"href":"https:\/\/blogsaverroes.juntadeandalucia.es\/ceiplaatalaya\/wp-json\/wp\/v2\/pages"}],"about":[{"href":"https:\/\/blogsaverroes.juntadeandalucia.es\/ceiplaatalaya\/wp-json\/wp\/v2\/types\/page"}],"author":[{"embeddable":true,"href":"https:\/\/blogsaverroes.juntadeandalucia.es\/ceiplaatalaya\/wp-json\/wp\/v2\/users\/1"}],"replies":[{"embeddable":true,"href":"https:\/\/blogsaverroes.juntadeandalucia.es\/ceiplaatalaya\/wp-json\/wp\/v2\/comments?post=35"}],"version-history":[{"count":31,"href":"https:\/\/blogsaverroes.juntadeandalucia.es\/ceiplaatalaya\/wp-json\/wp\/v2\/pages\/35\/revisions"}],"predecessor-version":[{"id":3379,"href":"https:\/\/blogsaverroes.juntadeandalucia.es\/ceiplaatalaya\/wp-json\/wp\/v2\/pages\/35\/revisions\/3379"}],"wp:attachment":[{"href":"https:\/\/blogsaverroes.juntadeandalucia.es\/ceiplaatalaya\/wp-json\/wp\/v2\/media?parent=35"}],"curies":[{"name":"wp","href":"https:\/\/api.w.org\/{rel}","templated":true}]}}