{"id":42,"date":"2015-03-13T08:40:47","date_gmt":"2015-03-13T08:40:47","guid":{"rendered":"http:\/\/blogsaverroes.juntadeandalucia.es\/pre\/ceip\/?page_id=42"},"modified":"2025-02-26T10:55:38","modified_gmt":"2025-02-26T10:55:38","slug":"equipo-directivo","status":"publish","type":"page","link":"https:\/\/blogsaverroes.juntadeandalucia.es\/ceiplaatalaya\/equipo-directivo\/","title":{"rendered":"Equipo directivo"},"content":{"rendered":"<h2 style=\"text-align: center\"><strong>Direcci\u00f3n<\/strong><\/h2>\n<p style=\"text-align: center\">Mar\u00eda Yolanda S\u00e1nchez del \u00c1guila Alascio<\/p>\n<p>&nbsp;<\/p>\n<h2 style=\"text-align: center\"><strong>Jefatura de estudios<\/strong><\/h2>\n<p style=\"text-align: center\">Dar\u00edo Garc\u00eda Rodr\u00edguez<\/p>\n<p>&nbsp;<\/p>\n<h2 style=\"text-align: center\"><strong>Secretar\u00eda<\/strong><\/h2>\n<p style=\"text-align: center\">Jos\u00e9 Domingo Hidalgo Herrera<\/p>\n","protected":false},"excerpt":{"rendered":"<p>Direcci\u00f3n Mar\u00eda Yolanda S\u00e1nchez del \u00c1guila Alascio &nbsp; Jefatura de estudios Dar\u00edo Garc\u00eda Rodr\u00edguez &nbsp; Secretar\u00eda Jos\u00e9 Domingo Hidalgo Herrera<\/p>\n","protected":false},"author":1,"featured_media":0,"parent":0,"menu_order":0,"comment_status":"closed","ping_status":"open","template":"","meta":{"ngg_post_thumbnail":0,"footnotes":"","_mc_calendar":[]},"aioseo_notices":[],"_links":{"self":[{"href":"https:\/\/blogsaverroes.juntadeandalucia.es\/ceiplaatalaya\/wp-json\/wp\/v2\/pages\/42"}],"collection":[{"href":"https:\/\/blogsaverroes.juntadeandalucia.es\/ceiplaatalaya\/wp-json\/wp\/v2\/pages"}],"about":[{"href":"https:\/\/blogsaverroes.juntadeandalucia.es\/ceiplaatalaya\/wp-json\/wp\/v2\/types\/page"}],"author":[{"embeddable":true,"href":"https:\/\/blogsaverroes.juntadeandalucia.es\/ceiplaatalaya\/wp-json\/wp\/v2\/users\/1"}],"replies":[{"embeddable":true,"href":"https:\/\/blogsaverroes.juntadeandalucia.es\/ceiplaatalaya\/wp-json\/wp\/v2\/comments?post=42"}],"version-history":[{"count":8,"href":"https:\/\/blogsaverroes.juntadeandalucia.es\/ceiplaatalaya\/wp-json\/wp\/v2\/pages\/42\/revisions"}],"predecessor-version":[{"id":3380,"href":"https:\/\/blogsaverroes.juntadeandalucia.es\/ceiplaatalaya\/wp-json\/wp\/v2\/pages\/42\/revisions\/3380"}],"wp:attachment":[{"href":"https:\/\/blogsaverroes.juntadeandalucia.es\/ceiplaatalaya\/wp-json\/wp\/v2\/media?parent=42"}],"curies":[{"name":"wp","href":"https:\/\/api.w.org\/{rel}","templated":true}]}}