{"id":872,"date":"2015-03-16T12:50:42","date_gmt":"2015-03-16T12:50:42","guid":{"rendered":"http:\/\/blogsaverroes.juntadeandalucia.es\/pre\/ceip\/?page_id=120"},"modified":"2020-11-30T11:42:30","modified_gmt":"2020-11-30T11:42:30","slug":"contactar","status":"publish","type":"page","link":"https:\/\/blogsaverroes.juntadeandalucia.es\/ceiplaatalaya\/contactar\/","title":{"rendered":"Contactar"},"content":{"rendered":"<p>Los datos de contacto son los siguientes:<\/p>\n<p>&nbsp;<\/p>\n<p><strong>Direcci\u00f3n: <\/strong>Calle Zona Escolar, s\/n. 04100. N\u00edjar (Almer\u00eda)<\/p>\n<p><strong>Tel\u00e9fono: &nbsp; <\/strong>950156716<\/p>\n<p><b>Fax:&nbsp; &nbsp; &nbsp; &nbsp; &nbsp; &nbsp; &nbsp;<\/b>950156718<\/p>\n<p><strong>Email: &nbsp; &nbsp; &nbsp; &nbsp;<\/strong>04003275.edu@juntadeandalucia.es<\/p>\n<p>&nbsp;<\/p>\n<p><strong>Horario de Secretar\u00eda:<\/strong><\/p>\n<p>Lunes a viernes (9.30 horas a 14.00 horas).<\/p>\n<p>&nbsp;<\/p>\n<p><strong>Horario lectivo:<\/strong><\/p>\n<p>Lunes a viernes (9:15 horas a 14:15 horas).<\/p>\n<p>&nbsp;<\/p>\n<p><strong>Horario de tutor\u00eda:<\/strong><\/p>\n<p>Lunes (16:00horas a 17 horas).<\/p>\n","protected":false},"excerpt":{"rendered":"<p>Los datos de contacto son los siguientes: &nbsp; Direcci\u00f3n: Calle Zona Escolar, s\/n. 04100. N\u00edjar (Almer\u00eda) Tel\u00e9fono: &nbsp; 950156716 Fax:&nbsp; &nbsp; &nbsp; &nbsp; &nbsp; &nbsp; &nbsp;950156718 Email: &nbsp; &nbsp; &nbsp; &nbsp;04003275.edu@juntadeandalucia.es &nbsp; Horario de&#46;&#46;&#46;<\/p>\n","protected":false},"author":1,"featured_media":0,"parent":0,"menu_order":0,"comment_status":"closed","ping_status":"open","template":"page-cs.php","meta":{"ngg_post_thumbnail":0,"footnotes":"","_mc_calendar":[]},"aioseo_notices":[],"_links":{"self":[{"href":"https:\/\/blogsaverroes.juntadeandalucia.es\/ceiplaatalaya\/wp-json\/wp\/v2\/pages\/872"}],"collection":[{"href":"https:\/\/blogsaverroes.juntadeandalucia.es\/ceiplaatalaya\/wp-json\/wp\/v2\/pages"}],"about":[{"href":"https:\/\/blogsaverroes.juntadeandalucia.es\/ceiplaatalaya\/wp-json\/wp\/v2\/types\/page"}],"author":[{"embeddable":true,"href":"https:\/\/blogsaverroes.juntadeandalucia.es\/ceiplaatalaya\/wp-json\/wp\/v2\/users\/1"}],"replies":[{"embeddable":true,"href":"https:\/\/blogsaverroes.juntadeandalucia.es\/ceiplaatalaya\/wp-json\/wp\/v2\/comments?post=872"}],"version-history":[{"count":13,"href":"https:\/\/blogsaverroes.juntadeandalucia.es\/ceiplaatalaya\/wp-json\/wp\/v2\/pages\/872\/revisions"}],"predecessor-version":[{"id":2319,"href":"https:\/\/blogsaverroes.juntadeandalucia.es\/ceiplaatalaya\/wp-json\/wp\/v2\/pages\/872\/revisions\/2319"}],"wp:attachment":[{"href":"https:\/\/blogsaverroes.juntadeandalucia.es\/ceiplaatalaya\/wp-json\/wp\/v2\/media?parent=872"}],"curies":[{"name":"wp","href":"https:\/\/api.w.org\/{rel}","templated":true}]}}