{"id":42,"date":"2015-03-13T08:40:47","date_gmt":"2015-03-13T08:40:47","guid":{"rendered":"http:\/\/blogsaverroes.juntadeandalucia.es\/pre\/ceip\/?page_id=42"},"modified":"2025-07-17T16:48:37","modified_gmt":"2025-07-17T16:48:37","slug":"equipo-directivo","status":"publish","type":"page","link":"https:\/\/blogsaverroes.juntadeandalucia.es\/ceiplacampina\/equipo-directivo\/","title":{"rendered":"Equipo directivo"},"content":{"rendered":"<p>&nbsp;<\/p>\n<p><strong>Direcci\u00f3n: <\/strong><strong>M\u00aa Jos\u00e9 Doblas Jim\u00e9nez<\/strong><\/p>\n<p><strong>Jefatura de Estudios: M\u00aa del Carmen Due\u00f1as D\u00edaz<\/strong><\/p>\n<p><strong>Secretar\u00eda: Amparo Mu\u00f1oz Ledesma<\/strong><\/p>\n","protected":false},"excerpt":{"rendered":"<p>&nbsp; Direcci\u00f3n: M\u00aa Jos\u00e9 Doblas Jim\u00e9nez Jefatura de Estudios: M\u00aa del Carmen Due\u00f1as D\u00edaz Secretar\u00eda: Amparo Mu\u00f1oz Ledesma<\/p>\n","protected":false},"author":1,"featured_media":0,"parent":0,"menu_order":0,"comment_status":"closed","ping_status":"open","template":"","meta":{"ngg_post_thumbnail":0,"footnotes":"","_mc_calendar":[]},"aioseo_notices":[],"_links":{"self":[{"href":"https:\/\/blogsaverroes.juntadeandalucia.es\/ceiplacampina\/wp-json\/wp\/v2\/pages\/42"}],"collection":[{"href":"https:\/\/blogsaverroes.juntadeandalucia.es\/ceiplacampina\/wp-json\/wp\/v2\/pages"}],"about":[{"href":"https:\/\/blogsaverroes.juntadeandalucia.es\/ceiplacampina\/wp-json\/wp\/v2\/types\/page"}],"author":[{"embeddable":true,"href":"https:\/\/blogsaverroes.juntadeandalucia.es\/ceiplacampina\/wp-json\/wp\/v2\/users\/1"}],"replies":[{"embeddable":true,"href":"https:\/\/blogsaverroes.juntadeandalucia.es\/ceiplacampina\/wp-json\/wp\/v2\/comments?post=42"}],"version-history":[{"count":8,"href":"https:\/\/blogsaverroes.juntadeandalucia.es\/ceiplacampina\/wp-json\/wp\/v2\/pages\/42\/revisions"}],"predecessor-version":[{"id":3990,"href":"https:\/\/blogsaverroes.juntadeandalucia.es\/ceiplacampina\/wp-json\/wp\/v2\/pages\/42\/revisions\/3990"}],"wp:attachment":[{"href":"https:\/\/blogsaverroes.juntadeandalucia.es\/ceiplacampina\/wp-json\/wp\/v2\/media?parent=42"}],"curies":[{"name":"wp","href":"https:\/\/api.w.org\/{rel}","templated":true}]}}