{"id":77,"date":"2015-03-16T06:54:56","date_gmt":"2015-03-16T06:54:56","guid":{"rendered":"http:\/\/blogsaverroes.juntadeandalucia.es\/pre\/ceip\/?page_id=77"},"modified":"2025-08-08T10:17:50","modified_gmt":"2025-08-08T10:17:50","slug":"secretaria","status":"publish","type":"page","link":"https:\/\/blogsaverroes.juntadeandalucia.es\/ceiplacampina\/secretaria\/","title":{"rendered":"Secretar\u00eda"},"content":{"rendered":"<p><iframe loading=\"lazy\" title=\"Acceso a la Secretar\u00eda Virtual con iANDe\" width=\"500\" height=\"281\" src=\"https:\/\/www.youtube.com\/embed\/p8bqMdBsLd4?start=82&#038;feature=oembed&#038;wmode=opaque\" frameborder=\"0\" allow=\"accelerometer; autoplay; clipboard-write; encrypted-media; gyroscope; picture-in-picture; web-share\" referrerpolicy=\"strict-origin-when-cross-origin\" allowfullscreen><\/iframe><\/p>\n<h1 style=\"text-align: center\"><span style=\"color: #008000\"><b>HORARIO DE SECRETAR\u00cdA CURSO 2025\/2026<\/b><\/span><\/h1>\n<h1 style=\"text-align: center\"><span style=\"color: #008000\">DE LUNES A VIERNES DE 9:30 &nbsp;A 11:30H<\/span><\/h1>\n<h2 style=\"text-align: center\">TEL\u00c9FONOS<\/h2>\n<h2 style=\"text-align: center\">(El \u00fanico n\u00famero que se atiende de forma diaria y permanente durante la jornada lectiva<\/h2>\n<h2 style=\"text-align: center\">es el n\u00famero fijo de secretar\u00eda y el correo electr\u00f3nico)<\/h2>\n<h1 style=\"text-align: center\">&nbsp; &nbsp; &nbsp; &nbsp; &nbsp; &nbsp; <span style=\"color: #800080\"><strong>&nbsp;Secretar\u00eda 951 268 521<\/strong><\/span>&nbsp;<\/h1>\n<h2 style=\"text-align: center\"><span style=\"color: #3366ff\"><strong>&nbsp; &nbsp; &nbsp; &nbsp; &nbsp; &nbsp; &nbsp; 29002125.edu@juntadeandaluc\u00eda.es<\/strong><\/span><\/h2>\n<h2 style=\"text-align: center\">&nbsp;<\/h2>\n<p>&nbsp;<\/p>\n","protected":false},"excerpt":{"rendered":"<p>HORARIO DE SECRETAR\u00cdA CURSO 2025\/2026 DE LUNES A VIERNES DE 9:30 &nbsp;A 11:30H TEL\u00c9FONOS (El \u00fanico n\u00famero que se atiende de forma diaria y permanente durante la jornada lectiva es el n\u00famero fijo de&#46;&#46;&#46;<\/p>\n","protected":false},"author":1,"featured_media":0,"parent":0,"menu_order":0,"comment_status":"closed","ping_status":"open","template":"","meta":{"ngg_post_thumbnail":0,"footnotes":"","_mc_calendar":[]},"aioseo_notices":[],"_links":{"self":[{"href":"https:\/\/blogsaverroes.juntadeandalucia.es\/ceiplacampina\/wp-json\/wp\/v2\/pages\/77"}],"collection":[{"href":"https:\/\/blogsaverroes.juntadeandalucia.es\/ceiplacampina\/wp-json\/wp\/v2\/pages"}],"about":[{"href":"https:\/\/blogsaverroes.juntadeandalucia.es\/ceiplacampina\/wp-json\/wp\/v2\/types\/page"}],"author":[{"embeddable":true,"href":"https:\/\/blogsaverroes.juntadeandalucia.es\/ceiplacampina\/wp-json\/wp\/v2\/users\/1"}],"replies":[{"embeddable":true,"href":"https:\/\/blogsaverroes.juntadeandalucia.es\/ceiplacampina\/wp-json\/wp\/v2\/comments?post=77"}],"version-history":[{"count":11,"href":"https:\/\/blogsaverroes.juntadeandalucia.es\/ceiplacampina\/wp-json\/wp\/v2\/pages\/77\/revisions"}],"predecessor-version":[{"id":4021,"href":"https:\/\/blogsaverroes.juntadeandalucia.es\/ceiplacampina\/wp-json\/wp\/v2\/pages\/77\/revisions\/4021"}],"wp:attachment":[{"href":"https:\/\/blogsaverroes.juntadeandalucia.es\/ceiplacampina\/wp-json\/wp\/v2\/media?parent=77"}],"curies":[{"name":"wp","href":"https:\/\/api.w.org\/{rel}","templated":true}]}}