{"id":80,"date":"2015-03-16T06:57:36","date_gmt":"2015-03-16T06:57:36","guid":{"rendered":"http:\/\/blogsaverroes.juntadeandalucia.es\/pre\/ceip\/?page_id=80"},"modified":"2024-02-07T09:45:33","modified_gmt":"2024-02-07T09:45:33","slug":"curso-escolar","status":"publish","type":"page","link":"https:\/\/blogsaverroes.juntadeandalucia.es\/ceiplacampina\/curso-escolar\/","title":{"rendered":"Curso escolar"},"content":{"rendered":"<h1>1 &#8211; No se puede acompa\u00f1ar a los ni\u00f1os y ni\u00f1as a las clases, solamente las familias de aula espec\u00edfica e infantil 3 a\u00f1os.<\/h1>\n<h1>2 &#8211; Si llegas tarde debes pasar por secretar\u00eda y esperar a que acompa\u00f1en a tu hijo\/a si es de infantil, los de primaria van solos a su clase.<\/h1>\n<h1>3 &#8211; Durante la media hora de recreo no se atiende el portero electr\u00f3nico por motivos de seguridad. Si tienes que recoger a tu hijo\/a hazlo antes de las doce o despu\u00e9s de las doce y media.<\/h1>\n<h1>4 &#8211; Si tienes una urgencia durante esa media hora de recreo tendr\u00e1s que acceder al colegio llamando previamente por tel\u00e9fono.&nbsp; 951 268 520<\/h1>\n<h1>5 &#8211; Si tienes una urgencia tendr\u00e1s que acceder el colegio llamando previamente por tel\u00e9fono. 951 268 520<\/h1>\n<h1>6- Si tienes que dar algo a tu hijo\/a durante el horario lectivo, se retendr\u00e1 en secretar\u00eda hasta que alguien que est\u00e9 disponible pueda llevarlo o avisar para que pasen a recogerlo.<\/h1>\n","protected":false},"excerpt":{"rendered":"<p>1 &#8211; No se puede acompa\u00f1ar a los ni\u00f1os y ni\u00f1as a las clases, solamente las familias de aula espec\u00edfica e infantil 3 a\u00f1os. 2 &#8211; Si llegas tarde debes pasar por secretar\u00eda y&#46;&#46;&#46;<\/p>\n","protected":false},"author":1,"featured_media":0,"parent":0,"menu_order":0,"comment_status":"closed","ping_status":"open","template":"","meta":{"ngg_post_thumbnail":0,"footnotes":"","_mc_calendar":[]},"aioseo_notices":[],"_links":{"self":[{"href":"https:\/\/blogsaverroes.juntadeandalucia.es\/ceiplacampina\/wp-json\/wp\/v2\/pages\/80"}],"collection":[{"href":"https:\/\/blogsaverroes.juntadeandalucia.es\/ceiplacampina\/wp-json\/wp\/v2\/pages"}],"about":[{"href":"https:\/\/blogsaverroes.juntadeandalucia.es\/ceiplacampina\/wp-json\/wp\/v2\/types\/page"}],"author":[{"embeddable":true,"href":"https:\/\/blogsaverroes.juntadeandalucia.es\/ceiplacampina\/wp-json\/wp\/v2\/users\/1"}],"replies":[{"embeddable":true,"href":"https:\/\/blogsaverroes.juntadeandalucia.es\/ceiplacampina\/wp-json\/wp\/v2\/comments?post=80"}],"version-history":[{"count":4,"href":"https:\/\/blogsaverroes.juntadeandalucia.es\/ceiplacampina\/wp-json\/wp\/v2\/pages\/80\/revisions"}],"predecessor-version":[{"id":3672,"href":"https:\/\/blogsaverroes.juntadeandalucia.es\/ceiplacampina\/wp-json\/wp\/v2\/pages\/80\/revisions\/3672"}],"wp:attachment":[{"href":"https:\/\/blogsaverroes.juntadeandalucia.es\/ceiplacampina\/wp-json\/wp\/v2\/media?parent=80"}],"curies":[{"name":"wp","href":"https:\/\/api.w.org\/{rel}","templated":true}]}}