{"id":17,"date":"2020-09-01T17:00:26","date_gmt":"2020-09-01T15:00:26","guid":{"rendered":"https:\/\/blogsaverroes.juntadeandalucia.es\/ceiplacanal\/about-us\/"},"modified":"2025-06-03T14:49:44","modified_gmt":"2025-06-03T12:49:44","slug":"about-us","status":"publish","type":"page","link":"https:\/\/blogsaverroes.juntadeandalucia.es\/ceiplacanal\/","title":{"rendered":"CEIP La Canal"},"content":{"rendered":"<p><span style=\"font-family: helvetica, arial, sans-serif\">El CEIP La Canal, est\u00e1 situado en la localidad de V\u00edcar, en el barrio Congo-Canal. Su oferta educativa es de Educaci\u00f3n Infantil, Educaci\u00f3n Primaria y Primer Ciclo de Educaci\u00f3n Secundaria. En la actualidad el centro consta de 11 unidades y 190 alumnos y alumnas.<\/span><\/p>\n<p><span style=\"font-family: helvetica, arial, sans-serif\"><img loading=\"lazy\" decoding=\"async\" class=\"wp-image-144 aligncenter\" src=\"https:\/\/blogsaverroes.juntadeandalucia.es\/ceiplacanal\/files\/2020\/11\/photo5856961457932055826-300x142.jpg\" alt=\"\" width=\"564\" height=\"267\" srcset=\"https:\/\/blogsaverroes.juntadeandalucia.es\/ceiplacanal\/files\/2020\/11\/photo5856961457932055826-300x142.jpg 300w, https:\/\/blogsaverroes.juntadeandalucia.es\/ceiplacanal\/files\/2020\/11\/photo5856961457932055826-1024x485.jpg 1024w, https:\/\/blogsaverroes.juntadeandalucia.es\/ceiplacanal\/files\/2020\/11\/photo5856961457932055826-768x364.jpg 768w, https:\/\/blogsaverroes.juntadeandalucia.es\/ceiplacanal\/files\/2020\/11\/photo5856961457932055826-520x245.jpg 520w, https:\/\/blogsaverroes.juntadeandalucia.es\/ceiplacanal\/files\/2020\/11\/photo5856961457932055826-720x340.jpg 720w, https:\/\/blogsaverroes.juntadeandalucia.es\/ceiplacanal\/files\/2020\/11\/photo5856961457932055826-24x11.jpg 24w, https:\/\/blogsaverroes.juntadeandalucia.es\/ceiplacanal\/files\/2020\/11\/photo5856961457932055826-36x17.jpg 36w, https:\/\/blogsaverroes.juntadeandalucia.es\/ceiplacanal\/files\/2020\/11\/photo5856961457932055826-48x23.jpg 48w, https:\/\/blogsaverroes.juntadeandalucia.es\/ceiplacanal\/files\/2020\/11\/photo5856961457932055826.jpg 1280w\" sizes=\"(max-width: 564px) 100vw, 564px\" \/><\/span><\/p>\n<p><span style=\"font-family: helvetica, arial, sans-serif\">El Centro fue construido entre los a\u00f1os 1985 y 1986, constaba de 8 unidades y 280 plazas para alumnos y alumnas. Aqu\u00ed podemos ver algunas fotos de la evoluci\u00f3n hist\u00f3rica de nuestro centro. Como veis, no ha cambiado mucho por fuera.<\/span><\/p>\n<p style=\"text-align: center\">&nbsp;<\/p>\n<p>&nbsp;<\/p>\n<div style=\"width: 1920px;\" class=\"wp-video\"><!--[if lt IE 9]><script>document.createElement('video');<\/script><![endif]-->\n<video class=\"wp-video-shortcode\" id=\"video-17-1\" width=\"1920\" height=\"1080\" loop=\"1\" autoplay=\"1\" preload=\"metadata\" controls=\"controls\"><source type=\"video\/mp4\" src=\"https:\/\/blogsaverroes.juntadeandalucia.es\/ceiplacanal\/files\/2023\/09\/Presentacion-Infantil-Colegio-Pastel.mp4?_=1\" \/><a href=\"https:\/\/blogsaverroes.juntadeandalucia.es\/ceiplacanal\/files\/2023\/09\/Presentacion-Infantil-Colegio-Pastel.mp4\">https:\/\/blogsaverroes.juntadeandalucia.es\/ceiplacanal\/files\/2023\/09\/Presentacion-Infantil-Colegio-Pastel.mp4<\/a><\/video><\/div>\n<p>&nbsp;<\/p>\n<p>&nbsp;<\/p>\n<p style=\"text-align: center\"><span style=\"font-family: helvetica, arial, sans-serif\">&nbsp; &nbsp;<span style=\"font-family: impact, sans-serif;font-size: 18pt\">D\u00d3NDE ENCONTRARNOS<\/span><\/span><\/p>\n<p>&nbsp;<\/p>\n<p style=\"text-align: center\"><iframe loading=\"lazy\" src=\"https:\/\/www.google.com\/maps\/embed?pb=!1m18!1m12!1m3!1d3195.8136089936734!2d-2.6710697845671834!3d36.77503867995389!2m3!1f0!2f0!3f0!3m2!1i1024!2i768!4f13.1!3m3!1m2!1s0xd706f12a6d08f6f%3A0x85c0e446c9f1ab58!2sCEIP%20La%20Canal!5e0!3m2!1ses!2ses!4v1667506513353!5m2!1ses!2ses\" width=\"600\" height=\"450\"><\/iframe><\/p>\n","protected":false},"excerpt":{"rendered":"<p>El CEIP La Canal, est\u00e1 situado en la localidad de V\u00edcar, en el barrio Congo-Canal. Su oferta educativa es de Educaci\u00f3n Infantil, Educaci\u00f3n Primaria y Primer Ciclo de Educaci\u00f3n Secundaria. En la actualidad el&#46;&#46;&#46;<\/p>\n","protected":false},"author":1,"featured_media":0,"parent":0,"menu_order":0,"comment_status":"closed","ping_status":"closed","template":"","meta":{"ngg_post_thumbnail":0,"footnotes":""},"aioseo_notices":[],"_links":{"self":[{"href":"https:\/\/blogsaverroes.juntadeandalucia.es\/ceiplacanal\/wp-json\/wp\/v2\/pages\/17"}],"collection":[{"href":"https:\/\/blogsaverroes.juntadeandalucia.es\/ceiplacanal\/wp-json\/wp\/v2\/pages"}],"about":[{"href":"https:\/\/blogsaverroes.juntadeandalucia.es\/ceiplacanal\/wp-json\/wp\/v2\/types\/page"}],"author":[{"embeddable":true,"href":"https:\/\/blogsaverroes.juntadeandalucia.es\/ceiplacanal\/wp-json\/wp\/v2\/users\/1"}],"replies":[{"embeddable":true,"href":"https:\/\/blogsaverroes.juntadeandalucia.es\/ceiplacanal\/wp-json\/wp\/v2\/comments?post=17"}],"version-history":[{"count":16,"href":"https:\/\/blogsaverroes.juntadeandalucia.es\/ceiplacanal\/wp-json\/wp\/v2\/pages\/17\/revisions"}],"predecessor-version":[{"id":1748,"href":"https:\/\/blogsaverroes.juntadeandalucia.es\/ceiplacanal\/wp-json\/wp\/v2\/pages\/17\/revisions\/1748"}],"wp:attachment":[{"href":"https:\/\/blogsaverroes.juntadeandalucia.es\/ceiplacanal\/wp-json\/wp\/v2\/media?parent=17"}],"curies":[{"name":"wp","href":"https:\/\/api.w.org\/{rel}","templated":true}]}}