{"id":2348,"date":"2020-03-22T12:06:46","date_gmt":"2020-03-22T12:06:46","guid":{"rendered":"https:\/\/blogsaverroes.juntadeandalucia.es\/ceiplachanca\/?page_id=2348"},"modified":"2020-03-22T12:12:18","modified_gmt":"2020-03-22T12:12:18","slug":"ed-primaria-3o-ciclo","status":"publish","type":"page","link":"https:\/\/blogsaverroes.juntadeandalucia.es\/ceiplachanca\/ed-primaria-3o-ciclo\/","title":{"rendered":"Ed. Primaria. 3\u00ba ciclo"},"content":{"rendered":"<p><img loading=\"lazy\" decoding=\"async\" class=\"alignleft size-medium wp-image-2353\" src=\"https:\/\/blogsaverroes.juntadeandalucia.es\/ceiplachanca\/files\/2020\/03\/Cuentos-infantiles-para-el-inicio-del-colegio--300x169.jpg\" alt=\"\" width=\"300\" height=\"169\" srcset=\"https:\/\/blogsaverroes.juntadeandalucia.es\/ceiplachanca\/files\/2020\/03\/Cuentos-infantiles-para-el-inicio-del-colegio--300x169.jpg 300w, https:\/\/blogsaverroes.juntadeandalucia.es\/ceiplachanca\/files\/2020\/03\/Cuentos-infantiles-para-el-inicio-del-colegio--768x432.jpg 768w, https:\/\/blogsaverroes.juntadeandalucia.es\/ceiplachanca\/files\/2020\/03\/Cuentos-infantiles-para-el-inicio-del-colegio--1024x576.jpg 1024w, https:\/\/blogsaverroes.juntadeandalucia.es\/ceiplachanca\/files\/2020\/03\/Cuentos-infantiles-para-el-inicio-del-colegio--24x14.jpg 24w, https:\/\/blogsaverroes.juntadeandalucia.es\/ceiplachanca\/files\/2020\/03\/Cuentos-infantiles-para-el-inicio-del-colegio--36x20.jpg 36w, https:\/\/blogsaverroes.juntadeandalucia.es\/ceiplachanca\/files\/2020\/03\/Cuentos-infantiles-para-el-inicio-del-colegio--48x27.jpg 48w, https:\/\/blogsaverroes.juntadeandalucia.es\/ceiplachanca\/files\/2020\/03\/Cuentos-infantiles-para-el-inicio-del-colegio-.jpg 1280w\" sizes=\"(max-width: 300px) 100vw, 300px\" \/>En esta secci\u00f3n podr\u00e9is encontrar informaci\u00f3n, materiales, recursos&#8230; relacionados con el alumnado de 5\u00ba y 6\u00ba curso de Primaria.<\/p>\n<p>Esperamos que os sea \u00fatil.<\/p>\n<p>&nbsp;<\/p>\n<p>&nbsp;<\/p>\n<p>&nbsp;<\/p>\n","protected":false},"excerpt":{"rendered":"<p>En esta secci\u00f3n podr\u00e9is encontrar informaci\u00f3n, materiales, recursos&#8230; relacionados con el alumnado de 5\u00ba y 6\u00ba curso de Primaria. Esperamos que os sea \u00fatil. &nbsp; &nbsp; &nbsp;<\/p>\n","protected":false},"author":3854,"featured_media":0,"parent":0,"menu_order":0,"comment_status":"closed","ping_status":"closed","template":"","meta":{"ngg_post_thumbnail":0,"footnotes":"","_mc_calendar":[]},"aioseo_notices":[],"_links":{"self":[{"href":"https:\/\/blogsaverroes.juntadeandalucia.es\/ceiplachanca\/wp-json\/wp\/v2\/pages\/2348"}],"collection":[{"href":"https:\/\/blogsaverroes.juntadeandalucia.es\/ceiplachanca\/wp-json\/wp\/v2\/pages"}],"about":[{"href":"https:\/\/blogsaverroes.juntadeandalucia.es\/ceiplachanca\/wp-json\/wp\/v2\/types\/page"}],"author":[{"embeddable":true,"href":"https:\/\/blogsaverroes.juntadeandalucia.es\/ceiplachanca\/wp-json\/wp\/v2\/users\/3854"}],"replies":[{"embeddable":true,"href":"https:\/\/blogsaverroes.juntadeandalucia.es\/ceiplachanca\/wp-json\/wp\/v2\/comments?post=2348"}],"version-history":[{"count":3,"href":"https:\/\/blogsaverroes.juntadeandalucia.es\/ceiplachanca\/wp-json\/wp\/v2\/pages\/2348\/revisions"}],"predecessor-version":[{"id":2354,"href":"https:\/\/blogsaverroes.juntadeandalucia.es\/ceiplachanca\/wp-json\/wp\/v2\/pages\/2348\/revisions\/2354"}],"wp:attachment":[{"href":"https:\/\/blogsaverroes.juntadeandalucia.es\/ceiplachanca\/wp-json\/wp\/v2\/media?parent=2348"}],"curies":[{"name":"wp","href":"https:\/\/api.w.org\/{rel}","templated":true}]}}