{"id":2477,"date":"2020-12-11T19:06:37","date_gmt":"2020-12-11T19:06:37","guid":{"rendered":"https:\/\/blogsaverroes.juntadeandalucia.es\/ceiplacruz\/?page_id=2477"},"modified":"2025-10-01T15:29:51","modified_gmt":"2025-10-01T15:29:51","slug":"afa","status":"publish","type":"page","link":"https:\/\/blogsaverroes.juntadeandalucia.es\/ceiplacruz\/afa\/","title":{"rendered":"AFA"},"content":{"rendered":"<p>La junta directiva est\u00e1 formada por los siguientes miembros:<\/p>\n<ul>\n<li>Sonia Cedr\u00f3n Rold\u00e1n (vocal)<\/li>\n<li>M\u00aa Carmen De Haro Melguizo (vocal)<\/li>\n<li>Mar\u00eda Jim\u00e9nez Fajardo (vocal)<\/li>\n<li>Sara L\u00f3pez rodr\u00edguez (vocal)<\/li>\n<li>Antonia P\u00e9rez Chica (vocal)<\/li>\n<li>Melany S\u00e1nchez Haro (vocal)<\/li>\n<li>Montserrat Jim\u00e9nez Urquizar (tesorer\u00eda)<\/li>\n<li>Juan Carlos L\u00f3pez Rodr\u00edguez (Secretar\u00eda)<\/li>\n<li>Silvia Gonz\u00e1lez Molina (vicepresidenta)<\/li>\n<li>Francisco Javier Rebollo Vergara (presidencia)<\/li>\n<\/ul>\n<p>TEL\u00c9FONOS DE CONTACTO: 610610097 (Juan Carlos)&nbsp; 687112233 (Montse)&nbsp; &nbsp;627337369 (To\u00f1i)<\/p>\n<p><a href=\"https:\/\/blogsaverroes.juntadeandalucia.es\/ceiplacruz\/files\/2025\/10\/WhatsApp-Image-2025-09-09-at-11.52.22.jpeg\"><img loading=\"lazy\" decoding=\"async\" class=\"aligncenter size-large wp-image-4869\" src=\"https:\/\/blogsaverroes.juntadeandalucia.es\/ceiplacruz\/files\/2025\/10\/WhatsApp-Image-2025-09-09-at-11.52.22-755x1024.jpeg\" alt=\"\" width=\"755\" height=\"1024\" srcset=\"https:\/\/blogsaverroes.juntadeandalucia.es\/ceiplacruz\/files\/2025\/10\/WhatsApp-Image-2025-09-09-at-11.52.22-755x1024.jpeg 755w, https:\/\/blogsaverroes.juntadeandalucia.es\/ceiplacruz\/files\/2025\/10\/WhatsApp-Image-2025-09-09-at-11.52.22-221x300.jpeg 221w, https:\/\/blogsaverroes.juntadeandalucia.es\/ceiplacruz\/files\/2025\/10\/WhatsApp-Image-2025-09-09-at-11.52.22-768x1042.jpeg 768w, https:\/\/blogsaverroes.juntadeandalucia.es\/ceiplacruz\/files\/2025\/10\/WhatsApp-Image-2025-09-09-at-11.52.22.jpeg 1080w\" sizes=\"(max-width: 755px) 100vw, 755px\" \/><\/a><\/p>\n<p><a href=\"https:\/\/blogsaverroes.juntadeandalucia.es\/ceiplacruz\/files\/2025\/10\/WhatsApp-Image-2025-09-09-at-11.52.23.jpeg\"><img loading=\"lazy\" decoding=\"async\" class=\"aligncenter size-large wp-image-4868\" src=\"https:\/\/blogsaverroes.juntadeandalucia.es\/ceiplacruz\/files\/2025\/10\/WhatsApp-Image-2025-09-09-at-11.52.23-757x1024.jpeg\" alt=\"\" width=\"757\" height=\"1024\" srcset=\"https:\/\/blogsaverroes.juntadeandalucia.es\/ceiplacruz\/files\/2025\/10\/WhatsApp-Image-2025-09-09-at-11.52.23-757x1024.jpeg 757w, https:\/\/blogsaverroes.juntadeandalucia.es\/ceiplacruz\/files\/2025\/10\/WhatsApp-Image-2025-09-09-at-11.52.23-222x300.jpeg 222w, https:\/\/blogsaverroes.juntadeandalucia.es\/ceiplacruz\/files\/2025\/10\/WhatsApp-Image-2025-09-09-at-11.52.23-768x1039.jpeg 768w, https:\/\/blogsaverroes.juntadeandalucia.es\/ceiplacruz\/files\/2025\/10\/WhatsApp-Image-2025-09-09-at-11.52.23.jpeg 1080w\" sizes=\"(max-width: 757px) 100vw, 757px\" \/><\/a><\/p>\n<div style=\"width: 480px;\" class=\"wp-video\"><!--[if lt IE 9]><script>document.createElement('video');<\/script><![endif]-->\n<video class=\"wp-video-shortcode\" id=\"video-2477-1\" width=\"480\" height=\"336\" preload=\"metadata\" controls=\"controls\"><source type=\"video\/mp4\" src=\"https:\/\/blogsaverroes.juntadeandalucia.es\/ceiplacruz\/files\/2024\/09\/Video-de-WhatsApp-2024-09-05-a-las-19.26.41_35285c09.mp4?_=1\" \/><a href=\"https:\/\/blogsaverroes.juntadeandalucia.es\/ceiplacruz\/files\/2024\/09\/Video-de-WhatsApp-2024-09-05-a-las-19.26.41_35285c09.mp4\">https:\/\/blogsaverroes.juntadeandalucia.es\/ceiplacruz\/files\/2024\/09\/Video-de-WhatsApp-2024-09-05-a-las-19.26.41_35285c09.mp4<\/a><\/video><\/div>\n","protected":false},"excerpt":{"rendered":"<p>La junta directiva est\u00e1 formada por los siguientes miembros: Sonia Cedr\u00f3n Rold\u00e1n (vocal) M\u00aa Carmen De Haro Melguizo (vocal) Mar\u00eda Jim\u00e9nez Fajardo (vocal) Sara L\u00f3pez rodr\u00edguez (vocal) Antonia P\u00e9rez Chica (vocal) Melany S\u00e1nchez Haro&#46;&#46;&#46;<\/p>\n","protected":false},"author":11553,"featured_media":0,"parent":0,"menu_order":0,"comment_status":"closed","ping_status":"closed","template":"","meta":{"ngg_post_thumbnail":0,"footnotes":"","_mc_calendar":[]},"aioseo_notices":[],"_links":{"self":[{"href":"https:\/\/blogsaverroes.juntadeandalucia.es\/ceiplacruz\/wp-json\/wp\/v2\/pages\/2477"}],"collection":[{"href":"https:\/\/blogsaverroes.juntadeandalucia.es\/ceiplacruz\/wp-json\/wp\/v2\/pages"}],"about":[{"href":"https:\/\/blogsaverroes.juntadeandalucia.es\/ceiplacruz\/wp-json\/wp\/v2\/types\/page"}],"author":[{"embeddable":true,"href":"https:\/\/blogsaverroes.juntadeandalucia.es\/ceiplacruz\/wp-json\/wp\/v2\/users\/11553"}],"replies":[{"embeddable":true,"href":"https:\/\/blogsaverroes.juntadeandalucia.es\/ceiplacruz\/wp-json\/wp\/v2\/comments?post=2477"}],"version-history":[{"count":8,"href":"https:\/\/blogsaverroes.juntadeandalucia.es\/ceiplacruz\/wp-json\/wp\/v2\/pages\/2477\/revisions"}],"predecessor-version":[{"id":4870,"href":"https:\/\/blogsaverroes.juntadeandalucia.es\/ceiplacruz\/wp-json\/wp\/v2\/pages\/2477\/revisions\/4870"}],"wp:attachment":[{"href":"https:\/\/blogsaverroes.juntadeandalucia.es\/ceiplacruz\/wp-json\/wp\/v2\/media?parent=2477"}],"curies":[{"name":"wp","href":"https:\/\/api.w.org\/{rel}","templated":true}]}}