{"id":35,"date":"2020-11-30T08:21:43","date_gmt":"2020-11-30T08:21:43","guid":{"rendered":"http:\/\/blogsaverroes.juntadeandalucia.es\/pre\/ceip\/?page_id=35"},"modified":"2024-09-14T11:35:26","modified_gmt":"2024-09-14T11:35:26","slug":"el-centro-2","status":"publish","type":"page","link":"https:\/\/blogsaverroes.juntadeandalucia.es\/ceiplacruz\/el-centro-2\/","title":{"rendered":"Datos del centro"},"content":{"rendered":"<p>\u00bfC\u00f3mo llegar?<\/p>\n<p><a href=\"https:\/\/goo.gl\/maps\/K4gpZvVp3usDdffQ7\">https:\/\/goo.gl\/maps\/K4gpZvVp3usDdffQ7<\/a><\/p>\n<h4>Datos de contacto<\/h4>\n<p>Consejer\u00eda de Educaci\u00f3n y Ciencia<\/p>\n<p><strong>Direcci\u00f3n:<\/strong>&nbsp; Avenida Nig\u00fcelas s\/n<\/p>\n<p><strong>Tel\u00e9fono \/ FAX: 958 77 99 39\/ 958 77 99 40<\/strong><br \/>\n<strong>Email:<\/strong> 18601461@g.educaand.es&nbsp; y 18601461.edu@juntadeandalucia.es<\/p>\n<h4><strong>Horarios<\/strong><\/h4>\n<p>9:00-14:00<\/p>\n<p>Plan de Acompa\u00f1amiento escolar (PROA): martes y jueves de 16.00\/18:00<\/p>\n<p>Actividades extraescolares<\/p>\n<ul>\n<li>Ingl\u00e9s (CL)&nbsp;<\/li>\n<li>Rob\u00f3tica<\/li>\n<li>Taller de Arte Creativo<\/li>\n<li>M\u00e1s deporte<\/li>\n<\/ul>\n<h4><strong>Oferta educativa<\/strong><\/h4>\n<p>Educaci\u00f3n Infantil&nbsp;<\/p>\n<p>Educaci\u00f3n Primaria<\/p>\n<h4>Instalaciones<\/h4>\n<p><a href=\"https:\/\/blogsaverroes.juntadeandalucia.es\/ceiplacruz\/files\/2023\/09\/AULA-MATINAL.jpg\"><img loading=\"lazy\" decoding=\"async\" class=\"alignnone size-medium wp-image-3372\" src=\"https:\/\/blogsaverroes.juntadeandalucia.es\/ceiplacruz\/files\/2023\/09\/AULA-MATINAL-300x169.jpg\" alt=\"\" width=\"300\" height=\"169\" srcset=\"https:\/\/blogsaverroes.juntadeandalucia.es\/ceiplacruz\/files\/2023\/09\/AULA-MATINAL-300x169.jpg 300w, https:\/\/blogsaverroes.juntadeandalucia.es\/ceiplacruz\/files\/2023\/09\/AULA-MATINAL-1024x576.jpg 1024w, https:\/\/blogsaverroes.juntadeandalucia.es\/ceiplacruz\/files\/2023\/09\/AULA-MATINAL-768x432.jpg 768w, https:\/\/blogsaverroes.juntadeandalucia.es\/ceiplacruz\/files\/2023\/09\/AULA-MATINAL-1536x864.jpg 1536w, https:\/\/blogsaverroes.juntadeandalucia.es\/ceiplacruz\/files\/2023\/09\/AULA-MATINAL.jpg 1600w\" sizes=\"(max-width: 300px) 100vw, 300px\" \/><\/a>&nbsp; AULA MATINAL<\/p>\n<p><a href=\"https:\/\/blogsaverroes.juntadeandalucia.es\/ceiplacruz\/files\/2023\/09\/20230911_090049-scaled.jpg\"><img loading=\"lazy\" decoding=\"async\" class=\"alignnone size-medium wp-image-3393\" src=\"https:\/\/blogsaverroes.juntadeandalucia.es\/ceiplacruz\/files\/2023\/09\/20230911_090049-300x169.jpg\" alt=\"\" width=\"300\" height=\"169\" srcset=\"https:\/\/blogsaverroes.juntadeandalucia.es\/ceiplacruz\/files\/2023\/09\/20230911_090049-300x169.jpg 300w, https:\/\/blogsaverroes.juntadeandalucia.es\/ceiplacruz\/files\/2023\/09\/20230911_090049-1024x577.jpg 1024w, https:\/\/blogsaverroes.juntadeandalucia.es\/ceiplacruz\/files\/2023\/09\/20230911_090049-768x432.jpg 768w, https:\/\/blogsaverroes.juntadeandalucia.es\/ceiplacruz\/files\/2023\/09\/20230911_090049-1536x865.jpg 1536w, https:\/\/blogsaverroes.juntadeandalucia.es\/ceiplacruz\/files\/2023\/09\/20230911_090049-2048x1153.jpg 2048w, https:\/\/blogsaverroes.juntadeandalucia.es\/ceiplacruz\/files\/2023\/09\/20230911_090049-scaled.jpg 1600w\" sizes=\"(max-width: 300px) 100vw, 300px\" \/><\/a> <a href=\"https:\/\/blogsaverroes.juntadeandalucia.es\/ceiplacruz\/files\/2023\/09\/20230911_090057-scaled.jpg\"><img loading=\"lazy\" decoding=\"async\" class=\"alignnone size-medium wp-image-3394\" src=\"https:\/\/blogsaverroes.juntadeandalucia.es\/ceiplacruz\/files\/2023\/09\/20230911_090057-300x169.jpg\" alt=\"\" width=\"300\" height=\"169\" srcset=\"https:\/\/blogsaverroes.juntadeandalucia.es\/ceiplacruz\/files\/2023\/09\/20230911_090057-300x169.jpg 300w, https:\/\/blogsaverroes.juntadeandalucia.es\/ceiplacruz\/files\/2023\/09\/20230911_090057-1024x577.jpg 1024w, https:\/\/blogsaverroes.juntadeandalucia.es\/ceiplacruz\/files\/2023\/09\/20230911_090057-768x432.jpg 768w, https:\/\/blogsaverroes.juntadeandalucia.es\/ceiplacruz\/files\/2023\/09\/20230911_090057-1536x865.jpg 1536w, https:\/\/blogsaverroes.juntadeandalucia.es\/ceiplacruz\/files\/2023\/09\/20230911_090057-2048x1153.jpg 2048w, https:\/\/blogsaverroes.juntadeandalucia.es\/ceiplacruz\/files\/2023\/09\/20230911_090057-scaled.jpg 1600w\" sizes=\"(max-width: 300px) 100vw, 300px\" \/> &nbsp; &nbsp; &nbsp;<\/a>COMEDOR<\/p>\n<p>&nbsp;<\/p>\n<p><a href=\"https:\/\/blogsaverroes.juntadeandalucia.es\/ceiplacruz\/files\/2022\/09\/20220926_103519-scaled.jpg\"><img loading=\"lazy\" decoding=\"async\" class=\"alignnone wp-image-2936 size-medium\" src=\"https:\/\/blogsaverroes.juntadeandalucia.es\/ceiplacruz\/files\/2022\/09\/20220926_103519-300x169.jpg\" alt=\"\" width=\"300\" height=\"169\" srcset=\"https:\/\/blogsaverroes.juntadeandalucia.es\/ceiplacruz\/files\/2022\/09\/20220926_103519-300x169.jpg 300w, https:\/\/blogsaverroes.juntadeandalucia.es\/ceiplacruz\/files\/2022\/09\/20220926_103519-1024x577.jpg 1024w, https:\/\/blogsaverroes.juntadeandalucia.es\/ceiplacruz\/files\/2022\/09\/20220926_103519-768x432.jpg 768w, https:\/\/blogsaverroes.juntadeandalucia.es\/ceiplacruz\/files\/2022\/09\/20220926_103519-1536x865.jpg 1536w, https:\/\/blogsaverroes.juntadeandalucia.es\/ceiplacruz\/files\/2022\/09\/20220926_103519-2048x1153.jpg 2048w, https:\/\/blogsaverroes.juntadeandalucia.es\/ceiplacruz\/files\/2022\/09\/20220926_103519-scaled.jpg 1600w\" sizes=\"(max-width: 300px) 100vw, 300px\" \/><\/a><a href=\"https:\/\/blogsaverroes.juntadeandalucia.es\/ceiplacruz\/files\/2022\/09\/20220926_103524-scaled.jpg\"><img loading=\"lazy\" decoding=\"async\" class=\"alignnone size-medium wp-image-2937\" src=\"https:\/\/blogsaverroes.juntadeandalucia.es\/ceiplacruz\/files\/2022\/09\/20220926_103524-300x169.jpg\" alt=\"\" width=\"300\" height=\"169\" srcset=\"https:\/\/blogsaverroes.juntadeandalucia.es\/ceiplacruz\/files\/2022\/09\/20220926_103524-300x169.jpg 300w, https:\/\/blogsaverroes.juntadeandalucia.es\/ceiplacruz\/files\/2022\/09\/20220926_103524-1024x577.jpg 1024w, https:\/\/blogsaverroes.juntadeandalucia.es\/ceiplacruz\/files\/2022\/09\/20220926_103524-768x432.jpg 768w, https:\/\/blogsaverroes.juntadeandalucia.es\/ceiplacruz\/files\/2022\/09\/20220926_103524-1536x865.jpg 1536w, https:\/\/blogsaverroes.juntadeandalucia.es\/ceiplacruz\/files\/2022\/09\/20220926_103524-2048x1153.jpg 2048w, https:\/\/blogsaverroes.juntadeandalucia.es\/ceiplacruz\/files\/2022\/09\/20220926_103524-scaled.jpg 1600w\" sizes=\"(max-width: 300px) 100vw, 300px\" \/><\/a><a href=\"https:\/\/blogsaverroes.juntadeandalucia.es\/ceiplacruz\/files\/2022\/09\/20220926_103512-scaled.jpg\"><img loading=\"lazy\" decoding=\"async\" class=\"alignnone size-medium wp-image-2938\" src=\"https:\/\/blogsaverroes.juntadeandalucia.es\/ceiplacruz\/files\/2022\/09\/20220926_103512-300x169.jpg\" alt=\"\" width=\"300\" height=\"169\" srcset=\"https:\/\/blogsaverroes.juntadeandalucia.es\/ceiplacruz\/files\/2022\/09\/20220926_103512-300x169.jpg 300w, https:\/\/blogsaverroes.juntadeandalucia.es\/ceiplacruz\/files\/2022\/09\/20220926_103512-1024x577.jpg 1024w, https:\/\/blogsaverroes.juntadeandalucia.es\/ceiplacruz\/files\/2022\/09\/20220926_103512-768x432.jpg 768w, https:\/\/blogsaverroes.juntadeandalucia.es\/ceiplacruz\/files\/2022\/09\/20220926_103512-1536x865.jpg 1536w, https:\/\/blogsaverroes.juntadeandalucia.es\/ceiplacruz\/files\/2022\/09\/20220926_103512-2048x1153.jpg 2048w, https:\/\/blogsaverroes.juntadeandalucia.es\/ceiplacruz\/files\/2022\/09\/20220926_103512-scaled.jpg 1600w\" sizes=\"(max-width: 300px) 100vw, 300px\" \/>&nbsp; &nbsp; &nbsp; &nbsp;BIBLIOTECA<\/a><\/p>\n<p>&nbsp;<\/p>\n<p>&nbsp;<\/p>\n<p><a href=\"https:\/\/blogsaverroes.juntadeandalucia.es\/ceiplacruz\/files\/2022\/09\/20220926_185737-scaled.jpg\"><img loading=\"lazy\" decoding=\"async\" class=\"alignnone wp-image-2940 size-medium\" src=\"https:\/\/blogsaverroes.juntadeandalucia.es\/ceiplacruz\/files\/2022\/09\/20220926_185737-300x169.jpg\" alt=\"\" width=\"300\" height=\"169\" srcset=\"https:\/\/blogsaverroes.juntadeandalucia.es\/ceiplacruz\/files\/2022\/09\/20220926_185737-300x169.jpg 300w, https:\/\/blogsaverroes.juntadeandalucia.es\/ceiplacruz\/files\/2022\/09\/20220926_185737-1024x577.jpg 1024w, https:\/\/blogsaverroes.juntadeandalucia.es\/ceiplacruz\/files\/2022\/09\/20220926_185737-768x432.jpg 768w, https:\/\/blogsaverroes.juntadeandalucia.es\/ceiplacruz\/files\/2022\/09\/20220926_185737-1536x865.jpg 1536w, https:\/\/blogsaverroes.juntadeandalucia.es\/ceiplacruz\/files\/2022\/09\/20220926_185737-2048x1153.jpg 2048w, https:\/\/blogsaverroes.juntadeandalucia.es\/ceiplacruz\/files\/2022\/09\/20220926_185737-scaled.jpg 1600w\" sizes=\"(max-width: 300px) 100vw, 300px\" \/><\/a><a href=\"https:\/\/blogsaverroes.juntadeandalucia.es\/ceiplacruz\/files\/2022\/09\/20220926_185746-scaled.jpg\"><img loading=\"lazy\" decoding=\"async\" class=\"alignnone size-medium wp-image-2943\" src=\"https:\/\/blogsaverroes.juntadeandalucia.es\/ceiplacruz\/files\/2022\/09\/20220926_185746-300x169.jpg\" alt=\"\" width=\"300\" height=\"169\" srcset=\"https:\/\/blogsaverroes.juntadeandalucia.es\/ceiplacruz\/files\/2022\/09\/20220926_185746-300x169.jpg 300w, https:\/\/blogsaverroes.juntadeandalucia.es\/ceiplacruz\/files\/2022\/09\/20220926_185746-1024x577.jpg 1024w, https:\/\/blogsaverroes.juntadeandalucia.es\/ceiplacruz\/files\/2022\/09\/20220926_185746-768x432.jpg 768w, https:\/\/blogsaverroes.juntadeandalucia.es\/ceiplacruz\/files\/2022\/09\/20220926_185746-1536x865.jpg 1536w, https:\/\/blogsaverroes.juntadeandalucia.es\/ceiplacruz\/files\/2022\/09\/20220926_185746-2048x1153.jpg 2048w, https:\/\/blogsaverroes.juntadeandalucia.es\/ceiplacruz\/files\/2022\/09\/20220926_185746-scaled.jpg 1600w\" sizes=\"(max-width: 300px) 100vw, 300px\" \/>&nbsp; GIMNASIO&nbsp;<\/a><\/p>\n<p>&nbsp;<\/p>\n<p><a href=\"https:\/\/blogsaverroes.juntadeandalucia.es\/ceiplacruz\/files\/2022\/09\/20220926_103221-scaled.jpg\"><img loading=\"lazy\" decoding=\"async\" class=\"alignnone size-medium wp-image-2944\" src=\"https:\/\/blogsaverroes.juntadeandalucia.es\/ceiplacruz\/files\/2022\/09\/20220926_103221-300x169.jpg\" alt=\"\" width=\"300\" height=\"169\" srcset=\"https:\/\/blogsaverroes.juntadeandalucia.es\/ceiplacruz\/files\/2022\/09\/20220926_103221-300x169.jpg 300w, https:\/\/blogsaverroes.juntadeandalucia.es\/ceiplacruz\/files\/2022\/09\/20220926_103221-1024x577.jpg 1024w, https:\/\/blogsaverroes.juntadeandalucia.es\/ceiplacruz\/files\/2022\/09\/20220926_103221-768x432.jpg 768w, https:\/\/blogsaverroes.juntadeandalucia.es\/ceiplacruz\/files\/2022\/09\/20220926_103221-1536x865.jpg 1536w, https:\/\/blogsaverroes.juntadeandalucia.es\/ceiplacruz\/files\/2022\/09\/20220926_103221-2048x1153.jpg 2048w, https:\/\/blogsaverroes.juntadeandalucia.es\/ceiplacruz\/files\/2022\/09\/20220926_103221-scaled.jpg 1600w\" sizes=\"(max-width: 300px) 100vw, 300px\" \/><\/a> <a href=\"https:\/\/blogsaverroes.juntadeandalucia.es\/ceiplacruz\/files\/2022\/09\/20220926_103228-scaled.jpg\"><img loading=\"lazy\" decoding=\"async\" class=\"alignnone size-medium wp-image-2945\" src=\"https:\/\/blogsaverroes.juntadeandalucia.es\/ceiplacruz\/files\/2022\/09\/20220926_103228-300x169.jpg\" alt=\"\" width=\"300\" height=\"169\" srcset=\"https:\/\/blogsaverroes.juntadeandalucia.es\/ceiplacruz\/files\/2022\/09\/20220926_103228-300x169.jpg 300w, https:\/\/blogsaverroes.juntadeandalucia.es\/ceiplacruz\/files\/2022\/09\/20220926_103228-1024x577.jpg 1024w, https:\/\/blogsaverroes.juntadeandalucia.es\/ceiplacruz\/files\/2022\/09\/20220926_103228-768x432.jpg 768w, https:\/\/blogsaverroes.juntadeandalucia.es\/ceiplacruz\/files\/2022\/09\/20220926_103228-1536x865.jpg 1536w, https:\/\/blogsaverroes.juntadeandalucia.es\/ceiplacruz\/files\/2022\/09\/20220926_103228-2048x1153.jpg 2048w, https:\/\/blogsaverroes.juntadeandalucia.es\/ceiplacruz\/files\/2022\/09\/20220926_103228-scaled.jpg 1600w\" sizes=\"(max-width: 300px) 100vw, 300px\" \/>&nbsp; &nbsp; PISTA POLIDEPORTIVA Y LIBROS AL SOL<\/a><\/p>\n<p>&nbsp;&nbsp; <a href=\"https:\/\/blogsaverroes.juntadeandalucia.es\/ceiplacruz\/files\/2022\/09\/20220926_103327-scaled.jpg\"><img loading=\"lazy\" decoding=\"async\" class=\"alignnone size-medium wp-image-2941\" src=\"https:\/\/blogsaverroes.juntadeandalucia.es\/ceiplacruz\/files\/2022\/09\/20220926_103327-300x169.jpg\" alt=\"\" width=\"300\" height=\"169\" srcset=\"https:\/\/blogsaverroes.juntadeandalucia.es\/ceiplacruz\/files\/2022\/09\/20220926_103327-300x169.jpg 300w, https:\/\/blogsaverroes.juntadeandalucia.es\/ceiplacruz\/files\/2022\/09\/20220926_103327-1024x577.jpg 1024w, https:\/\/blogsaverroes.juntadeandalucia.es\/ceiplacruz\/files\/2022\/09\/20220926_103327-768x432.jpg 768w, https:\/\/blogsaverroes.juntadeandalucia.es\/ceiplacruz\/files\/2022\/09\/20220926_103327-1536x865.jpg 1536w, https:\/\/blogsaverroes.juntadeandalucia.es\/ceiplacruz\/files\/2022\/09\/20220926_103327-2048x1153.jpg 2048w, https:\/\/blogsaverroes.juntadeandalucia.es\/ceiplacruz\/files\/2022\/09\/20220926_103327-scaled.jpg 1600w\" sizes=\"(max-width: 300px) 100vw, 300px\" \/>&nbsp; &nbsp;SALA DE INFORM\u00c1TICA<\/a><\/p>\n<p><a href=\"https:\/\/blogsaverroes.juntadeandalucia.es\/ceiplacruz\/files\/2022\/09\/20220926_103252-scaled.jpg\"><img loading=\"lazy\" decoding=\"async\" class=\"alignnone size-medium wp-image-2946\" src=\"https:\/\/blogsaverroes.juntadeandalucia.es\/ceiplacruz\/files\/2022\/09\/20220926_103252-300x169.jpg\" alt=\"\" width=\"300\" height=\"169\" srcset=\"https:\/\/blogsaverroes.juntadeandalucia.es\/ceiplacruz\/files\/2022\/09\/20220926_103252-300x169.jpg 300w, https:\/\/blogsaverroes.juntadeandalucia.es\/ceiplacruz\/files\/2022\/09\/20220926_103252-1024x577.jpg 1024w, https:\/\/blogsaverroes.juntadeandalucia.es\/ceiplacruz\/files\/2022\/09\/20220926_103252-768x432.jpg 768w, https:\/\/blogsaverroes.juntadeandalucia.es\/ceiplacruz\/files\/2022\/09\/20220926_103252-1536x865.jpg 1536w, https:\/\/blogsaverroes.juntadeandalucia.es\/ceiplacruz\/files\/2022\/09\/20220926_103252-2048x1153.jpg 2048w, https:\/\/blogsaverroes.juntadeandalucia.es\/ceiplacruz\/files\/2022\/09\/20220926_103252-scaled.jpg 1600w\" sizes=\"(max-width: 300px) 100vw, 300px\" \/>&nbsp; &nbsp; SAL\u00d3N DE ACTOS<\/a><\/p>\n","protected":false},"excerpt":{"rendered":"<p>\u00bfC\u00f3mo llegar? https:\/\/goo.gl\/maps\/K4gpZvVp3usDdffQ7 Datos de contacto Consejer\u00eda de Educaci\u00f3n y Ciencia Direcci\u00f3n:&nbsp; Avenida Nig\u00fcelas s\/n Tel\u00e9fono \/ FAX: 958 77 99 39\/ 958 77 99 40 Email: 18601461@g.educaand.es&nbsp; y 18601461.edu@juntadeandalucia.es Horarios 9:00-14:00 Plan de&#46;&#46;&#46;<\/p>\n","protected":false},"author":11553,"featured_media":0,"parent":0,"menu_order":0,"comment_status":"open","ping_status":"closed","template":"","meta":{"ngg_post_thumbnail":0,"footnotes":"","_mc_calendar":[]},"aioseo_notices":[],"_links":{"self":[{"href":"https:\/\/blogsaverroes.juntadeandalucia.es\/ceiplacruz\/wp-json\/wp\/v2\/pages\/35"}],"collection":[{"href":"https:\/\/blogsaverroes.juntadeandalucia.es\/ceiplacruz\/wp-json\/wp\/v2\/pages"}],"about":[{"href":"https:\/\/blogsaverroes.juntadeandalucia.es\/ceiplacruz\/wp-json\/wp\/v2\/types\/page"}],"author":[{"embeddable":true,"href":"https:\/\/blogsaverroes.juntadeandalucia.es\/ceiplacruz\/wp-json\/wp\/v2\/users\/11553"}],"replies":[{"embeddable":true,"href":"https:\/\/blogsaverroes.juntadeandalucia.es\/ceiplacruz\/wp-json\/wp\/v2\/comments?post=35"}],"version-history":[{"count":31,"href":"https:\/\/blogsaverroes.juntadeandalucia.es\/ceiplacruz\/wp-json\/wp\/v2\/pages\/35\/revisions"}],"predecessor-version":[{"id":4152,"href":"https:\/\/blogsaverroes.juntadeandalucia.es\/ceiplacruz\/wp-json\/wp\/v2\/pages\/35\/revisions\/4152"}],"wp:attachment":[{"href":"https:\/\/blogsaverroes.juntadeandalucia.es\/ceiplacruz\/wp-json\/wp\/v2\/media?parent=35"}],"curies":[{"name":"wp","href":"https:\/\/api.w.org\/{rel}","templated":true}]}}