{"id":4074,"date":"2024-08-16T11:00:04","date_gmt":"2024-08-16T11:00:04","guid":{"rendered":"https:\/\/blogsaverroes.juntadeandalucia.es\/ceiplacruz\/?page_id=4074"},"modified":"2024-09-03T18:36:53","modified_gmt":"2024-09-03T18:36:53","slug":"profesorado","status":"publish","type":"page","link":"https:\/\/blogsaverroes.juntadeandalucia.es\/ceiplacruz\/profesorado\/","title":{"rendered":"Profesorado"},"content":{"rendered":"<p style=\"text-align: center\"><img loading=\"lazy\" decoding=\"async\" class=\"wp-image-4114 aligncenter\" src=\"https:\/\/blogsaverroes.juntadeandalucia.es\/ceiplacruz\/files\/2024\/09\/claustro-24-25-300x225.jpg\" alt=\"\" width=\"657\" height=\"493\" srcset=\"https:\/\/blogsaverroes.juntadeandalucia.es\/ceiplacruz\/files\/2024\/09\/claustro-24-25-300x225.jpg 300w, https:\/\/blogsaverroes.juntadeandalucia.es\/ceiplacruz\/files\/2024\/09\/claustro-24-25-1024x768.jpg 1024w, https:\/\/blogsaverroes.juntadeandalucia.es\/ceiplacruz\/files\/2024\/09\/claustro-24-25-768x576.jpg 768w, https:\/\/blogsaverroes.juntadeandalucia.es\/ceiplacruz\/files\/2024\/09\/claustro-24-25-1536x1152.jpg 1536w, https:\/\/blogsaverroes.juntadeandalucia.es\/ceiplacruz\/files\/2024\/09\/claustro-24-25.jpg 1600w\" sizes=\"(max-width: 657px) 100vw, 657px\" \/>Alguacil Nievas, Magdalena-Docente de Religi\u00f3n<br \/>\nCastro Garc\u00eda, Mar\u00eda Carmen- Especialista de educaci\u00f3n F\u00edsica<br \/>\nFernandez Mu\u00f1oz, Jos\u00e9 Miguel-Especialista de educaci\u00f3n F\u00edsica<br \/>\nFernandez Raboso, Beatriz- Docente Pedagog\u00eda Terap\u00e9utica<br \/>\nJim\u00e9nez Garc\u00eda, M\u00f3nica- Docente Educaci\u00f3n Infantil<br \/>\nL\u00f3pez Maroto, Mar\u00eda Aurora- Docente de Educaci\u00f3n Primaria<br \/>\nMart\u00edn Tejeda, Ver\u00f3nica- Especialista de Lengua Extranjera Ingl\u00e9s<br \/>\nMelguizo Madrid, Mar\u00eda del Carmen- Docente de Educaci\u00f3n Primaria<br \/>\nMelguizo N\u00fa\u00f1ez, Lydia- Docente de Educaci\u00f3n Infantil<br \/>\nOliver Guti\u00e9rrez, Carolina- Especialista Lengua Extranjera Franc\u00e9s<br \/>\nOsuna Raya, Mar\u00eda Raquel- Docente Educaci\u00f3n Primaria<br \/>\nPadial Mart\u00edn, V\u00edctor Manuel- Especialista de M\u00fasica<br \/>\nP\u00e9rez Navarro, Mar\u00eda Mercedes- Especialista de Lengua Extranjera Ingl\u00e9s<br \/>\nP\u00e9rez Rodr\u00edguez, Antonia- Docente de Educaci\u00f3n Primaria<br \/>\nRamos Espejo, Antonio David- Docente Pedagog\u00eda Terap\u00e9utica<br \/>\nRobles Ferrer, Albertina- Docente Educaci\u00f3n Primaria<br \/>\nRodr\u00edguez S\u00e1nchez, Francisco-Docente de Religi\u00f3n<br \/>\nRuiz Quir\u00f3s, Mar\u00eda Isabel- Docente Audici\u00f3n y Lenguaje<br \/>\nS\u00e1nchez Santiago, Mar\u00eda Jos\u00e9- Docente de Educaci\u00f3n Infantil<\/p>\n","protected":false},"excerpt":{"rendered":"<p>Alguacil Nievas, Magdalena-Docente de Religi\u00f3n Castro Garc\u00eda, Mar\u00eda Carmen- Especialista de educaci\u00f3n F\u00edsica Fernandez Mu\u00f1oz, Jos\u00e9 Miguel-Especialista de educaci\u00f3n F\u00edsica Fernandez Raboso, Beatriz- Docente Pedagog\u00eda Terap\u00e9utica Jim\u00e9nez Garc\u00eda, M\u00f3nica- Docente Educaci\u00f3n Infantil L\u00f3pez Maroto,&#46;&#46;&#46;<\/p>\n","protected":false},"author":11553,"featured_media":0,"parent":0,"menu_order":0,"comment_status":"closed","ping_status":"closed","template":"","meta":{"ngg_post_thumbnail":0,"footnotes":"","_mc_calendar":[]},"aioseo_notices":[],"_links":{"self":[{"href":"https:\/\/blogsaverroes.juntadeandalucia.es\/ceiplacruz\/wp-json\/wp\/v2\/pages\/4074"}],"collection":[{"href":"https:\/\/blogsaverroes.juntadeandalucia.es\/ceiplacruz\/wp-json\/wp\/v2\/pages"}],"about":[{"href":"https:\/\/blogsaverroes.juntadeandalucia.es\/ceiplacruz\/wp-json\/wp\/v2\/types\/page"}],"author":[{"embeddable":true,"href":"https:\/\/blogsaverroes.juntadeandalucia.es\/ceiplacruz\/wp-json\/wp\/v2\/users\/11553"}],"replies":[{"embeddable":true,"href":"https:\/\/blogsaverroes.juntadeandalucia.es\/ceiplacruz\/wp-json\/wp\/v2\/comments?post=4074"}],"version-history":[{"count":3,"href":"https:\/\/blogsaverroes.juntadeandalucia.es\/ceiplacruz\/wp-json\/wp\/v2\/pages\/4074\/revisions"}],"predecessor-version":[{"id":4116,"href":"https:\/\/blogsaverroes.juntadeandalucia.es\/ceiplacruz\/wp-json\/wp\/v2\/pages\/4074\/revisions\/4116"}],"wp:attachment":[{"href":"https:\/\/blogsaverroes.juntadeandalucia.es\/ceiplacruz\/wp-json\/wp\/v2\/media?parent=4074"}],"curies":[{"name":"wp","href":"https:\/\/api.w.org\/{rel}","templated":true}]}}