{"id":42,"date":"2020-11-30T08:40:47","date_gmt":"2020-11-30T08:40:47","guid":{"rendered":"http:\/\/blogsaverroes.juntadeandalucia.es\/pre\/ceip\/?page_id=42"},"modified":"2025-09-09T17:58:55","modified_gmt":"2025-09-09T17:58:55","slug":"equipo-directivo","status":"publish","type":"page","link":"https:\/\/blogsaverroes.juntadeandalucia.es\/ceiplacruz\/equipo-directivo\/","title":{"rendered":"Equipo directivo"},"content":{"rendered":"<p>&nbsp;<\/p>\n<p style=\"text-align: center\"><strong>Direcci\u00f3n: M\u00aa Carmen Castro Garc\u00eda<\/strong><\/p>\n<p style=\"text-align: center\">Correo: mcasgar729@g.educaand.es<\/p>\n<p style=\"text-align: center\"><strong>Jefatura de estudios: Antonia P\u00e9rez Rodr\u00edguez<\/strong><\/p>\n<p style=\"text-align: center\">Correo: aperrod471@g.educaand.es<\/p>\n<p style=\"text-align: center\"><strong>Secretar\u00eda: Raquel Osuna Raya<\/strong><\/p>\n<p style=\"text-align: center\">Correo: mosuray041@g.educaand.es<\/p>\n<p><a href=\"https:\/\/blogsaverroes.juntadeandalucia.es\/ceiplacruz\/files\/2023\/05\/Sin-t\u00edtulo.png\"><img loading=\"lazy\" decoding=\"async\" class=\"alignnone wp-image-3280\" src=\"https:\/\/blogsaverroes.juntadeandalucia.es\/ceiplacruz\/files\/2023\/05\/Sin-t\u00edtulo-300x210.png\" alt=\"\" width=\"1000\" height=\"700\" srcset=\"https:\/\/blogsaverroes.juntadeandalucia.es\/ceiplacruz\/files\/2023\/05\/Sin-t\u00edtulo-300x210.png 300w, https:\/\/blogsaverroes.juntadeandalucia.es\/ceiplacruz\/files\/2023\/05\/Sin-t\u00edtulo-1536x1073.png 1536w\" sizes=\"(max-width: 1000px) 100vw, 1000px\" \/><\/a><\/p>\n","protected":false},"excerpt":{"rendered":"<p>&nbsp; Direcci\u00f3n: M\u00aa Carmen Castro Garc\u00eda Correo: mcasgar729@g.educaand.es Jefatura de estudios: Antonia P\u00e9rez Rodr\u00edguez Correo: aperrod471@g.educaand.es Secretar\u00eda: Raquel Osuna Raya Correo: mosuray041@g.educaand.es<\/p>\n","protected":false},"author":11553,"featured_media":0,"parent":0,"menu_order":0,"comment_status":"open","ping_status":"closed","template":"page-templates\/child-menu.php","meta":{"ngg_post_thumbnail":0,"footnotes":"","_mc_calendar":[]},"aioseo_notices":[],"_links":{"self":[{"href":"https:\/\/blogsaverroes.juntadeandalucia.es\/ceiplacruz\/wp-json\/wp\/v2\/pages\/42"}],"collection":[{"href":"https:\/\/blogsaverroes.juntadeandalucia.es\/ceiplacruz\/wp-json\/wp\/v2\/pages"}],"about":[{"href":"https:\/\/blogsaverroes.juntadeandalucia.es\/ceiplacruz\/wp-json\/wp\/v2\/types\/page"}],"author":[{"embeddable":true,"href":"https:\/\/blogsaverroes.juntadeandalucia.es\/ceiplacruz\/wp-json\/wp\/v2\/users\/11553"}],"replies":[{"embeddable":true,"href":"https:\/\/blogsaverroes.juntadeandalucia.es\/ceiplacruz\/wp-json\/wp\/v2\/comments?post=42"}],"version-history":[{"count":10,"href":"https:\/\/blogsaverroes.juntadeandalucia.es\/ceiplacruz\/wp-json\/wp\/v2\/pages\/42\/revisions"}],"predecessor-version":[{"id":4866,"href":"https:\/\/blogsaverroes.juntadeandalucia.es\/ceiplacruz\/wp-json\/wp\/v2\/pages\/42\/revisions\/4866"}],"wp:attachment":[{"href":"https:\/\/blogsaverroes.juntadeandalucia.es\/ceiplacruz\/wp-json\/wp\/v2\/media?parent=42"}],"curies":[{"name":"wp","href":"https:\/\/api.w.org\/{rel}","templated":true}]}}