{"id":44,"date":"2020-11-30T08:42:15","date_gmt":"2020-11-30T08:42:15","guid":{"rendered":"http:\/\/blogsaverroes.juntadeandalucia.es\/pre\/ceip\/?page_id=44"},"modified":"2023-10-28T17:05:11","modified_gmt":"2023-10-28T17:05:11","slug":"planes-y-proyectos","status":"publish","type":"page","link":"https:\/\/blogsaverroes.juntadeandalucia.es\/ceiplacruz\/el-centro-2\/planes-y-proyectos\/","title":{"rendered":"Planes y Programas"},"content":{"rendered":"<p><a href=\"https:\/\/blogsaverroes.juntadeandalucia.es\/ceiplacruz\/files\/2020\/12\/descarga-2.png\"><img loading=\"lazy\" decoding=\"async\" class=\"aligncenter wp-image-2417 \" src=\"https:\/\/blogsaverroes.juntadeandalucia.es\/ceiplacruz\/files\/2020\/12\/descarga-2.png\" alt=\"\" width=\"422\" height=\"171\" srcset=\"https:\/\/blogsaverroes.juntadeandalucia.es\/ceiplacruz\/files\/2020\/12\/descarga-2.png 353w, https:\/\/blogsaverroes.juntadeandalucia.es\/ceiplacruz\/files\/2020\/12\/descarga-2-300x122.png 300w, https:\/\/blogsaverroes.juntadeandalucia.es\/ceiplacruz\/files\/2020\/12\/descarga-2-24x10.png 24w, https:\/\/blogsaverroes.juntadeandalucia.es\/ceiplacruz\/files\/2020\/12\/descarga-2-36x15.png 36w, https:\/\/blogsaverroes.juntadeandalucia.es\/ceiplacruz\/files\/2020\/12\/descarga-2-48x19.png 48w\" sizes=\"(max-width: 422px) 100vw, 422px\" \/><\/a><\/p>\n<p>EL CENTRO DISPONE DE LOS SIGUIENTES PLANES Y PROGRAMAS<\/p>\n<ul>\n<li><strong>Programa deporte en la escuela. Coordinadora: M\u00aa Carmen Castro Garc\u00eda.<\/strong><\/li>\n<li><strong>Escuela espacio de paz. Coordinadora: M\u00aa Carmen Castro Garc\u00eda.<\/strong><\/li>\n<li><strong>Creciendo en Salud. Coordinadora: Jos\u00e9 Miguel Fern\u00e1ndez&nbsp; Mu\u00f1oz<\/strong><\/li>\n<li><strong>Comunica. Coordinadora: Patricia Vel\u00e1zquez Romera<\/strong><\/li>\n<li><strong>Plan de Igualdad-Prevenci\u00f3n Violencia de G\u00e9nero. Coordinadora: Carolina Oliver Guti\u00e9rrez<\/strong><\/li>\n<li><strong>Plan Bibliotecas Escolares. Coordinadora: Albertina Robles Ferrer.<\/strong><\/li>\n<li><strong>Plan de Convivencia. Coordinadora: M\u00aa Carmen Castro Garc\u00eda.<\/strong><\/li>\n<li><strong>Programa de Transformaci\u00f3n Digital Educativa. Coordinador: Mercedes P\u00e9rez Navarro<\/strong><\/li>\n<li><strong>Equipo Community Mannager: Cristina Romero, Carolina Oliver, Mercedes P\u00e9rez y M\u00aa Carmen Castro.<\/strong><\/li>\n<li><strong>Coordinadora Salud y Bienestar: M\u00aa Carmen Castro Garc\u00eda<\/strong><\/li>\n<li><strong>Practicum. Coordinadora: M\u00aa Carmen Castro Garc\u00eda.<\/strong><\/li>\n<li><strong>Prevenci\u00f3n riesgos laborales y autoprotecci\u00f3n: Raquel Osuna Raya.<\/strong><\/li>\n<li><strong>Proa: Raquel Osuna Raya.<\/strong><\/li>\n<li><strong>Deporte en la escuela: M\u00aa Carmen Castro Garc\u00eda.<\/strong><\/li>\n<\/ul>\n<p>&nbsp;<\/p>\n","protected":false},"excerpt":{"rendered":"<p>EL CENTRO DISPONE DE LOS SIGUIENTES PLANES Y PROGRAMAS Programa deporte en la escuela. Coordinadora: M\u00aa Carmen Castro Garc\u00eda. Escuela espacio de paz. Coordinadora: M\u00aa Carmen Castro Garc\u00eda. Creciendo en Salud. Coordinadora: Jos\u00e9 Miguel&#46;&#46;&#46;<\/p>\n","protected":false},"author":11553,"featured_media":0,"parent":35,"menu_order":0,"comment_status":"open","ping_status":"closed","template":"page-templates\/child-menu.php","meta":{"ngg_post_thumbnail":0,"footnotes":"","_mc_calendar":[]},"aioseo_notices":[],"_links":{"self":[{"href":"https:\/\/blogsaverroes.juntadeandalucia.es\/ceiplacruz\/wp-json\/wp\/v2\/pages\/44"}],"collection":[{"href":"https:\/\/blogsaverroes.juntadeandalucia.es\/ceiplacruz\/wp-json\/wp\/v2\/pages"}],"about":[{"href":"https:\/\/blogsaverroes.juntadeandalucia.es\/ceiplacruz\/wp-json\/wp\/v2\/types\/page"}],"author":[{"embeddable":true,"href":"https:\/\/blogsaverroes.juntadeandalucia.es\/ceiplacruz\/wp-json\/wp\/v2\/users\/11553"}],"replies":[{"embeddable":true,"href":"https:\/\/blogsaverroes.juntadeandalucia.es\/ceiplacruz\/wp-json\/wp\/v2\/comments?post=44"}],"version-history":[{"count":9,"href":"https:\/\/blogsaverroes.juntadeandalucia.es\/ceiplacruz\/wp-json\/wp\/v2\/pages\/44\/revisions"}],"predecessor-version":[{"id":3458,"href":"https:\/\/blogsaverroes.juntadeandalucia.es\/ceiplacruz\/wp-json\/wp\/v2\/pages\/44\/revisions\/3458"}],"up":[{"embeddable":true,"href":"https:\/\/blogsaverroes.juntadeandalucia.es\/ceiplacruz\/wp-json\/wp\/v2\/pages\/35"}],"wp:attachment":[{"href":"https:\/\/blogsaverroes.juntadeandalucia.es\/ceiplacruz\/wp-json\/wp\/v2\/media?parent=44"}],"curies":[{"name":"wp","href":"https:\/\/api.w.org\/{rel}","templated":true}]}}