{"id":2544,"date":"2018-09-21T19:59:41","date_gmt":"2018-09-21T19:59:41","guid":{"rendered":"http:\/\/blogsaverroes.juntadeandalucia.es\/ceiplaesperanza\/?page_id=2544"},"modified":"2018-09-27T11:20:38","modified_gmt":"2018-09-27T11:20:38","slug":"escuela-mentora","status":"publish","type":"page","link":"https:\/\/blogsaverroes.juntadeandalucia.es\/ceiplaesperanza\/?page_id=2544","title":{"rendered":"Escuela Mentora"},"content":{"rendered":"<p>Presentamos nuestro proyecto de mentor\u00eda que se encuadra dentro del programa desarrollado por la Consejer\u00eda de Educaci\u00f3n de la Junta de Andaluc\u00eda que tiene por objetivo dar a conocer experiencias de \u00e9xito de los Centros escolares y fomentar la observaci\u00f3n profesional y las redes entre centro.<\/p>\n","protected":false},"excerpt":{"rendered":"<p>Presentamos nuestro proyecto de mentor\u00eda que se encuadra dentro del programa desarrollado por la Consejer\u00eda de Educaci\u00f3n de la Junta de Andaluc\u00eda que tiene por objetivo dar a conocer experiencias de \u00e9xito de los&#46;&#46;&#46;<\/p>\n","protected":false},"author":1943,"featured_media":0,"parent":0,"menu_order":0,"comment_status":"closed","ping_status":"closed","template":"","meta":{"ngg_post_thumbnail":0,"footnotes":"","_mc_calendar":[]},"aioseo_notices":[],"_links":{"self":[{"href":"https:\/\/blogsaverroes.juntadeandalucia.es\/ceiplaesperanza\/index.php?rest_route=\/wp\/v2\/pages\/2544"}],"collection":[{"href":"https:\/\/blogsaverroes.juntadeandalucia.es\/ceiplaesperanza\/index.php?rest_route=\/wp\/v2\/pages"}],"about":[{"href":"https:\/\/blogsaverroes.juntadeandalucia.es\/ceiplaesperanza\/index.php?rest_route=\/wp\/v2\/types\/page"}],"author":[{"embeddable":true,"href":"https:\/\/blogsaverroes.juntadeandalucia.es\/ceiplaesperanza\/index.php?rest_route=\/wp\/v2\/users\/1943"}],"replies":[{"embeddable":true,"href":"https:\/\/blogsaverroes.juntadeandalucia.es\/ceiplaesperanza\/index.php?rest_route=%2Fwp%2Fv2%2Fcomments&post=2544"}],"version-history":[{"count":2,"href":"https:\/\/blogsaverroes.juntadeandalucia.es\/ceiplaesperanza\/index.php?rest_route=\/wp\/v2\/pages\/2544\/revisions"}],"predecessor-version":[{"id":2548,"href":"https:\/\/blogsaverroes.juntadeandalucia.es\/ceiplaesperanza\/index.php?rest_route=\/wp\/v2\/pages\/2544\/revisions\/2548"}],"wp:attachment":[{"href":"https:\/\/blogsaverroes.juntadeandalucia.es\/ceiplaesperanza\/index.php?rest_route=%2Fwp%2Fv2%2Fmedia&parent=2544"}],"curies":[{"name":"wp","href":"https:\/\/api.w.org\/{rel}","templated":true}]}}