{"id":2579,"date":"2019-11-06T08:52:50","date_gmt":"2019-11-06T08:52:50","guid":{"rendered":"http:\/\/blogsaverroes.juntadeandalucia.es\/ceiplaesperanza\/?page_id=2579"},"modified":"2019-11-06T08:52:50","modified_gmt":"2019-11-06T08:52:50","slug":"proyecto-de-prevencion-violencia-de-genero","status":"publish","type":"page","link":"https:\/\/blogsaverroes.juntadeandalucia.es\/ceiplaesperanza\/?page_id=2579","title":{"rendered":"PROYECTO DE PREVENCI\u00d3N VIOLENCIA DE G\u00c9NERO"},"content":{"rendered":"<p>Os presentamos nuestro proyecto de prevenci\u00f3n de la violencia de g\u00e9nero.<\/p>\n<p><a href=\"https:\/\/blogsaverroes.juntadeandalucia.es\/ceiplaesperanza\/files\/2019\/11\/PROYECTO-PREVENCI\u00d3N-VIOLENCIA-DE-G\u00c9NERO-CEIP-LA-ESPERANZA-2019-1.pdf\">PROYECTO PREVENCI\u00d3N VIOLENCIA DE G\u00c9NERO CEIP LA ESPERANZA 2019<\/a><\/p>\n","protected":false},"excerpt":{"rendered":"<p>Os presentamos nuestro proyecto de prevenci\u00f3n de la violencia de g\u00e9nero. PROYECTO PREVENCI\u00d3N VIOLENCIA DE G\u00c9NERO CEIP LA ESPERANZA 2019<\/p>\n","protected":false},"author":1943,"featured_media":0,"parent":0,"menu_order":0,"comment_status":"closed","ping_status":"closed","template":"","meta":{"ngg_post_thumbnail":0,"footnotes":"","_mc_calendar":[]},"aioseo_notices":[],"_links":{"self":[{"href":"https:\/\/blogsaverroes.juntadeandalucia.es\/ceiplaesperanza\/index.php?rest_route=\/wp\/v2\/pages\/2579"}],"collection":[{"href":"https:\/\/blogsaverroes.juntadeandalucia.es\/ceiplaesperanza\/index.php?rest_route=\/wp\/v2\/pages"}],"about":[{"href":"https:\/\/blogsaverroes.juntadeandalucia.es\/ceiplaesperanza\/index.php?rest_route=\/wp\/v2\/types\/page"}],"author":[{"embeddable":true,"href":"https:\/\/blogsaverroes.juntadeandalucia.es\/ceiplaesperanza\/index.php?rest_route=\/wp\/v2\/users\/1943"}],"replies":[{"embeddable":true,"href":"https:\/\/blogsaverroes.juntadeandalucia.es\/ceiplaesperanza\/index.php?rest_route=%2Fwp%2Fv2%2Fcomments&post=2579"}],"version-history":[{"count":1,"href":"https:\/\/blogsaverroes.juntadeandalucia.es\/ceiplaesperanza\/index.php?rest_route=\/wp\/v2\/pages\/2579\/revisions"}],"predecessor-version":[{"id":2580,"href":"https:\/\/blogsaverroes.juntadeandalucia.es\/ceiplaesperanza\/index.php?rest_route=\/wp\/v2\/pages\/2579\/revisions\/2580"}],"wp:attachment":[{"href":"https:\/\/blogsaverroes.juntadeandalucia.es\/ceiplaesperanza\/index.php?rest_route=%2Fwp%2Fv2%2Fmedia&parent=2579"}],"curies":[{"name":"wp","href":"https:\/\/api.w.org\/{rel}","templated":true}]}}