{"id":35,"date":"2015-03-13T08:21:43","date_gmt":"2015-03-13T08:21:43","guid":{"rendered":"http:\/\/blogsaverroes.juntadeandalucia.es\/pre\/ceip\/?page_id=35"},"modified":"2015-10-20T08:26:21","modified_gmt":"2015-10-20T08:26:21","slug":"el-centro-2","status":"publish","type":"page","link":"https:\/\/blogsaverroes.juntadeandalucia.es\/ceiplaesperanza\/?page_id=35","title":{"rendered":"Datos del centro"},"content":{"rendered":"<h4>Datos de contacto:<\/h4>\n<p>C.E.I.P. La Espernaza<\/p>\n<p><strong>Direcci\u00f3n:<\/strong><\/p>\n<p>Calle Pintor L\u00f3pez Cabrera, S\/N.<\/p>\n<p>41320- Cantillana. (Sevilla)<\/p>\n<p><strong>Tel\u00e9fono \/ FAX:<\/strong><\/p>\n<p>95\/573-99-11\/12.<br \/>\n<strong>Email:<\/strong>\u00a041000961.edu@juntadeandalucia.es<\/p>\n<h4><strong>Horarios de atenci\u00f3n al p\u00fablico:<\/strong><\/h4>\n<ul>\n<li><strong>Direcci\u00f3n:<\/strong> Todos los d\u00edas de 9.00 horas a 10.50 horas.<\/li>\n<li><strong>Secretario:<\/strong>\u00a0Todos los d\u00edas de 9.00 horas a 10.50 horas y de 13.10 horas a 14.00 horas.<\/li>\n<li><strong>Jefa de estudios:<\/strong>\u00a0Todos los d\u00edas de 9.00 horas a 9.55\u00a0horas y de 13.10 horas a 14.00 horas.<\/li>\n<li><strong>Secretar\u00eda general de Centro:<\/strong>\u00a0Todos los d\u00edas de 9.00 horas a 13.30 horas.<\/li>\n<\/ul>\n<p><strong>Oferta educativa:<\/strong><\/p>\n<p>Educaci\u00f3n Infantil de 2\u00ba ciclo.<\/p>\n<p>Educaci\u00f3n Primaria. (2 l\u00edneas)<\/p>\n<p>Plan de apoyo a las familias Andaluzas.<\/p>\n<ul>\n<li>Aula Matinal<\/li>\n<li>Comedor<\/li>\n<li>Transporte Escolar<\/li>\n<li>Actividades Extraescolares<\/li>\n<li>Programa de apoyo ling\u00fc\u00edstico.<\/li>\n<li>P.R.O.A.<\/li>\n<\/ul>\n<h4>Instalaciones<\/h4>\n<p><!-- default-view.php -->\n<div\n\tclass=\"ngg-galleryoverview default-view\n\t ngg-ajax-pagination-none\t\"\n\tid=\"ngg-gallery-7bd57b0a1e84a07a972d91eb4118437e-1\">\n\n\t\t<!-- Thumbnails -->\n\t\t\t\t<div id=\"ngg-image-0\" class=\"ngg-gallery-thumbnail-box\n\t\t\t\t\t\t\t\t\t\t\t\"\n\t\t\t>\n\t\t\t\t\t\t<div class=\"ngg-gallery-thumbnail\">\n\t\t\t<a href=\"https:\/\/blogsaverroes.juntadeandalucia.es\/ceiplaesperanza\/wp-content\/uploads\/sites\/797\/nggallery\/el-centro\/instalacion01-1.jpg\"\n\t\t\t\ttitle=\"\"\n\t\t\t\tdata-src=\"https:\/\/blogsaverroes.juntadeandalucia.es\/ceiplaesperanza\/wp-content\/uploads\/sites\/797\/nggallery\/el-centro\/instalacion01-1.jpg\"\n\t\t\t\tdata-thumbnail=\"https:\/\/blogsaverroes.juntadeandalucia.es\/ceiplaesperanza\/wp-content\/uploads\/sites\/797\/nggallery\/el-centro\/thumbs\/thumbs_instalacion01-1.jpg\"\n\t\t\t\tdata-image-id=\"14\"\n\t\t\t\tdata-title=\"instalacion01\"\n\t\t\t\tdata-description=\"\"\n\t\t\t\tdata-image-slug=\"instalacion01-3\"\n\t\t\t\tclass=\"ngg-fancybox\" rel=\"7bd57b0a1e84a07a972d91eb4118437e\">\n\t\t\t\t<img\n\t\t\t\t\ttitle=\"instalacion01\"\n\t\t\t\t\talt=\"instalacion01\"\n\t\t\t\t\tsrc=\"https:\/\/blogsaverroes.juntadeandalucia.es\/ceiplaesperanza\/wp-content\/uploads\/sites\/797\/nggallery\/el-centro\/thumbs\/thumbs_instalacion01-1.jpg\"\n\t\t\t\t\twidth=\"120\"\n\t\t\t\t\theight=\"90\"\n\t\t\t\t\tstyle=\"max-width:100%;\"\n\t\t\t\t\/>\n\t\t\t<\/a>\n\t\t<\/div>\n\t\t\t\t\t\t\t<\/div>\n\t\t\t\n\t\t\t\t<div id=\"ngg-image-1\" class=\"ngg-gallery-thumbnail-box\n\t\t\t\t\t\t\t\t\t\t\t\"\n\t\t\t>\n\t\t\t\t\t\t<div class=\"ngg-gallery-thumbnail\">\n\t\t\t<a href=\"https:\/\/blogsaverroes.juntadeandalucia.es\/ceiplaesperanza\/wp-content\/uploads\/sites\/797\/nggallery\/el-centro\/instalacion02-1.jpg\"\n\t\t\t\ttitle=\"\"\n\t\t\t\tdata-src=\"https:\/\/blogsaverroes.juntadeandalucia.es\/ceiplaesperanza\/wp-content\/uploads\/sites\/797\/nggallery\/el-centro\/instalacion02-1.jpg\"\n\t\t\t\tdata-thumbnail=\"https:\/\/blogsaverroes.juntadeandalucia.es\/ceiplaesperanza\/wp-content\/uploads\/sites\/797\/nggallery\/el-centro\/thumbs\/thumbs_instalacion02-1.jpg\"\n\t\t\t\tdata-image-id=\"15\"\n\t\t\t\tdata-title=\"instalacion02\"\n\t\t\t\tdata-description=\"\"\n\t\t\t\tdata-image-slug=\"instalacion02-3\"\n\t\t\t\tclass=\"ngg-fancybox\" rel=\"7bd57b0a1e84a07a972d91eb4118437e\">\n\t\t\t\t<img\n\t\t\t\t\ttitle=\"instalacion02\"\n\t\t\t\t\talt=\"instalacion02\"\n\t\t\t\t\tsrc=\"https:\/\/blogsaverroes.juntadeandalucia.es\/ceiplaesperanza\/wp-content\/uploads\/sites\/797\/nggallery\/el-centro\/thumbs\/thumbs_instalacion02-1.jpg\"\n\t\t\t\t\twidth=\"120\"\n\t\t\t\t\theight=\"90\"\n\t\t\t\t\tstyle=\"max-width:100%;\"\n\t\t\t\t\/>\n\t\t\t<\/a>\n\t\t<\/div>\n\t\t\t\t\t\t\t<\/div>\n\t\t\t\n\t\t\t\t<div id=\"ngg-image-2\" class=\"ngg-gallery-thumbnail-box\n\t\t\t\t\t\t\t\t\t\t\t\"\n\t\t\t>\n\t\t\t\t\t\t<div class=\"ngg-gallery-thumbnail\">\n\t\t\t<a href=\"https:\/\/blogsaverroes.juntadeandalucia.es\/ceiplaesperanza\/wp-content\/uploads\/sites\/797\/nggallery\/el-centro\/instalacion03-1.jpg\"\n\t\t\t\ttitle=\"\"\n\t\t\t\tdata-src=\"https:\/\/blogsaverroes.juntadeandalucia.es\/ceiplaesperanza\/wp-content\/uploads\/sites\/797\/nggallery\/el-centro\/instalacion03-1.jpg\"\n\t\t\t\tdata-thumbnail=\"https:\/\/blogsaverroes.juntadeandalucia.es\/ceiplaesperanza\/wp-content\/uploads\/sites\/797\/nggallery\/el-centro\/thumbs\/thumbs_instalacion03-1.jpg\"\n\t\t\t\tdata-image-id=\"16\"\n\t\t\t\tdata-title=\"instalacion03\"\n\t\t\t\tdata-description=\"\"\n\t\t\t\tdata-image-slug=\"instalacion03-3\"\n\t\t\t\tclass=\"ngg-fancybox\" rel=\"7bd57b0a1e84a07a972d91eb4118437e\">\n\t\t\t\t<img\n\t\t\t\t\ttitle=\"instalacion03\"\n\t\t\t\t\talt=\"instalacion03\"\n\t\t\t\t\tsrc=\"https:\/\/blogsaverroes.juntadeandalucia.es\/ceiplaesperanza\/wp-content\/uploads\/sites\/797\/nggallery\/el-centro\/thumbs\/thumbs_instalacion03-1.jpg\"\n\t\t\t\t\twidth=\"120\"\n\t\t\t\t\theight=\"90\"\n\t\t\t\t\tstyle=\"max-width:100%;\"\n\t\t\t\t\/>\n\t\t\t<\/a>\n\t\t<\/div>\n\t\t\t\t\t\t\t<\/div>\n\t\t\t\n\t\t\t\t<div id=\"ngg-image-3\" class=\"ngg-gallery-thumbnail-box\n\t\t\t\t\t\t\t\t\t\t\t\"\n\t\t\t>\n\t\t\t\t\t\t<div class=\"ngg-gallery-thumbnail\">\n\t\t\t<a href=\"https:\/\/blogsaverroes.juntadeandalucia.es\/ceiplaesperanza\/wp-content\/uploads\/sites\/797\/nggallery\/el-centro\/instalacion04-1.jpg\"\n\t\t\t\ttitle=\"\"\n\t\t\t\tdata-src=\"https:\/\/blogsaverroes.juntadeandalucia.es\/ceiplaesperanza\/wp-content\/uploads\/sites\/797\/nggallery\/el-centro\/instalacion04-1.jpg\"\n\t\t\t\tdata-thumbnail=\"https:\/\/blogsaverroes.juntadeandalucia.es\/ceiplaesperanza\/wp-content\/uploads\/sites\/797\/nggallery\/el-centro\/thumbs\/thumbs_instalacion04-1.jpg\"\n\t\t\t\tdata-image-id=\"17\"\n\t\t\t\tdata-title=\"instalacion04\"\n\t\t\t\tdata-description=\"\"\n\t\t\t\tdata-image-slug=\"instalacion04-3\"\n\t\t\t\tclass=\"ngg-fancybox\" rel=\"7bd57b0a1e84a07a972d91eb4118437e\">\n\t\t\t\t<img\n\t\t\t\t\ttitle=\"instalacion04\"\n\t\t\t\t\talt=\"instalacion04\"\n\t\t\t\t\tsrc=\"https:\/\/blogsaverroes.juntadeandalucia.es\/ceiplaesperanza\/wp-content\/uploads\/sites\/797\/nggallery\/el-centro\/thumbs\/thumbs_instalacion04-1.jpg\"\n\t\t\t\t\twidth=\"120\"\n\t\t\t\t\theight=\"90\"\n\t\t\t\t\tstyle=\"max-width:100%;\"\n\t\t\t\t\/>\n\t\t\t<\/a>\n\t\t<\/div>\n\t\t\t\t\t\t\t<\/div>\n\t\t\t\n\t\n\t<br style=\"clear: both\" \/>\n\n\t\t<div class=\"slideshowlink\">\n\t\t<a href='https:\/\/blogsaverroes.juntadeandalucia.es\/ceiplaesperanza\/index.php\/nggallery\/slideshow?page_id=35'>[Mostrar presentaci\u00f3n de diapositivas]<\/a>\n\n\t<\/div>\n\t\n\t\t<!-- Pagination -->\n\t\t<div class='ngg-clear'><\/div>\t<\/div>\n<\/p>\n","protected":false},"excerpt":{"rendered":"<p>Datos de contacto: C.E.I.P. La Espernaza Direcci\u00f3n: Calle Pintor L\u00f3pez Cabrera, S\/N. 41320- Cantillana. (Sevilla) Tel\u00e9fono \/ FAX: 95\/573-99-11\/12. Email:\u00a041000961.edu@juntadeandalucia.es Horarios de atenci\u00f3n al p\u00fablico: Direcci\u00f3n: Todos los d\u00edas de 9.00 horas a 10.50&#46;&#46;&#46;<\/p>\n","protected":false},"author":1,"featured_media":0,"parent":0,"menu_order":0,"comment_status":"open","ping_status":"open","template":"","meta":{"ngg_post_thumbnail":0,"footnotes":"","_mc_calendar":[]},"aioseo_notices":[],"_links":{"self":[{"href":"https:\/\/blogsaverroes.juntadeandalucia.es\/ceiplaesperanza\/index.php?rest_route=\/wp\/v2\/pages\/35"}],"collection":[{"href":"https:\/\/blogsaverroes.juntadeandalucia.es\/ceiplaesperanza\/index.php?rest_route=\/wp\/v2\/pages"}],"about":[{"href":"https:\/\/blogsaverroes.juntadeandalucia.es\/ceiplaesperanza\/index.php?rest_route=\/wp\/v2\/types\/page"}],"author":[{"embeddable":true,"href":"https:\/\/blogsaverroes.juntadeandalucia.es\/ceiplaesperanza\/index.php?rest_route=\/wp\/v2\/users\/1"}],"replies":[{"embeddable":true,"href":"https:\/\/blogsaverroes.juntadeandalucia.es\/ceiplaesperanza\/index.php?rest_route=%2Fwp%2Fv2%2Fcomments&post=35"}],"version-history":[{"count":33,"href":"https:\/\/blogsaverroes.juntadeandalucia.es\/ceiplaesperanza\/index.php?rest_route=\/wp\/v2\/pages\/35\/revisions"}],"predecessor-version":[{"id":2122,"href":"https:\/\/blogsaverroes.juntadeandalucia.es\/ceiplaesperanza\/index.php?rest_route=\/wp\/v2\/pages\/35\/revisions\/2122"}],"wp:attachment":[{"href":"https:\/\/blogsaverroes.juntadeandalucia.es\/ceiplaesperanza\/index.php?rest_route=%2Fwp%2Fv2%2Fmedia&parent=35"}],"curies":[{"name":"wp","href":"https:\/\/api.w.org\/{rel}","templated":true}]}}