{"id":869,"date":"2015-03-16T07:03:52","date_gmt":"2015-03-16T07:03:52","guid":{"rendered":"http:\/\/blogsaverroes.juntadeandalucia.es\/pre\/ceip\/?page_id=84"},"modified":"2016-02-01T20:24:41","modified_gmt":"2016-02-01T20:24:41","slug":"calendario-escolar","status":"publish","type":"page","link":"https:\/\/blogsaverroes.juntadeandalucia.es\/ceiplaesperanza\/?page_id=869","title":{"rendered":"Calendario escolar"},"content":{"rendered":"<h4 style=\"text-align: center\"><strong>D\u00edas lectivos y festivos de la localidad.<\/strong><\/h4>\n<p style=\"text-align: center\"><a href=\"http:\/\/blogsaverroes.juntadeandalucia.es\/ceiplaesperanza\/files\/2015\/03\/CALENDARIO-ESCOLAR.jpg\" target=\"_blank\"><img loading=\"lazy\" decoding=\"async\" class=\" size-medium wp-image-2158 alignleft\" src=\"http:\/\/blogsaverroes.juntadeandalucia.es\/ceiplaesperanza\/files\/2015\/03\/CALENDARIO-ESCOLAR-212x300.jpg\" alt=\"CALENDARIO ESCOLAR\" width=\"212\" height=\"300\" srcset=\"https:\/\/blogsaverroes.juntadeandalucia.es\/ceiplaesperanza\/files\/2015\/03\/CALENDARIO-ESCOLAR-212x300.jpg 212w, https:\/\/blogsaverroes.juntadeandalucia.es\/ceiplaesperanza\/files\/2015\/03\/CALENDARIO-ESCOLAR-724x1024.jpg 724w, https:\/\/blogsaverroes.juntadeandalucia.es\/ceiplaesperanza\/files\/2015\/03\/CALENDARIO-ESCOLAR.jpg 893w\" sizes=\"(max-width: 212px) 100vw, 212px\" \/><\/a><\/p>\n<p>&nbsp;<\/p>\n<ul>\n<li style=\"text-align: left\">D\u00eda 20 de enero Patr\u00f3n de Cantillana.<\/li>\n<li style=\"text-align: left\"><\/li>\n<\/ul>\n<p style=\"text-align: center\">\n","protected":false},"excerpt":{"rendered":"<p>D\u00edas lectivos y festivos de la localidad. &nbsp; D\u00eda 20 de enero Patr\u00f3n de Cantillana.<\/p>\n","protected":false},"author":1,"featured_media":0,"parent":0,"menu_order":0,"comment_status":"open","ping_status":"open","template":"page-templates\/child-menu.php","meta":{"ngg_post_thumbnail":0,"footnotes":"","_mc_calendar":[]},"aioseo_notices":[],"_links":{"self":[{"href":"https:\/\/blogsaverroes.juntadeandalucia.es\/ceiplaesperanza\/index.php?rest_route=\/wp\/v2\/pages\/869"}],"collection":[{"href":"https:\/\/blogsaverroes.juntadeandalucia.es\/ceiplaesperanza\/index.php?rest_route=\/wp\/v2\/pages"}],"about":[{"href":"https:\/\/blogsaverroes.juntadeandalucia.es\/ceiplaesperanza\/index.php?rest_route=\/wp\/v2\/types\/page"}],"author":[{"embeddable":true,"href":"https:\/\/blogsaverroes.juntadeandalucia.es\/ceiplaesperanza\/index.php?rest_route=\/wp\/v2\/users\/1"}],"replies":[{"embeddable":true,"href":"https:\/\/blogsaverroes.juntadeandalucia.es\/ceiplaesperanza\/index.php?rest_route=%2Fwp%2Fv2%2Fcomments&post=869"}],"version-history":[{"count":7,"href":"https:\/\/blogsaverroes.juntadeandalucia.es\/ceiplaesperanza\/index.php?rest_route=\/wp\/v2\/pages\/869\/revisions"}],"predecessor-version":[{"id":2162,"href":"https:\/\/blogsaverroes.juntadeandalucia.es\/ceiplaesperanza\/index.php?rest_route=\/wp\/v2\/pages\/869\/revisions\/2162"}],"wp:attachment":[{"href":"https:\/\/blogsaverroes.juntadeandalucia.es\/ceiplaesperanza\/index.php?rest_route=%2Fwp%2Fv2%2Fmedia&parent=869"}],"curies":[{"name":"wp","href":"https:\/\/api.w.org\/{rel}","templated":true}]}}