{"id":2161,"date":"2018-01-23T09:56:52","date_gmt":"2018-01-23T09:56:52","guid":{"rendered":"https:\/\/blogsaverroes.juntadeandalucia.es\/ceiplaflorida\/?page_id=2161"},"modified":"2018-01-30T08:30:22","modified_gmt":"2018-01-30T08:30:22","slug":"introduccion","status":"publish","type":"page","link":"https:\/\/blogsaverroes.juntadeandalucia.es\/ceiplaflorida\/el-centro-2\/proyecto-educativo\/introduccion\/","title":{"rendered":"PROYECTO EDUCATIVO"},"content":{"rendered":"<p>Siguiendo las directrices marcadas por el Decreto 328\/2010, durante el<br \/>\npresente curso escolar 2010\/11 se procede a elaborar el nuevo Proyecto Educativo<br \/>\natendiendo a las prescripciones legislativas y a las caracter\u00edsticas de nuestro<br \/>\nalumnado as\u00ed como del entorno en el que nuestro centro est\u00e1 ubicado.<br \/>\nSe trata de dise\u00f1ar un proyecto educativo que sea real y funcional,<br \/>\nconvirti\u00e9ndose en el referente b\u00e1sico y necesario de toda nuestra actividad, partiendo,<br \/>\nclaro est\u00e1, de un objetivo esencial como es el desarrollo integral de la persona.<br \/>\nProponemos un modelo de gesti\u00f3n, de participaci\u00f3n y control democr\u00e1ticos en<br \/>\nla vida del centro, de manera que todos los sectores comprometidos contribuyan, con<br \/>\nsus aportaciones, a conseguir el objetivo b\u00e1sico del centro, que no es otro que la<br \/>\nEducaci\u00f3n de nuestros alumnos y alumnas, una Educaci\u00f3n de respeto, tolerancia y<br \/>\nlibertad.<\/p>\n<p>&nbsp;<\/p>\n<p>El archivo adjunto en el enlace de abajo contiene nuestro Proyecto Educativo de Centro, el cual est\u00e1 pendiente de revisi\u00f3n.<\/p>\n<p>&nbsp;<\/p>\n<p><a href=\"https:\/\/blogsaverroes.juntadeandalucia.es\/ceiplaflorida\/files\/2015\/03\/PROYECTO-EDUCATIVO-CEIP-LA-FLORIDA.pdf\">PROYECTO EDUCATIVO CEIP LA FLORIDA<\/a><a href=\"https:\/\/blogsaverroes.juntadeandalucia.es\/ceiplaflorida\/files\/2015\/03\/proyecto.png\"><img loading=\"lazy\" decoding=\"async\" class=\"wp-image-1662 alignright\" src=\"https:\/\/blogsaverroes.juntadeandalucia.es\/ceiplaflorida\/files\/2015\/03\/proyecto-300x266.png\" alt=\"\" width=\"186\" height=\"165\" srcset=\"https:\/\/blogsaverroes.juntadeandalucia.es\/ceiplaflorida\/files\/2015\/03\/proyecto-300x266.png 300w, https:\/\/blogsaverroes.juntadeandalucia.es\/ceiplaflorida\/files\/2015\/03\/proyecto.png 640w\" sizes=\"(max-width: 186px) 100vw, 186px\" \/><\/a><\/p>\n","protected":false},"excerpt":{"rendered":"<p>Siguiendo las directrices marcadas por el Decreto 328\/2010, durante el presente curso escolar 2010\/11 se procede a elaborar el nuevo Proyecto Educativo atendiendo a las prescripciones legislativas y a las caracter\u00edsticas de nuestro alumnado&#46;&#46;&#46;<\/p>\n","protected":false},"author":5273,"featured_media":0,"parent":49,"menu_order":1,"comment_status":"closed","ping_status":"closed","template":"page-templates\/child-menu.php","meta":{"ngg_post_thumbnail":0,"footnotes":"","_mc_calendar":[]},"aioseo_notices":[],"_links":{"self":[{"href":"https:\/\/blogsaverroes.juntadeandalucia.es\/ceiplaflorida\/wp-json\/wp\/v2\/pages\/2161"}],"collection":[{"href":"https:\/\/blogsaverroes.juntadeandalucia.es\/ceiplaflorida\/wp-json\/wp\/v2\/pages"}],"about":[{"href":"https:\/\/blogsaverroes.juntadeandalucia.es\/ceiplaflorida\/wp-json\/wp\/v2\/types\/page"}],"author":[{"embeddable":true,"href":"https:\/\/blogsaverroes.juntadeandalucia.es\/ceiplaflorida\/wp-json\/wp\/v2\/users\/5273"}],"replies":[{"embeddable":true,"href":"https:\/\/blogsaverroes.juntadeandalucia.es\/ceiplaflorida\/wp-json\/wp\/v2\/comments?post=2161"}],"version-history":[{"count":5,"href":"https:\/\/blogsaverroes.juntadeandalucia.es\/ceiplaflorida\/wp-json\/wp\/v2\/pages\/2161\/revisions"}],"predecessor-version":[{"id":2179,"href":"https:\/\/blogsaverroes.juntadeandalucia.es\/ceiplaflorida\/wp-json\/wp\/v2\/pages\/2161\/revisions\/2179"}],"up":[{"embeddable":true,"href":"https:\/\/blogsaverroes.juntadeandalucia.es\/ceiplaflorida\/wp-json\/wp\/v2\/pages\/49"}],"wp:attachment":[{"href":"https:\/\/blogsaverroes.juntadeandalucia.es\/ceiplaflorida\/wp-json\/wp\/v2\/media?parent=2161"}],"curies":[{"name":"wp","href":"https:\/\/api.w.org\/{rel}","templated":true}]}}