{"id":2505,"date":"2018-02-23T10:06:31","date_gmt":"2018-02-23T10:06:31","guid":{"rendered":"https:\/\/blogsaverroes.juntadeandalucia.es\/ceiplaflorida\/?page_id=2505"},"modified":"2023-09-08T09:25:48","modified_gmt":"2023-09-08T09:25:48","slug":"efemerides","status":"publish","type":"page","link":"https:\/\/blogsaverroes.juntadeandalucia.es\/ceiplaflorida\/efemerides\/","title":{"rendered":"EFEM\u00c9RIDES"},"content":{"rendered":"<p>En nuestro centro se celebran a nivel de centro, ciclos o niveles los siguientes d\u00edas en el curso escolar:<\/p>\n<ul>\n<li>24 de octubre: d\u00eda de la biblioteca<\/li>\n<li>31 de octubre: Halloween<\/li>\n<li>16 noviembre: d\u00eda del flamenco<\/li>\n<li>25 noviembre: eliminaci\u00f3n de la violencia de g\u00e9nero<\/li>\n<li>6 diciembre: d\u00eda de la constituci\u00f3n<\/li>\n<li>30 enero: d\u00eda escolar de la no violencia y la paz<\/li>\n<li>28 febrero d\u00eda de Andaluc\u00eda<\/li>\n<li>8 de marzo: d\u00eda de la mujer<\/li>\n<li>Abril: semana de animaci\u00f3n a la lectura (con motivo del d\u00eda del libro: 23 de abril)<\/li>\n<\/ul>\n<p>Las fotos, videos e informaci\u00f3n relacionada la pod\u00e9is encontrar en la categor\u00eda FOTOS Y VIDEOS,&nbsp; en la pesta\u00f1a de cada ciclo o en la pesta\u00f1a DE CENTRO.<\/p>\n","protected":false},"excerpt":{"rendered":"<p>En nuestro centro se celebran a nivel de centro, ciclos o niveles los siguientes d\u00edas en el curso escolar: 24 de octubre: d\u00eda de la biblioteca 31 de octubre: Halloween 16 noviembre: d\u00eda del&#46;&#46;&#46;<\/p>\n","protected":false},"author":5273,"featured_media":0,"parent":0,"menu_order":0,"comment_status":"closed","ping_status":"closed","template":"page-templates\/child-menu.php","meta":{"ngg_post_thumbnail":0,"footnotes":"","_mc_calendar":[]},"aioseo_notices":[],"_links":{"self":[{"href":"https:\/\/blogsaverroes.juntadeandalucia.es\/ceiplaflorida\/wp-json\/wp\/v2\/pages\/2505"}],"collection":[{"href":"https:\/\/blogsaverroes.juntadeandalucia.es\/ceiplaflorida\/wp-json\/wp\/v2\/pages"}],"about":[{"href":"https:\/\/blogsaverroes.juntadeandalucia.es\/ceiplaflorida\/wp-json\/wp\/v2\/types\/page"}],"author":[{"embeddable":true,"href":"https:\/\/blogsaverroes.juntadeandalucia.es\/ceiplaflorida\/wp-json\/wp\/v2\/users\/5273"}],"replies":[{"embeddable":true,"href":"https:\/\/blogsaverroes.juntadeandalucia.es\/ceiplaflorida\/wp-json\/wp\/v2\/comments?post=2505"}],"version-history":[{"count":5,"href":"https:\/\/blogsaverroes.juntadeandalucia.es\/ceiplaflorida\/wp-json\/wp\/v2\/pages\/2505\/revisions"}],"predecessor-version":[{"id":4434,"href":"https:\/\/blogsaverroes.juntadeandalucia.es\/ceiplaflorida\/wp-json\/wp\/v2\/pages\/2505\/revisions\/4434"}],"wp:attachment":[{"href":"https:\/\/blogsaverroes.juntadeandalucia.es\/ceiplaflorida\/wp-json\/wp\/v2\/media?parent=2505"}],"curies":[{"name":"wp","href":"https:\/\/api.w.org\/{rel}","templated":true}]}}