{"id":2555,"date":"2018-03-20T08:27:05","date_gmt":"2018-03-20T08:27:05","guid":{"rendered":"https:\/\/blogsaverroes.juntadeandalucia.es\/ceiplaflorida\/?page_id=2555"},"modified":"2025-10-28T13:53:26","modified_gmt":"2025-10-28T13:53:26","slug":"e-p-3o-ciclo-noticias","status":"publish","type":"page","link":"https:\/\/blogsaverroes.juntadeandalucia.es\/ceiplaflorida\/e-p-3o-ciclo-noticias\/","title":{"rendered":"Claustro"},"content":{"rendered":"<h3 style=\"text-align: center\"><strong>\u00bfQuieres conocer a nuestro equipo?<\/strong><\/h3>\n<p><strong>Equipo directivo:&nbsp;<\/strong><\/p>\n<p>Director: Iv\u00e1n Barrag\u00e1n Canca<\/p>\n<p>Secretaria: Laura Bellido Luna<\/p>\n<p>Jefa de estudios, maestra de Primaria: Alicia Fern\u00e1ndez P\u00e9rez<\/p>\n<p><strong>Educaci\u00f3n Infantil:<\/strong><\/p>\n<p>Tutora de 3 a\u00f1os: Jessica Ram\u00edrez Rodr\u00edguez<\/p>\n<p>Tutora de 4a\u00f1os: Veronica Magra\u00f1al Doello (coordinadora de ciclo)<\/p>\n<p>Tutora de 5 a\u00f1os: Marta Madrid Gonz\u00e1lez<\/p>\n<p><strong>Educaci\u00f3n Primaria:&nbsp;<\/strong><\/p>\n<p>Tutora del Aula Espec\u00edfica: Roc\u00edo Antequera Mendoza<\/p>\n<p>Tutora de 1\u00baA: Silvia Jim\u00e9nez Salmer\u00f3n (coordinadora de Primer Ciclo)<\/p>\n<p>Tutora de 2\u00baA: Irene Jim\u00e9nez S\u00e1nchez<\/p>\n<p>Tutora de 3\u00baA: Isabel Arag\u00f3n Segura\/especialista de educaci\u00f3n f\u00edsica<\/p>\n<p>Tutor de 4\u00baA: Jos\u00e9 Antonio Aleu Montes de Oca\/especialista de art\u00edstica<\/p>\n<p>Tutora de 5\u00ba: Manuel Gonz\u00e1lez Barrena\/especialista de educaci\u00f3n f\u00edsica<\/p>\n<p>Tutora de 6\u00baA: Marta Sucino Ruiz\/especialista de franc\u00e9s<\/p>\n<p>Especialista de Ingl\u00e9s: Leticia Fern\u00e1ndez Hedrera<\/p>\n<p>Especialista de Religi\u00f3n: Isabel Castilla<\/p>\n<p>Especialista en Pedagog\u00eda Terap\u00e9utica: Desiree Fuentes<\/p>\n<p>Especialista de Audici\u00f3n y Lenguaje: Noelia Cantera Sanz<\/p>\n<p>&nbsp;<\/p>\n<p>&nbsp;<\/p>\n","protected":false},"excerpt":{"rendered":"<p>\u00bfQuieres conocer a nuestro equipo? Equipo directivo:&nbsp; Director: Iv\u00e1n Barrag\u00e1n Canca Secretaria: Laura Bellido Luna Jefa de estudios, maestra de Primaria: Alicia Fern\u00e1ndez P\u00e9rez Educaci\u00f3n Infantil: Tutora de 3 a\u00f1os: Jessica Ram\u00edrez Rodr\u00edguez Tutora&#46;&#46;&#46;<\/p>\n","protected":false},"author":5273,"featured_media":0,"parent":0,"menu_order":0,"comment_status":"closed","ping_status":"closed","template":"","meta":{"ngg_post_thumbnail":0,"footnotes":"","_mc_calendar":[]},"aioseo_notices":[],"_links":{"self":[{"href":"https:\/\/blogsaverroes.juntadeandalucia.es\/ceiplaflorida\/wp-json\/wp\/v2\/pages\/2555"}],"collection":[{"href":"https:\/\/blogsaverroes.juntadeandalucia.es\/ceiplaflorida\/wp-json\/wp\/v2\/pages"}],"about":[{"href":"https:\/\/blogsaverroes.juntadeandalucia.es\/ceiplaflorida\/wp-json\/wp\/v2\/types\/page"}],"author":[{"embeddable":true,"href":"https:\/\/blogsaverroes.juntadeandalucia.es\/ceiplaflorida\/wp-json\/wp\/v2\/users\/5273"}],"replies":[{"embeddable":true,"href":"https:\/\/blogsaverroes.juntadeandalucia.es\/ceiplaflorida\/wp-json\/wp\/v2\/comments?post=2555"}],"version-history":[{"count":15,"href":"https:\/\/blogsaverroes.juntadeandalucia.es\/ceiplaflorida\/wp-json\/wp\/v2\/pages\/2555\/revisions"}],"predecessor-version":[{"id":4514,"href":"https:\/\/blogsaverroes.juntadeandalucia.es\/ceiplaflorida\/wp-json\/wp\/v2\/pages\/2555\/revisions\/4514"}],"wp:attachment":[{"href":"https:\/\/blogsaverroes.juntadeandalucia.es\/ceiplaflorida\/wp-json\/wp\/v2\/media?parent=2555"}],"curies":[{"name":"wp","href":"https:\/\/api.w.org\/{rel}","templated":true}]}}