{"id":870,"date":"2015-03-16T07:24:27","date_gmt":"2015-03-16T07:24:27","guid":{"rendered":"http:\/\/blogsaverroes.juntadeandalucia.es\/pre\/ceip\/?page_id=103"},"modified":"2022-09-16T10:01:11","modified_gmt":"2022-09-16T10:01:11","slug":"aula-matinal","status":"publish","type":"page","link":"https:\/\/blogsaverroes.juntadeandalucia.es\/ceiplaflorida\/aula-matinal\/","title":{"rendered":"Aula Matinal"},"content":{"rendered":"<p><strong>SOLICITUD DE LOS SERVICIOS DE COMEDOR, AULA MATINAL Y ACTIVIDADES EXTRAESCOLARES<\/strong>S<\/p>\n<p>Estimadas familias, adjuntamos el documento necesario para solicitar los servicios de comedor, aula matinal y actividades extraescolares as\u00ed como el documento necesario para solicitar la bonificaci\u00f3n o gratuidad de estos servicios. Esperamos que os sean \u00fatiles<\/p>\n<p><a href=\"https:\/\/blogsaverroes.juntadeandalucia.es\/ceiplaflorida\/files\/2020\/10\/SOLICITUD-DE-SERVICIOS.pdf\">SOLICITUD DE SERVICIOS<\/a><\/p>\n<p><a href=\"https:\/\/blogsaverroes.juntadeandalucia.es\/ceiplaflorida\/files\/2020\/10\/SOLICITUD-DE-BONIFICACION.pdf\">SOLICITUD DE BONIFICACION<\/a><\/p>\n<h4>Aula Matinal<\/h4>\n<p>El <strong>Aula Matinal<\/strong> abre a las 7.30 horas de lunes a viernes, ofreciendo actividades diversas a los estudiantes hasta el comienzo del horario lectivo.<\/p>\n<p>La empresa encargada es SENDA<\/p>\n<p>Direcci\u00f3n: Pol\u00edgono Industrial Guadalquivir, nave 12<br \/>\n11408 \u2013 Jerez de la Frontera (C\u00e1diz)<\/p>\n<p>Tel\u00e9fono:&nbsp;956 32 63 20<\/p>\n<p><a href=\"http:\/\/grupo-senda.com\">http:\/\/grupo-senda.com<\/a><\/p>\n<p>&nbsp;<\/p>\n<p><strong>Normativa Servicios Complementarios<\/strong><\/p>\n<p><a title=\"Decreto 6\/2017, de 16 de enero, por el que se regulan los servicios complementarios de aula matinal, comedor escolar y actividades extraescolares, as\u00ed como el uso de las instalaciones de los centros docentes p\u00fablicos de la Comunidad Aut\u00f3noma de Andaluc\u00eda fuera del horario escolar.\" href=\"http:\/\/www.juntadeandalucia.es\/educacion\/portals\/web\/ced\/comedor-escolar\/-\/normativas\/detalle\/decreto-6-2017-de-16-de-enero-por-el-que-se-regulan-los-servicios-complementarios-de-aula-matinal-comedor-escolar-y\" target=\"_blank\" rel=\"noopener noreferrer\">Decreto 6\/2017, de 16 de enero, por el que se regulan los servicios complementarios de aula matinal, comedor escolar y actividades extraescolares, as\u00ed como el uso de las instalaciones de los centros docentes p\u00fablicos de la Comunidad Aut\u00f3noma de Andaluc\u00eda fuera del horario escolar.<\/a><\/p>\n<p><a title=\"Orden de 17 abril de 2017, por la que se regula la organizaci\u00f3n y el funcionamiento de los servicios complementarios de aula matinal, comedor escolar y actividades extraescolares, as\u00ed como el uso de las instalaciones de los centros docentes p\u00fablicos de la Comunidad Aut\u00f3noma de Andaluc\u00eda fuera del horario escolar.\" href=\"http:\/\/www.juntadeandalucia.es\/educacion\/portals\/web\/ced\/comedor-escolar\/-\/normativas\/detalle\/orden-de-17-abril-de-2017-por-la-que-se-regula-la-organizacion-y-el-funcionamiento-de-los-servicios-complementarios-de\" target=\"_blank\" rel=\"noopener noreferrer\">Orden de 17 abril de 2017, por la que se regula la organizaci\u00f3n y el funcionamiento de los servicios complementarios de aula matinal, comedor escolar y actividades extraescolares, as\u00ed como el uso de las instalaciones de los centros docentes p\u00fablicos de la Comunidad Aut\u00f3noma de Andaluc\u00eda fuera del horario escolar.<\/a><\/p>\n<p>&nbsp;<\/p>\n<p><strong>PARA MAS INFORMACI\u00d3N:<\/strong><\/p>\n<p><a href=\"https:\/\/www.juntadeandalucia.es\/ciudadania\/web\/guest\/procedimientos?p_p_id=catalogoProcedimientos_WAR_catalogoProcedimientosportlet&amp;p_p_lifecycle=0&amp;p_p_col_id=column2&amp;p_p_col_count=2&amp;_catalogoProcedimientos_WAR_catalogoProcedimientosportlet_cmd=detalle&amp;p_r_p_564233524_idProcedimiento=2389\" target=\"_blank\" rel=\"noopener noreferrer\">https:\/\/www.juntadeandalucia.es\/ciudadania\/web\/guest\/procedimientos?p_p_id=catalogoProcedimientos_WAR_catalogoProcedimientosportlet&amp;p_p_lifecycle=0&amp;p_p_col_id=column2&amp;p_p_col_count=2&amp;_catalogoProcedimientos_WAR_catalogoProcedimientosportlet_cmd=detalle&amp;p_r_p_564233524_idProcedimiento=2389<\/a><\/p>\n<p>&nbsp;<\/p>\n<p>Desc\u00e1rgate aqu\u00ed el formulario, rell\u00e9nalo y entr\u00e9galo en la secretar\u00eda del Colegio.<\/p>\n<p align=\"left\"><strong>IMPRESOS PARA SERVICIOS COMPLEMENTARIOS:<\/strong><\/p>\n<p align=\"left\"><a href=\"http:\/\/www.juntadeandalucia.es\/educacion\/portals\/web\/ced\/servicios-complementarios\/-\/normativas\/detalle\/orden-de-17-abril-de-2017-por-la-que-se-regula-la-organizacion-y-el-funcionamiento-de-los-servicios-complementarios-de\" target=\"_blank\" rel=\"noopener noreferrer\">http:\/\/www.juntadeandalucia.es\/educacion\/portals\/web\/ced\/servicios-complementarios\/-\/normativas\/detalle\/orden-de-17-abril-de-2017-por-la-que-se-regula-la-organizacion-y-el-funcionamiento-de-los-servicios-complementarios-de<\/a><\/p>\n<p>&nbsp;<\/p>\n<p>&nbsp;<\/p>\n<p>&nbsp;<\/p>\n","protected":false},"excerpt":{"rendered":"<p>SOLICITUD DE LOS SERVICIOS DE COMEDOR, AULA MATINAL Y ACTIVIDADES EXTRAESCOLARESS Estimadas familias, adjuntamos el documento necesario para solicitar los servicios de comedor, aula matinal y actividades extraescolares as\u00ed como el documento necesario para&#46;&#46;&#46;<\/p>\n","protected":false},"author":1,"featured_media":0,"parent":0,"menu_order":0,"comment_status":"open","ping_status":"open","template":"page-templates\/child-menu.php","meta":{"ngg_post_thumbnail":0,"footnotes":"","_mc_calendar":[]},"aioseo_notices":[],"_links":{"self":[{"href":"https:\/\/blogsaverroes.juntadeandalucia.es\/ceiplaflorida\/wp-json\/wp\/v2\/pages\/870"}],"collection":[{"href":"https:\/\/blogsaverroes.juntadeandalucia.es\/ceiplaflorida\/wp-json\/wp\/v2\/pages"}],"about":[{"href":"https:\/\/blogsaverroes.juntadeandalucia.es\/ceiplaflorida\/wp-json\/wp\/v2\/types\/page"}],"author":[{"embeddable":true,"href":"https:\/\/blogsaverroes.juntadeandalucia.es\/ceiplaflorida\/wp-json\/wp\/v2\/users\/1"}],"replies":[{"embeddable":true,"href":"https:\/\/blogsaverroes.juntadeandalucia.es\/ceiplaflorida\/wp-json\/wp\/v2\/comments?post=870"}],"version-history":[{"count":10,"href":"https:\/\/blogsaverroes.juntadeandalucia.es\/ceiplaflorida\/wp-json\/wp\/v2\/pages\/870\/revisions"}],"predecessor-version":[{"id":4305,"href":"https:\/\/blogsaverroes.juntadeandalucia.es\/ceiplaflorida\/wp-json\/wp\/v2\/pages\/870\/revisions\/4305"}],"wp:attachment":[{"href":"https:\/\/blogsaverroes.juntadeandalucia.es\/ceiplaflorida\/wp-json\/wp\/v2\/media?parent=870"}],"curies":[{"name":"wp","href":"https:\/\/api.w.org\/{rel}","templated":true}]}}