{"id":871,"date":"2015-03-16T07:25:46","date_gmt":"2015-03-16T07:25:46","guid":{"rendered":"http:\/\/blogsaverroes.juntadeandalucia.es\/pre\/ceip\/?page_id=106"},"modified":"2022-09-16T09:56:13","modified_gmt":"2022-09-16T09:56:13","slug":"actividades-extraescolares","status":"publish","type":"page","link":"https:\/\/blogsaverroes.juntadeandalucia.es\/ceiplaflorida\/actividades-extraescolares\/","title":{"rendered":"Actividades extraescolares"},"content":{"rendered":"<p><strong>SOLICITUD DE LOS SERVICIOS DE COMEDOR, AULA MATINAL Y ACTIVIDADES EXTRAESCOLARES<\/strong><\/p>\n<p>Estimadas familias, adjuntamos el documento necesario para solicitar los servicios de comedor, aula matinal y actividades extraescolares as\u00ed como el documento necesario para solicitar la bonificaci\u00f3n o gratuidad de estos servicios. Esperamos que os sean \u00fatiles<\/p>\n<p><a href=\"https:\/\/blogsaverroes.juntadeandalucia.es\/ceiplaflorida\/files\/2020\/10\/SOLICITUD-DE-SERVICIOS.pdf\">SOLICITUD DE SERVICIOS<\/a><\/p>\n<p><a href=\"https:\/\/blogsaverroes.juntadeandalucia.es\/ceiplaflorida\/files\/2020\/10\/SOLICITUD-DE-BONIFICACION.pdf\">SOLICITUD DE BONIFICACION<\/a><\/p>\n<h4>&nbsp;<\/h4>\n<h4>ACTIVIDADES EXTRAESCOLARES<\/h4>\n<p style=\"text-align: left\"><a href=\"https:\/\/blogsaverroes.juntadeandalucia.es\/ceiplaflorida\/files\/2015\/03\/talleres.jpg\"><img loading=\"lazy\" decoding=\"async\" class=\" alignnone wp-image-228 size-medium alignleft\" src=\"https:\/\/blogsaverroes.juntadeandalucia.es\/ceiplaflorida\/files\/2015\/03\/talleres-300x199.jpg\" alt=\"\" width=\"300\" height=\"199\" srcset=\"https:\/\/blogsaverroes.juntadeandalucia.es\/ceiplaflorida\/files\/2015\/03\/talleres-300x199.jpg 300w, https:\/\/blogsaverroes.juntadeandalucia.es\/ceiplaflorida\/files\/2015\/03\/talleres-1024x682.jpg 1024w, https:\/\/blogsaverroes.juntadeandalucia.es\/ceiplaflorida\/files\/2015\/03\/talleres.jpg 1280w\" sizes=\"(max-width: 300px) 100vw, 300px\" \/><\/a>Las actividades extraescolares tienen lugar en horario de tarde, hasta las 18.00, y abarcan aspectos como la lectura, el deporte, la m\u00fasica, la inform\u00e1tica, los idiomas, la danza o el teatro, entre otras actividades l\u00fadicas y formativas.<\/p>\n<p>Para hacer posible la realizaci\u00f3n de estas actividades fuera del horario lectivo, los centros pueden abrir sus instalaciones hasta las 18.00 todos los d\u00edas lectivos con excepci\u00f3n de los viernes, en los que el cierre se establece a las 16.00.<\/p>\n<p>&nbsp;<\/p>\n<div align=\"center\">EMPRESA ACTIVIDADES EXTRAESCOLARES: JAUJA E.P.D. S.L.<br \/>\n956310155 &#8211; 645827595 &#8211; 645827580<\/div>\n<div align=\"center\">c\/ Clavel n\u00ba 3<\/div>\n<div align=\"center\">Jerez de la Frontera &#8211; 11402<\/div>\n<div align=\"center\"><a href=\"mailto:asocjauja@yahoo.es\" target=\"_blank\" rel=\"noopener noreferrer\">asocjauja@yahoo.es<\/a> &#8211; <a href=\"mailto:info@jaujaepd.com\" target=\"_blank\" rel=\"noopener noreferrer\">info@jaujaepd.com<\/a><\/div>\n<div align=\"center\">&nbsp;<\/div>\n<div style=\"text-align: left\" align=\"center\">\n<p><strong>Normativa Servicios Complementarios<\/strong><\/p>\n<p><a title=\"Decreto 6\/2017, de 16 de enero, por el que se regulan los servicios complementarios de aula matinal, comedor escolar y actividades extraescolares, as\u00ed como el uso de las instalaciones de los centros docentes p\u00fablicos de la Comunidad Aut\u00f3noma de Andaluc\u00eda fuera del horario escolar.\" href=\"http:\/\/www.juntadeandalucia.es\/educacion\/portals\/web\/ced\/comedor-escolar\/-\/normativas\/detalle\/decreto-6-2017-de-16-de-enero-por-el-que-se-regulan-los-servicios-complementarios-de-aula-matinal-comedor-escolar-y\" target=\"_blank\" rel=\"noopener noreferrer\">Decreto 6\/2017, de 16 de enero, por el que se regulan los servicios complementarios de aula matinal, comedor escolar y actividades extraescolares, as\u00ed como el uso de las instalaciones de los centros docentes p\u00fablicos de la Comunidad Aut\u00f3noma de Andaluc\u00eda fuera del horario escolar.<\/a><\/p>\n<p><a title=\"Orden de 17 abril de 2017, por la que se regula la organizaci\u00f3n y el funcionamiento de los servicios complementarios de aula matinal, comedor escolar y actividades extraescolares, as\u00ed como el uso de las instalaciones de los centros docentes p\u00fablicos de la Comunidad Aut\u00f3noma de Andaluc\u00eda fuera del horario escolar.\" href=\"http:\/\/www.juntadeandalucia.es\/educacion\/portals\/web\/ced\/comedor-escolar\/-\/normativas\/detalle\/orden-de-17-abril-de-2017-por-la-que-se-regula-la-organizacion-y-el-funcionamiento-de-los-servicios-complementarios-de\" target=\"_blank\" rel=\"noopener noreferrer\">Orden de 17 abril de 2017, por la que se regula la organizaci\u00f3n y el funcionamiento de los servicios complementarios de aula matinal, comedor escolar y actividades extraescolares, as\u00ed como el uso de las instalaciones de los centros docentes p\u00fablicos de la Comunidad Aut\u00f3noma de Andaluc\u00eda fuera del horario escolar.<\/a><\/p>\n<p><strong>PARA MAS INFORMACI\u00d3N:<\/strong><\/p>\n<p><a href=\"https:\/\/www.juntadeandalucia.es\/ciudadania\/web\/guest\/procedimientos?p_p_id=catalogoProcedimientos_WAR_catalogoProcedimientosportlet&amp;p_p_lifecycle=0&amp;p_p_col_id=column2&amp;p_p_col_count=2&amp;_catalogoProcedimientos_WAR_catalogoProcedimientosportlet_cmd=detalle&amp;p_r_p_564233524_idProcedimiento=2389\" target=\"_blank\" rel=\"noopener noreferrer\">https:\/\/www.juntadeandalucia.es\/ciudadania\/web\/guest\/procedimientos?p_p_id=catalogoProcedimientos_WAR_catalogoProcedimientosportlet&amp;p_p_lifecycle=0&amp;p_p_col_id=column2&amp;p_p_col_count=2&amp;_catalogoProcedimientos_WAR_catalogoProcedimientosportlet_cmd=detalle&amp;p_r_p_564233524_idProcedimiento=2389<\/a><\/p>\n<p><strong>IMPRESOS PARA SERVICIOS COMPLEMENTARIOS:<\/strong><\/p>\n<\/div>\n<p align=\"left\"><a href=\"http:\/\/www.juntadeandalucia.es\/educacion\/portals\/web\/ced\/servicios-complementarios\/-\/normativas\/detalle\/orden-de-17-abril-de-2017-por-la-que-se-regula-la-organizacion-y-el-funcionamiento-de-los-servicios-complementarios-de\" target=\"_blank\" rel=\"noopener noreferrer\">http:\/\/www.juntadeandalucia.es\/educacion\/portals\/web\/ced\/servicios-complementarios\/-\/normativas\/detalle\/orden-de-17-abril-de-2017-por-la-que-se-regula-la-organizacion-y-el-funcionamiento-de-los-servicios-complementarios-de<\/a><\/p>\n<div align=\"left\"><strong>IMPRESOS PARA ESCOLARIZACION Y MATRICULACION:<\/strong><\/div>\n<div align=\"left\"><a href=\"http:\/\/www.juntadeandalucia.es\/educacion\/portals\/web\/ced\/impresos-eso\" target=\"_blank\" rel=\"noopener noreferrer\">http:\/\/www.juntadeandalucia.es\/educacion\/portals\/web\/ced\/impresos-eso<\/a><\/div>\n<div align=\"left\">&nbsp;<\/div>\n<p>&nbsp;&nbsp;<\/p>\n<p>&nbsp;<\/p>\n","protected":false},"excerpt":{"rendered":"<p>SOLICITUD DE LOS SERVICIOS DE COMEDOR, AULA MATINAL Y ACTIVIDADES EXTRAESCOLARES Estimadas familias, adjuntamos el documento necesario para solicitar los servicios de comedor, aula matinal y actividades extraescolares as\u00ed como el documento necesario para&#46;&#46;&#46;<\/p>\n","protected":false},"author":1,"featured_media":0,"parent":0,"menu_order":0,"comment_status":"open","ping_status":"open","template":"page-templates\/child-menu.php","meta":{"ngg_post_thumbnail":0,"footnotes":"","_mc_calendar":[]},"aioseo_notices":[],"_links":{"self":[{"href":"https:\/\/blogsaverroes.juntadeandalucia.es\/ceiplaflorida\/wp-json\/wp\/v2\/pages\/871"}],"collection":[{"href":"https:\/\/blogsaverroes.juntadeandalucia.es\/ceiplaflorida\/wp-json\/wp\/v2\/pages"}],"about":[{"href":"https:\/\/blogsaverroes.juntadeandalucia.es\/ceiplaflorida\/wp-json\/wp\/v2\/types\/page"}],"author":[{"embeddable":true,"href":"https:\/\/blogsaverroes.juntadeandalucia.es\/ceiplaflorida\/wp-json\/wp\/v2\/users\/1"}],"replies":[{"embeddable":true,"href":"https:\/\/blogsaverroes.juntadeandalucia.es\/ceiplaflorida\/wp-json\/wp\/v2\/comments?post=871"}],"version-history":[{"count":11,"href":"https:\/\/blogsaverroes.juntadeandalucia.es\/ceiplaflorida\/wp-json\/wp\/v2\/pages\/871\/revisions"}],"predecessor-version":[{"id":4304,"href":"https:\/\/blogsaverroes.juntadeandalucia.es\/ceiplaflorida\/wp-json\/wp\/v2\/pages\/871\/revisions\/4304"}],"wp:attachment":[{"href":"https:\/\/blogsaverroes.juntadeandalucia.es\/ceiplaflorida\/wp-json\/wp\/v2\/media?parent=871"}],"curies":[{"name":"wp","href":"https:\/\/api.w.org\/{rel}","templated":true}]}}