{"id":99,"date":"2020-09-14T15:45:54","date_gmt":"2020-09-14T15:45:54","guid":{"rendered":"http:\/\/blogsaverroes.juntadeandalucia.es\/pre\/ceip\/?page_id=99"},"modified":"2024-09-11T08:50:19","modified_gmt":"2024-09-11T08:50:19","slug":"comedor-escolar","status":"publish","type":"page","link":"https:\/\/blogsaverroes.juntadeandalucia.es\/ceiplaflorida\/comedor-escolar\/","title":{"rendered":"Comedor escolar"},"content":{"rendered":"<p>CURSO 24-25<\/p>\n<p>SEPTIEMBRE<\/p>\n<p><a href=\"https:\/\/blogsaverroes.juntadeandalucia.es\/ceiplaflorida\/files\/2024\/09\/MENU-BASAL-PRIMARIA-SEPTIEMBRE.pdf\">MEN\u00da BASAL PRIMARIA SEPTIEMBRE<\/a><\/p>\n<p><a href=\"https:\/\/blogsaverroes.juntadeandalucia.es\/ceiplaflorida\/files\/2024\/09\/MENU-BASAL-INFANTIL-SEPTIEMBRE.pdf\">MEN\u00da BASAL INFANTIL SEPTIEMBRE<\/a><\/p>\n<p>&nbsp;<\/p>\n<p>CURSO 2023-2024<\/p>\n<p>ABRIL<\/p>\n<p><a href=\"https:\/\/blogsaverroes.juntadeandalucia.es\/ceiplaflorida\/files\/2024\/04\/MEN\u00da-ABRIL-COMERTEL.pdf\">MEN\u00da ABRIL COMERTEL<\/a><\/p>\n<p><a href=\"https:\/\/blogsaverroes.juntadeandalucia.es\/ceiplaflorida\/files\/2024\/04\/RECOMENDACIONES-CENA-ABRIL-COMERTEL.pdf\">RECOMENDACIONES CENA ABRIL COMERTEL<\/a><\/p>\n<p>MARZO<\/p>\n<p><a href=\"https:\/\/blogsaverroes.juntadeandalucia.es\/ceiplaflorida\/files\/2024\/02\/RECOMENDACIONES-CENA-MARZO-COMERTEL.pdf\">RECOMENDACIONES CENA MARZO COMERTEL<\/a><\/p>\n<p><a href=\"https:\/\/blogsaverroes.juntadeandalucia.es\/ceiplaflorida\/files\/2024\/02\/MENU-MARZO-COMERTEL.pdf\">MENU MARZO COMERTEL<\/a><\/p>\n<p>FEBRERO<\/p>\n<p><a href=\"https:\/\/blogsaverroes.juntadeandalucia.es\/ceiplaflorida\/files\/2024\/02\/MEN\u00da-FEBRERO-COMPLETO.pdf\">MEN\u00da FEBRERO COMPLETO<\/a><\/p>\n<p><a href=\"https:\/\/blogsaverroes.juntadeandalucia.es\/ceiplaflorida\/files\/2024\/02\/MEN\u00da-FEBRERO-SIN-GLUTEN.pdf\">MEN\u00da FEBRERO SIN GLUTEN<\/a><\/p>\n<p>ENERO<\/p>\n<p><a href=\"https:\/\/blogsaverroes.juntadeandalucia.es\/ceiplaflorida\/files\/2024\/01\/Men\u00fa-enero-2024.pdf\">Men\u00fa enero 2024<\/a><\/p>\n<p><a href=\"https:\/\/blogsaverroes.juntadeandalucia.es\/ceiplaflorida\/files\/2024\/01\/RECOMENDACIONES-CENA-ENERO-COMERTEL.pdf\">RECOMENDACIONES CENA ENERO COMERTEL<\/a><\/p>\n<p>NOVIEMBRE<\/p>\n<p><a href=\"https:\/\/blogsaverroes.juntadeandalucia.es\/ceiplaflorida\/files\/2023\/11\/Dieta-2.-celiaco.pdf\">Dieta 2.- celiaco<\/a><\/p>\n<p><a href=\"https:\/\/blogsaverroes.juntadeandalucia.es\/ceiplaflorida\/files\/2023\/11\/Dieta-32.-NO-PESCADO.pdf\">Dieta 32.-NO PESCADO<\/a><\/p>\n<p><a href=\"https:\/\/blogsaverroes.juntadeandalucia.es\/ceiplaflorida\/files\/2023\/11\/MENU_BASAL_CCS-COMERTEL.pdf\">MENU_BASAL_CCS COMERTEL<\/a><\/p>\n<p><a href=\"https:\/\/blogsaverroes.juntadeandalucia.es\/ceiplaflorida\/files\/2023\/11\/RECOMENDACIONES-CENA-NOVIEMBRE-COMERTEL.pdf\">RECOMENDACIONES CENA NOVIEMBRE COMERTEL<\/a><\/p>\n<p>OCTUBRE<\/p>\n<p><a href=\"https:\/\/blogsaverroes.juntadeandalucia.es\/ceiplaflorida\/files\/2023\/10\/Dieta-2.-celiaco.pdf\">Dieta 2.- celiaco<\/a><\/p>\n<p><a href=\"https:\/\/blogsaverroes.juntadeandalucia.es\/ceiplaflorida\/files\/2023\/10\/DIETA-32.-NO-PESCADO.pdf\">DIETA 32.-NO PESCADO<\/a><\/p>\n<p><a href=\"https:\/\/blogsaverroes.juntadeandalucia.es\/ceiplaflorida\/files\/2023\/10\/Men\u00fa-octubre.pdf\">Men\u00fa octubre<\/a><\/p>\n<p><a href=\"https:\/\/blogsaverroes.juntadeandalucia.es\/ceiplaflorida\/files\/2023\/10\/RECOMENDACIONES-CENA-COMERTEL.pdf\">RECOMENDACIONES CENA COMERTEL<\/a><\/p>\n<p>SEPTIEMBRE<\/p>\n<p><a href=\"https:\/\/blogsaverroes.juntadeandalucia.es\/ceiplaflorida\/files\/2023\/09\/MEN\u00da-SEPTIEMBRE-2023.pdf\">MEN\u00da SEPTIEMBRE 2023<\/a><\/p>\n<p><a href=\"https:\/\/blogsaverroes.juntadeandalucia.es\/ceiplaflorida\/files\/2023\/09\/RECOMENDACIONES-CENA-COMERTEL.pdf\">RECOMENDACIONES CENA COMERTEL<\/a><\/p>\n<p><a href=\"https:\/\/blogsaverroes.juntadeandalucia.es\/ceiplaflorida\/files\/2023\/09\/Dieta-2.-CELIACO.pdf\">Dieta 2.-CELIACO<\/a><\/p>\n<p><a href=\"https:\/\/blogsaverroes.juntadeandalucia.es\/ceiplaflorida\/files\/2023\/09\/Dieta-23.-NO-HUEVO-LACTOSA-PLV.pdf\">Dieta 23.- NO HUEVO, LACTOSA, PLV<\/a><\/p>\n<p><a href=\"https:\/\/blogsaverroes.juntadeandalucia.es\/ceiplaflorida\/files\/2023\/09\/Dieta-32.-NO-PESCADO.pdf\">Dieta 32.- NO PESCADO<\/a> &nbsp;<\/p>\n<p>&nbsp;<\/p>\n<p>CURSO 2022-2023<\/p>\n<p><a href=\"https:\/\/blogsaverroes.juntadeandalucia.es\/ceiplaflorida\/files\/2023\/06\/Dieta-23.-NO-HUEVO-LACTOSA-PLV.pdf\">Dieta 23.- NO HUEVO, LACTOSA, PLV<\/a><\/p>\n<p><a href=\"https:\/\/blogsaverroes.juntadeandalucia.es\/ceiplaflorida\/files\/2023\/06\/Dieta-32.-NO-PESCADO.pdf\">Dieta 32.- NO PESCADO<\/a><\/p>\n<p><a href=\"https:\/\/blogsaverroes.juntadeandalucia.es\/ceiplaflorida\/files\/2023\/06\/Men\u00fa-junio-2023.pdf\">Men\u00fa junio 2023<\/a><\/p>\n<p><a href=\"https:\/\/blogsaverroes.juntadeandalucia.es\/ceiplaflorida\/files\/2023\/06\/Men\u00fa-sin-gluten-junio.pdf\">Men\u00fa sin gluten junio<\/a><\/p>\n<p><a href=\"https:\/\/blogsaverroes.juntadeandalucia.es\/ceiplaflorida\/files\/2023\/06\/RECOMENDACIONES-CENA-JUNIO-COMERTEL.pdf\">RECOMENDACIONES CENA JUNIO COMERTEL<\/a><\/p>\n<p>&nbsp;<\/p>\n<p><a href=\"https:\/\/blogsaverroes.juntadeandalucia.es\/ceiplaflorida\/files\/2023\/05\/MEN\u00da-MAYO-2023.pdf\">MEN\u00da MAYO 2023<\/a><\/p>\n<p><a href=\"https:\/\/blogsaverroes.juntadeandalucia.es\/ceiplaflorida\/files\/2023\/05\/MEN\u00da-APLV-MAYO.pdf\">MEN\u00da APLV MAYO<\/a><\/p>\n<p><a href=\"https:\/\/blogsaverroes.juntadeandalucia.es\/ceiplaflorida\/files\/2023\/05\/MEN\u00da-NO-PESCADO-MAYO.pdf\">MEN\u00da NO PESCADO MAYO<\/a><\/p>\n<p><a href=\"https:\/\/blogsaverroes.juntadeandalucia.es\/ceiplaflorida\/files\/2023\/05\/MEN\u00da-SIN-GLUTEN-MAYO.pdf\">MEN\u00da SIN GLUTEN MAYO<\/a><\/p>\n<p><a href=\"https:\/\/blogsaverroes.juntadeandalucia.es\/ceiplaflorida\/files\/2023\/05\/RECOMENDACIONES-CENA-MAYO.pdf\">RECOMENDACIONES CENA MAYO<\/a><\/p>\n<p>&nbsp;<\/p>\n<p><a href=\"https:\/\/blogsaverroes.juntadeandalucia.es\/ceiplaflorida\/files\/2023\/04\/MEN\u00da-ABRIL-2023.pdf\">MEN\u00da ABRIL 2023<\/a><\/p>\n<p><a href=\"https:\/\/blogsaverroes.juntadeandalucia.es\/ceiplaflorida\/files\/2023\/04\/MEN\u00da-NO-PESCADO.pdf\">MEN\u00da NO PESCADO<\/a><\/p>\n<p><a href=\"https:\/\/blogsaverroes.juntadeandalucia.es\/ceiplaflorida\/files\/2023\/04\/MEN\u00da-NO-HUEVO-LACTOSA-PLV.pdf\">MEN\u00da NO HUEVO, LACTOSA, PLV<\/a><\/p>\n<p><a href=\"https:\/\/blogsaverroes.juntadeandalucia.es\/ceiplaflorida\/files\/2023\/04\/MEN\u00da-SIN-GLUTEN-ABRIL-2023.pdf\">MEN\u00da SIN GLUTEN ABRIL 2023<\/a><\/p>\n<p><a href=\"https:\/\/blogsaverroes.juntadeandalucia.es\/ceiplaflorida\/files\/2023\/04\/RECOMENDACIONES-CENA-ABRIL-COMERTEL.pdf\">RECOMENDACIONES CENA ABRIL COMERTEL<\/a><\/p>\n<p>&nbsp;<\/p>\n<p><a href=\"https:\/\/blogsaverroes.juntadeandalucia.es\/ceiplaflorida\/files\/2023\/03\/MENU-COMERTEL-MARZO.pdf\">MENU COMERTEL MARZO<\/a><\/p>\n<p><a href=\"https:\/\/blogsaverroes.juntadeandalucia.es\/ceiplaflorida\/files\/2023\/03\/MEN\u00da-SIN-GLUTEN-MARZO.pdf\">MEN\u00da SIN GLUTEN MARZO<\/a><\/p>\n<p><a href=\"https:\/\/blogsaverroes.juntadeandalucia.es\/ceiplaflorida\/files\/2023\/03\/MEN\u00da-SIN-HUEVO-LACTOSA-PLV-MARZO.pdf\">MEN\u00da SIN HUEVO, LACTOSA, PLV MARZO<\/a><\/p>\n<p><a href=\"https:\/\/blogsaverroes.juntadeandalucia.es\/ceiplaflorida\/files\/2023\/03\/MEN\u00da-SIN-PESCADO-MARZO.pdf\">MEN\u00da SIN PESCADO MARZO<\/a><\/p>\n<p><a href=\"https:\/\/blogsaverroes.juntadeandalucia.es\/ceiplaflorida\/files\/2023\/03\/RECOMENDACIONES-CENA-MARZO-COMERTEL.pdf\">RECOMENDACIONES CENA MARZO COMERTEL<\/a><\/p>\n<p><a href=\"https:\/\/blogsaverroes.juntadeandalucia.es\/ceiplaflorida\/files\/2023\/03\/BASAL-MARZO-COMERTEL-2.pdf\">BASAL MARZO COMERTEL (2)<\/a><\/p>\n<p><a href=\"https:\/\/blogsaverroes.juntadeandalucia.es\/ceiplaflorida\/files\/2023\/03\/Dieta-2.-CELIACO-2.pdf\">Dieta 2.-CELIACO (2)<\/a><\/p>\n<p><a href=\"https:\/\/blogsaverroes.juntadeandalucia.es\/ceiplaflorida\/files\/2023\/03\/Dieta-23.-NO-HUEVO-LACTOSA-PLV-2.pdf\">Dieta 23.-NO HUEVO, LACTOSA, PLV (2)<\/a><\/p>\n<p><a href=\"https:\/\/blogsaverroes.juntadeandalucia.es\/ceiplaflorida\/files\/2023\/03\/DIETA-32.-NO-PESCADO-2.pdf\">DIETA 32.-NO PESCADO (2)<\/a><\/p>\n<p><a href=\"https:\/\/blogsaverroes.juntadeandalucia.es\/ceiplaflorida\/files\/2023\/03\/RECOMENDACIONES-CENA-MARZO-COMERTEL-2.pdf\">RECOMENDACIONES CENA MARZO COMERTEL (2)<\/a><\/p>\n<p>&nbsp;<\/p>\n<p><a href=\"https:\/\/blogsaverroes.juntadeandalucia.es\/ceiplaflorida\/files\/2023\/01\/MEN\u00da-FEBRERO.pdf\">MEN\u00da FEBRERO<\/a><\/p>\n<p><a href=\"https:\/\/blogsaverroes.juntadeandalucia.es\/ceiplaflorida\/files\/2023\/01\/MEN\u00da-SIN-HUEVO-LACTOSA-PLV.pdf\">MEN\u00da SIN HUEVO, LACTOSA, PLV<\/a><\/p>\n<p><a href=\"https:\/\/blogsaverroes.juntadeandalucia.es\/ceiplaflorida\/files\/2023\/01\/RECOMENDACIONES-CENA-FEBRERO.pdf\">RECOMENDACIONES CENA FEBRERO<\/a><\/p>\n<p><a href=\"https:\/\/blogsaverroes.juntadeandalucia.es\/ceiplaflorida\/files\/2023\/01\/MEN\u00da-SIN-GLUTEN.pdf\">MEN\u00da SIN GLUTEN<\/a><\/p>\n<p>&nbsp;<\/p>\n<p><a href=\"https:\/\/blogsaverroes.juntadeandalucia.es\/ceiplaflorida\/files\/2023\/01\/MEN\u00da-ENERO-22-23.pdf\">MEN\u00da ENERO 22-23<\/a><\/p>\n<p><a href=\"https:\/\/blogsaverroes.juntadeandalucia.es\/ceiplaflorida\/files\/2023\/01\/MEN\u00da-SIN-GLUTEN-ENERO-22-23.pdf\">MEN\u00da SIN GLUTEN ENERO 22-23<\/a><\/p>\n<p><a href=\"https:\/\/blogsaverroes.juntadeandalucia.es\/ceiplaflorida\/files\/2023\/01\/RECOMENDACIONES-CENA-ENERO-22-23.pdf\">RECOMENDACIONES CENA ENERO 22-23<\/a><\/p>\n<p>&nbsp;<\/p>\n<p><a href=\"https:\/\/blogsaverroes.juntadeandalucia.es\/ceiplaflorida\/files\/2022\/12\/MEN\u00da-DICIIEMBRE.pdf\">MEN\u00da DICIEMBRE<\/a><\/p>\n<p><a href=\"https:\/\/blogsaverroes.juntadeandalucia.es\/ceiplaflorida\/files\/2022\/12\/MEN\u00da-SIN-GLUTEN.pdf\">MEN\u00da SIN GLUTEN<\/a><\/p>\n<p><a href=\"https:\/\/blogsaverroes.juntadeandalucia.es\/ceiplaflorida\/files\/2022\/12\/RECOMENDACIONES-CENA-DICIEMBRE.pdf\">RECOMENDACIONES CENA DICIEMBRE<\/a><\/p>\n<p>&nbsp;<\/p>\n<p><a href=\"https:\/\/blogsaverroes.juntadeandalucia.es\/ceiplaflorida\/files\/2022\/11\/MEN\u00da-NOVIEMBRE.pdf\">MEN\u00da NOVIEMBRE<\/a><\/p>\n<p><a href=\"https:\/\/blogsaverroes.juntadeandalucia.es\/ceiplaflorida\/files\/2022\/11\/MEN\u00da-SIN-GLUTEN-NOVIEMBRE.pdf\">MEN\u00da SIN GLUTEN NOVIEMBRE<\/a><\/p>\n<p><a href=\"https:\/\/blogsaverroes.juntadeandalucia.es\/ceiplaflorida\/files\/2022\/11\/RECOMENDACIONES-CENA-NOVIEMBRE.pdf\">RECOMENDACIONES CENA NOVIEMBRE<\/a><\/p>\n<p>&nbsp;<\/p>\n<p>Empezamos un nuevo curso y nuestro comedor ya est\u00e1 en marcha. Aqu\u00ed ten\u00e9is el men\u00fa del mes de septiembre y las recomendaciones de cenas saludables. \u00a1Comenzamos!<\/p>\n<p><a href=\"https:\/\/blogsaverroes.juntadeandalucia.es\/ceiplaflorida\/files\/2022\/09\/MEN\u00da-SEPTIEMBRE-22-23.pdf\">MEN\u00da SEPTIEMBRE 22-23<\/a><\/p>\n<p><a href=\"https:\/\/blogsaverroes.juntadeandalucia.es\/ceiplaflorida\/files\/2022\/09\/RECOMENDACIONES-DE-CENA-SEPTIEMBRE.pdf\">RECOMENDACIONES DE CENA SEPTIEMBRE<\/a><\/p>\n<p><a href=\"https:\/\/blogsaverroes.juntadeandalucia.es\/ceiplaflorida\/files\/2022\/09\/MEN\u00da-CELIAQU\u00cdA-SEPTIEMBRE-22-23.pdf\">MEN\u00da CELIAQU\u00cdA SEPTIEMBRE 22-23<\/a><\/p>\n<p>&nbsp;<\/p>\n<p><a href=\"https:\/\/blogsaverroes.juntadeandalucia.es\/ceiplaflorida\/files\/2022\/10\/MEN\u00da-OCTUBRE.pdf\">MEN\u00da OCTUBRE<\/a><\/p>\n<p><a href=\"https:\/\/blogsaverroes.juntadeandalucia.es\/ceiplaflorida\/files\/2022\/10\/MEN\u00da-SIN-GLUTEN.pdf\">MEN\u00da SIN GLUTEN<\/a><\/p>\n<p><a href=\"https:\/\/blogsaverroes.juntadeandalucia.es\/ceiplaflorida\/files\/2022\/10\/RECOMENDACIONES-CENA-OCTUBRE.pdf\">RECOMENDACIONES CENA OCTUBRE<\/a><\/p>\n<p>&nbsp;<\/p>\n<p>.<\/p>\n<p>.<\/p>\n<p>.<\/p>\n<p>.<\/p>\n<p>.<\/p>\n<p>.<\/p>\n<p>&nbsp;<\/p>\n<p>MEN\u00da DE JUNIO<\/p>\n<p>\u00a1\u00daltimo men\u00fa del curso! Ya huele a veranito y vacaciones, \u00bfeh?<\/p>\n<p><a href=\"https:\/\/blogsaverroes.juntadeandalucia.es\/ceiplaflorida\/files\/2022\/06\/MEN\u00da-JUNIO.pdf\">MEN\u00da JUNIO<\/a><\/p>\n<p><a href=\"https:\/\/blogsaverroes.juntadeandalucia.es\/ceiplaflorida\/files\/2022\/06\/MEN\u00da-JUNIO-CEL\u00cdACO.pdf\">MEN\u00da JUNIO CEL\u00cdACO<\/a><\/p>\n<p>MEN\u00da DE MAYO<\/p>\n<p>Pen\u00faltimo men\u00fa del curso. \u00a1Qui\u00e9n iba a decirlo! Espero que lo disfrut\u00e9is<\/p>\n<p><a href=\"https:\/\/blogsaverroes.juntadeandalucia.es\/ceiplaflorida\/files\/2022\/05\/Men\u00fa-de-mayo.pdf\">Men\u00fa de mayo<\/a><\/p>\n<p><a href=\"https:\/\/blogsaverroes.juntadeandalucia.es\/ceiplaflorida\/files\/2022\/05\/Men\u00fa-de-mayo-sin-gluten.pdf\">Men\u00fa de mayo (sin gluten)<\/a><\/p>\n<p><a href=\"https:\/\/blogsaverroes.juntadeandalucia.es\/ceiplaflorida\/files\/2022\/05\/RECOMENDACIONES-CENA-MAYO-COMERTEL.pdf\">RECOMENDACIONES CENA MAYO COMERTEL<\/a><\/p>\n<p>MEN\u00da DE ABRIL<\/p>\n<p>En abril, aguas mil&#8230;y nunca mejor dicho. \u00a1Vaya c\u00f3mo nos est\u00e1 lloviendo!<\/p>\n<p>Por aqu\u00ed os dejamos el men\u00fa de este mes a ver si con un poco de energ\u00eda conseguimos quitarnos este fr\u00edo de encima<\/p>\n<p><a href=\"https:\/\/blogsaverroes.juntadeandalucia.es\/ceiplaflorida\/files\/2022\/04\/Men\u00fa-comedor-abril.pdf\">Men\u00fa comedor abril<\/a><\/p>\n<p>MEN\u00da MARZO 2022<\/p>\n<p>Esperando a la primavera, os dejamos los men\u00fas y recomendaciones de cenas para este mes de marzo.<\/p>\n<p><a href=\"https:\/\/blogsaverroes.juntadeandalucia.es\/ceiplaflorida\/files\/2022\/03\/RECOMENDACIONES-CENA-MARZO-COMERTEL.pdf\">RECOMENDACIONES CENA MARZO COMERTEL<\/a><\/p>\n<p><a href=\"https:\/\/blogsaverroes.juntadeandalucia.es\/ceiplaflorida\/files\/2022\/03\/MEN\u00da-MARZO-2022.pdf\">MEN\u00da MARZO 2022<\/a><\/p>\n<p><a href=\"https:\/\/blogsaverroes.juntadeandalucia.es\/ceiplaflorida\/files\/2022\/03\/MEN\u00da-NO-PESCADO-MARZO-2022.pdf\">MEN\u00da NO PESCADO MARZO 2022<\/a><\/p>\n<p><a href=\"https:\/\/blogsaverroes.juntadeandalucia.es\/ceiplaflorida\/files\/2022\/03\/MEN\u00da-SIN-GLUTEN-MARZO.pdf\">MEN\u00da SIN GLUTEN MARZO<\/a><\/p>\n<p>&nbsp;<\/p>\n<p>MEN\u00da FEBRERO 2022<\/p>\n<p>El mes m\u00e1s corto del a\u00f1o tambi\u00e9n tiene su propio men\u00fa. \u00a1Tienes 28 oportunidades para comer rico y sano!<\/p>\n<p><a href=\"https:\/\/blogsaverroes.juntadeandalucia.es\/ceiplaflorida\/files\/2022\/01\/MEN\u00da-FEBRERO-2022.pdf\">MEN\u00da FEBRERO 2022<\/a><\/p>\n<p><a href=\"https:\/\/blogsaverroes.juntadeandalucia.es\/ceiplaflorida\/files\/2022\/01\/RECOMENDACIONES-CENA-FEBRERO-2022.pdf\">RECOMENDACIONES CENA FEBRERO 2022<\/a><\/p>\n<p>MEN\u00da ENERO 2022<\/p>\n<p>Arrancamos el nuevo a\u00f1o con nuestro men\u00fa de comedor para el mes de enero. \u00a1Esperamos que os guste!<\/p>\n<p><a href=\"https:\/\/blogsaverroes.juntadeandalucia.es\/ceiplaflorida\/files\/2022\/01\/MEN\u00da-ENERO-2022.pdf\">MEN\u00da ENERO 2022<\/a><\/p>\n<p>&nbsp;<\/p>\n<p>MEN\u00da DICIEMBRE 2021<\/p>\n<p>\u00a1\u00daltimo men\u00fa del a\u00f1o! Esperamos que lo disfrut\u00e9is. Os compartimos como siempre recomendaciones para preparar cenas ricas y sanas. Enjoy!<\/p>\n<p><a href=\"https:\/\/blogsaverroes.juntadeandalucia.es\/ceiplaflorida\/files\/2021\/12\/MEN\u00da-DICIEMBRE-2021.pdf\">MEN\u00da DICIEMBRE 2021<\/a><\/p>\n<p><a href=\"https:\/\/blogsaverroes.juntadeandalucia.es\/ceiplaflorida\/files\/2021\/12\/RECOMENDACIONES-CENA-DICIEMBRE-2021.pdf\">RECOMENDACIONES CENA DICIEMBRE 2021<\/a><\/p>\n<p>&nbsp;<\/p>\n<p>MEN\u00da NOVIEMBRE 2021<\/p>\n<p>Os dejamos el men\u00fa correspondiente al mes de noviembre y una lista de cenas saludables para que pruebes durante este tiempo. Bon appetit!<\/p>\n<p><a href=\"https:\/\/blogsaverroes.juntadeandalucia.es\/ceiplaflorida\/files\/2021\/11\/MEN\u00da-NOVIEMBRE-2021.pdf\">MEN\u00da NOVIEMBRE 2021<\/a><\/p>\n<p><a href=\"https:\/\/blogsaverroes.juntadeandalucia.es\/ceiplaflorida\/files\/2021\/11\/RECOMENDACIONES-CENAS-NOVIEMBRE-COMERTEL.pdf\">RECOMENDACIONES CENAS NOVIEMBRE COMERTEL<\/a><\/p>\n<p>&nbsp;<\/p>\n<p><strong>SOLICITUD DE LOS SERVICIOS DE COMEDOR, AULA MATINAL Y ACTIVIDADES EXTRAESCOLARES<\/strong><\/p>\n<p>Estimadas familias, adjuntamos el documento necesario para solicitar los servicios de comedor, aula matinal y actividades extraescolares as\u00ed como el documento necesario para solicitar la bonificaci\u00f3n o gratuidad de estos servicios. Esperamos que os sean \u00fatiles<\/p>\n<p><a href=\"https:\/\/blogsaverroes.juntadeandalucia.es\/ceiplaflorida\/files\/2020\/10\/SOLICITUD-DE-SERVICIOS.pdf\">SOLICITUD DE SERVICIOS<\/a><\/p>\n<p><a href=\"https:\/\/blogsaverroes.juntadeandalucia.es\/ceiplaflorida\/files\/2020\/10\/SOLICITUD-DE-BONIFICACION.pdf\">SOLICITUD DE BONIFICACION<\/a><\/p>\n<h4>COMEDOR ESCOLAR<\/h4>\n<p>Los comedores escolares son un servicio complementario que resulta de gran utilidad a padres y madres para ayudarles a&nbsp;conciliar la vida laboral y familiar. Tienen una duraci\u00f3n de hasta dos horas desde que acaba la jornada escolar de la ma\u00f1ana (de 14.00 a 16.00 horas).<\/p>\n<p>Los comedores son adem\u00e1s una pieza importante&nbsp;en todas las medidas dirigidas a mejorar los h\u00e1bitos alimenticios de los ni\u00f1os y ni\u00f1as y prevenir problemas de salud como la obesidad.<\/p>\n<p>Los comedores escolares de los centros p\u00fablicos andaluces promueven una alimentaci\u00f3n saludable que est\u00e1 supervisada por nutricionistas y que, entre otros aspectos, se caracteriza por:<\/p>\n<p>Una mayor proporci\u00f3n de verdura en los men\u00fas<\/p>\n<p>Fruta fresca como postre al menos cuatro d\u00edas a la semana<\/p>\n<p>Uso de aceite de oliva virgen extra<\/p>\n<p>M\u00e1s pescado que carne, que debe ser magra<\/p>\n<p>Prohibici\u00f3n de los alimentos precocinados y limitaci\u00f3n de los fritos<\/p>\n<p>Apuesta por la dieta mediterr\u00e1nea y los productos ecol\u00f3gicos.<\/p>\n<h2 class=\"m_-7395303046185516242vc_custom_heading\">EMPRESA COMEDOR:&nbsp;&nbsp;ARAMARK<\/h2>\n<p><strong>Horarios de salida de comedor:<\/strong> a las <strong>14:45<\/strong> y a las <strong>15:45<\/strong><\/p>\n<p>&nbsp;<\/p>\n<p><strong>Normas comedor 2017-2018:&nbsp;&nbsp;&nbsp; <\/strong><a href=\"https:\/\/blogsaverroes.juntadeandalucia.es\/ceiplaflorida\/files\/2015\/03\/normativa-comedor-17-18.pdf\">normativa comedor 17-18<\/a><\/p>\n<p>&nbsp;<\/p>\n<p><strong>Normativa Servicios Complementarios<\/strong><\/p>\n<p><a title=\"Decreto 6\/2017, de 16 de enero, por el que se regulan los servicios complementarios de aula matinal, comedor escolar y actividades extraescolares, as\u00ed como el uso de las instalaciones de los centros docentes p\u00fablicos de la Comunidad Aut\u00f3noma de Andaluc\u00eda fuera del horario escolar.\" href=\"http:\/\/www.juntadeandalucia.es\/educacion\/portals\/web\/ced\/comedor-escolar\/-\/normativas\/detalle\/decreto-6-2017-de-16-de-enero-por-el-que-se-regulan-los-servicios-complementarios-de-aula-matinal-comedor-escolar-y\" target=\"_blank\" rel=\"noopener noreferrer\">Decreto 6\/2017, de 16 de enero, por el que se regulan los servicios complementarios de aula matinal, comedor escolar y actividades extraescolares, as\u00ed como el uso de las instalaciones de los centros docentes p\u00fablicos de la Comunidad Aut\u00f3noma de Andaluc\u00eda fuera del horario escolar.<\/a><\/p>\n<p><a title=\"Orden de 17 abril de 2017, por la que se regula la organizaci\u00f3n y el funcionamiento de los servicios complementarios de aula matinal, comedor escolar y actividades extraescolares, as\u00ed como el uso de las instalaciones de los centros docentes p\u00fablicos de la Comunidad Aut\u00f3noma de Andaluc\u00eda fuera del horario escolar.\" href=\"http:\/\/www.juntadeandalucia.es\/educacion\/portals\/web\/ced\/comedor-escolar\/-\/normativas\/detalle\/orden-de-17-abril-de-2017-por-la-que-se-regula-la-organizacion-y-el-funcionamiento-de-los-servicios-complementarios-de\" target=\"_blank\" rel=\"noopener noreferrer\">Orden de 17 abril de 2017, por la que se regula la organizaci\u00f3n y el funcionamiento de los servicios complementarios de aula matinal, comedor escolar y actividades extraescolares, as\u00ed como el uso de las instalaciones de los centros docentes p\u00fablicos de la Comunidad Aut\u00f3noma de Andaluc\u00eda fuera del horario escolar.<\/a><\/p>\n<p><strong>PARA MAS INFORMACI\u00d3N:<\/strong><\/p>\n<p><a href=\"https:\/\/www.juntadeandalucia.es\/ciudadania\/web\/guest\/procedimientos?p_p_id=catalogoProcedimientos_WAR_catalogoProcedimientosportlet&amp;p_p_lifecycle=0&amp;p_p_col_id=column2&amp;p_p_col_count=2&amp;_catalogoProcedimientos_WAR_catalogoProcedimientosportlet_cmd=detalle&amp;p_r_p_564233524_idProcedimiento=2389\" target=\"_blank\" rel=\"noopener noreferrer\">https:\/\/www.juntadeandalucia.es\/ciudadania\/web\/guest\/procedimientos?p_p_id=catalogoProcedimientos_WAR_catalogoProcedimientosportlet&amp;p_p_lifecycle=0&amp;p_p_col_id=column2&amp;p_p_col_count=2&amp;_catalogoProcedimientos_WAR_catalogoProcedimientosportlet_cmd=detalle&amp;p_r_p_564233524_idProcedimiento=2389<\/a><\/p>\n<p>&nbsp;<\/p>\n<p align=\"left\"><strong>IMPRESOS PARA SERVICIOS COMPLEMENTARIOS:<\/strong><\/p>\n<p align=\"left\"><a href=\"http:\/\/www.juntadeandalucia.es\/educacion\/portals\/web\/ced\/servicios-complementarios\/-\/normativas\/detalle\/orden-de-17-abril-de-2017-por-la-que-se-regula-la-organizacion-y-el-funcionamiento-de-los-servicios-complementarios-de\" target=\"_blank\" rel=\"noopener noreferrer\">http:\/\/www.juntadeandalucia.es\/educacion\/portals\/web\/ced\/servicios-complementarios\/-\/normativas\/detalle\/orden-de-17-abril-de-2017-por-la-que-se-regula-la-organizacion-y-el-funcionamiento-de-los-servicios-complementarios-de<\/a><\/p>\n<p>&nbsp;<\/p>\n<p><a href=\"https:\/\/blogsaverroes.juntadeandalucia.es\/ceiplaflorida\/files\/2015\/03\/extraesc-3.jpg\"><img loading=\"lazy\" decoding=\"async\" class=\"alignnone size-medium wp-image-2220\" src=\"https:\/\/blogsaverroes.juntadeandalucia.es\/ceiplaflorida\/files\/2015\/03\/extraesc-3-207x300.jpg\" alt=\"\" width=\"207\" height=\"300\" srcset=\"https:\/\/blogsaverroes.juntadeandalucia.es\/ceiplaflorida\/files\/2015\/03\/extraesc-3-207x300.jpg 207w, https:\/\/blogsaverroes.juntadeandalucia.es\/ceiplaflorida\/files\/2015\/03\/extraesc-3-705x1024.jpg 705w, https:\/\/blogsaverroes.juntadeandalucia.es\/ceiplaflorida\/files\/2015\/03\/extraesc-3-17x24.jpg 17w, https:\/\/blogsaverroes.juntadeandalucia.es\/ceiplaflorida\/files\/2015\/03\/extraesc-3-25x36.jpg 25w, https:\/\/blogsaverroes.juntadeandalucia.es\/ceiplaflorida\/files\/2015\/03\/extraesc-3-33x48.jpg 33w, https:\/\/blogsaverroes.juntadeandalucia.es\/ceiplaflorida\/files\/2015\/03\/extraesc-3.jpg 1102w\" sizes=\"(max-width: 207px) 100vw, 207px\" \/><\/a><\/p>\n<p>&nbsp;<\/p>\n<p>&nbsp;<\/p>\n","protected":false},"excerpt":{"rendered":"<p>CURSO 24-25 SEPTIEMBRE MEN\u00da BASAL PRIMARIA SEPTIEMBRE MEN\u00da BASAL INFANTIL SEPTIEMBRE &nbsp; CURSO 2023-2024 ABRIL MEN\u00da ABRIL COMERTEL RECOMENDACIONES CENA ABRIL COMERTEL MARZO RECOMENDACIONES CENA MARZO COMERTEL MENU MARZO COMERTEL FEBRERO MEN\u00da FEBRERO COMPLETO&#46;&#46;&#46;<\/p>\n","protected":false},"author":1,"featured_media":0,"parent":0,"menu_order":0,"comment_status":"open","ping_status":"open","template":"page-templates\/child-menu.php","meta":{"ngg_post_thumbnail":0,"footnotes":"","_mc_calendar":[]},"aioseo_notices":[],"_links":{"self":[{"href":"https:\/\/blogsaverroes.juntadeandalucia.es\/ceiplaflorida\/wp-json\/wp\/v2\/pages\/99"}],"collection":[{"href":"https:\/\/blogsaverroes.juntadeandalucia.es\/ceiplaflorida\/wp-json\/wp\/v2\/pages"}],"about":[{"href":"https:\/\/blogsaverroes.juntadeandalucia.es\/ceiplaflorida\/wp-json\/wp\/v2\/types\/page"}],"author":[{"embeddable":true,"href":"https:\/\/blogsaverroes.juntadeandalucia.es\/ceiplaflorida\/wp-json\/wp\/v2\/users\/1"}],"replies":[{"embeddable":true,"href":"https:\/\/blogsaverroes.juntadeandalucia.es\/ceiplaflorida\/wp-json\/wp\/v2\/comments?post=99"}],"version-history":[{"count":55,"href":"https:\/\/blogsaverroes.juntadeandalucia.es\/ceiplaflorida\/wp-json\/wp\/v2\/pages\/99\/revisions"}],"predecessor-version":[{"id":4497,"href":"https:\/\/blogsaverroes.juntadeandalucia.es\/ceiplaflorida\/wp-json\/wp\/v2\/pages\/99\/revisions\/4497"}],"wp:attachment":[{"href":"https:\/\/blogsaverroes.juntadeandalucia.es\/ceiplaflorida\/wp-json\/wp\/v2\/media?parent=99"}],"curies":[{"name":"wp","href":"https:\/\/api.w.org\/{rel}","templated":true}]}}