{"id":113,"date":"2020-04-17T08:06:00","date_gmt":"2020-04-17T08:06:00","guid":{"rendered":"http:\/\/blogsaverroes.juntadeandalucia.es\/pre\/ceip\/?page_id=113"},"modified":"2024-04-05T09:44:49","modified_gmt":"2024-04-05T09:44:49","slug":"biblioteca","status":"publish","type":"page","link":"https:\/\/blogsaverroes.juntadeandalucia.es\/ceiplagloria\/biblioteca\/","title":{"rendered":"Biblioteca"},"content":{"rendered":"<p style=\"text-align: center\"><a href=\"https:\/\/blogsaverroes.juntadeandalucia.es\/ceiplagloria\/files\/2024\/04\/LOGO-LEMA-CURSO-BIBLIOTECAS-INCLUSIVAS-BIBLIOTECAS-QUE-UNEN-FONDO-BLANCO.png\"><img loading=\"lazy\" decoding=\"async\" class=\"alignnone wp-image-3617 size-medium\" src=\"https:\/\/blogsaverroes.juntadeandalucia.es\/ceiplagloria\/files\/2024\/04\/LOGO-LEMA-CURSO-BIBLIOTECAS-INCLUSIVAS-BIBLIOTECAS-QUE-UNEN-FONDO-BLANCO-300x300.png\" alt=\"\" width=\"300\" height=\"300\" srcset=\"https:\/\/blogsaverroes.juntadeandalucia.es\/ceiplagloria\/files\/2024\/04\/LOGO-LEMA-CURSO-BIBLIOTECAS-INCLUSIVAS-BIBLIOTECAS-QUE-UNEN-FONDO-BLANCO-300x300.png 300w, https:\/\/blogsaverroes.juntadeandalucia.es\/ceiplagloria\/files\/2024\/04\/LOGO-LEMA-CURSO-BIBLIOTECAS-INCLUSIVAS-BIBLIOTECAS-QUE-UNEN-FONDO-BLANCO-150x150.png 150w, https:\/\/blogsaverroes.juntadeandalucia.es\/ceiplagloria\/files\/2024\/04\/LOGO-LEMA-CURSO-BIBLIOTECAS-INCLUSIVAS-BIBLIOTECAS-QUE-UNEN-FONDO-BLANCO.png 500w\" sizes=\"(max-width: 300px) 100vw, 300px\" \/><\/a><\/p>\n<p style=\"text-align: justify\">La biblioteca del CEIP La Gloria se ha convertido desde su creaci\u00f3n en un eje vertebrador de la actividad del centro. Por tanto, es un referente donde se pueden encontrar recursos para la ense\u00f1anza y el aprendizaje para toda la comunidad educativa. As\u00ed, el espacio f\u00edsico se extiende a todo el centro a trav\u00e9s de actividades que tienen por objeto el fomento de la lectura y el acceso a la cultura para toda la comunidad educativa.<\/p>\n<p style=\"text-align: justify\">Para ello, adem\u00e1s de las diferentes secciones, contamos con recursos de acceso digital como tablets, juegos y otros materiales. Por otro lado, se oferta un amplio cat\u00e1logo que incluye las demandas de nuestro alumnado y sus familias.<\/p>\n<p style=\"text-align: justify\">Como Comunidad de aprendizaje, el equipo de biblioteca se ha visto reforzado y ha redefinido su papel, siendo la piedra angular de una de las actividades estrella: <a href=\"https:\/\/losmundosdebiblienlagloria.blogspot.com\/p\/biblioteca.html\">Las tertulias dial\u00f3gicas<\/a>. Este equipo interdisciplinar nos permite valernos de otros proyectos para cumplir nuestros objetivos. As\u00ed, los cuentos, el teatro y la escritura est\u00e1n presentes en proyectos como el de Coeducaci\u00f3n o Escuela: Espacio de Paz.<\/p>\n<p style=\"text-align: justify\"><a href=\"https:\/\/blogsaverroes.juntadeandalucia.es\/ceiplagloria\/files\/2024\/04\/E57D5B08-5257-4AE5-AED4-CFC1D1C56A69-scaled.jpeg\" target=\"_blank\" rel=\"noopener noreferrer\"><img loading=\"lazy\" decoding=\"async\" class=\"aligncenter wp-image-3616 size-large\" src=\"https:\/\/blogsaverroes.juntadeandalucia.es\/ceiplagloria\/files\/2024\/04\/E57D5B08-5257-4AE5-AED4-CFC1D1C56A69-1024x768.jpeg\" alt=\"\" width=\"782\" height=\"587\" srcset=\"https:\/\/blogsaverroes.juntadeandalucia.es\/ceiplagloria\/files\/2024\/04\/E57D5B08-5257-4AE5-AED4-CFC1D1C56A69-1024x768.jpeg 1024w, https:\/\/blogsaverroes.juntadeandalucia.es\/ceiplagloria\/files\/2024\/04\/E57D5B08-5257-4AE5-AED4-CFC1D1C56A69-300x225.jpeg 300w, https:\/\/blogsaverroes.juntadeandalucia.es\/ceiplagloria\/files\/2024\/04\/E57D5B08-5257-4AE5-AED4-CFC1D1C56A69-768x576.jpeg 768w, https:\/\/blogsaverroes.juntadeandalucia.es\/ceiplagloria\/files\/2024\/04\/E57D5B08-5257-4AE5-AED4-CFC1D1C56A69-1536x1152.jpeg 1536w, https:\/\/blogsaverroes.juntadeandalucia.es\/ceiplagloria\/files\/2024\/04\/E57D5B08-5257-4AE5-AED4-CFC1D1C56A69-2048x1536.jpeg 2048w, https:\/\/blogsaverroes.juntadeandalucia.es\/ceiplagloria\/files\/2024\/04\/E57D5B08-5257-4AE5-AED4-CFC1D1C56A69-scaled.jpeg 1600w\" sizes=\"(max-width: 782px) 100vw, 782px\" \/><\/a><\/p>\n<p style=\"text-align: justify\">Estas actividades son promovidas por un rico grupo de docentes que trabajan en equipo con gran inter\u00e9s por su formaci\u00f3n y cualificaci\u00f3n. Este equipo est\u00e1 formado por profesorado especialista, generalista y por la maestra de compensatoria, una pieza fundamental dadas las caracter\u00edsticas de nuestro centro.<\/p>\n<p style=\"text-align: justify\">A partir de la formaci\u00f3n GESTIONANDO NUESTRAS BIBLIOTECAS ESCOLARES CON BIBLIOWEB-S\u00c9NECA (222922GE063) el cat\u00e1logo de nuestra biblioteca ha sido completamente actualizado y los fondos han sido revisados para poder asegurar los pr\u00e9stamos a trav\u00e9s de la plataforma usando el registro online. Esta formaci\u00f3n ha sido&nbsp;&nbsp;&nbsp;&nbsp;&nbsp;&nbsp;&nbsp; enriquecida con una participaci\u00f3n activa en la Red Profesional de Bibliotecas Escolares de la Provincia.&nbsp; Adem\u00e1s, nuestro equipo directivo est\u00e1 especialmente involucrado en la planificaci\u00f3n, desarrollo y evaluaci\u00f3n de todas nuestras actividades.<\/p>\n<p style=\"text-align: justify\">Nuestra biblioteca se organiza en tres espacios: consulta, lectura y trabajo. Adem\u00e1s, el espacio de lectura facilita su uso al alumnado de infantil con un rinc\u00f3n adaptado a sus necesidades.<\/p>\n<p style=\"text-align: justify\">&nbsp;<\/p>\n<p style=\"text-align: justify\"><strong>ACCESO Y TRATAMIENTO DE LA INFORMACI\u00d3N EN NUESTRA BIBLIOTECA<\/strong><\/p>\n<p style=\"text-align: justify\">Durante dos cursos elaboramos un proyecto ambicioso que involucrase a todo el centro educativo para fomentar no solo la motivaci\u00f3n en investigar por ellos mismos a trav\u00e9s de la lectura, sino que consigui\u00e9semos crear una actividad enfocada al trabajo biblioteca-aula de forma activa. Y fue aqu\u00ed donde tom\u00f3 forma nuestro <strong>TOUR VIRTUAL.<\/strong> Los alumnos de la gloria se convertira\u0301n en \u201cinvestigadores bibliotecarios\u201d y ellos mismos analizar\u00e1n todos los rincones y \u00e1reas de la biblioteca para documentarse, cerciorarse qu\u00e9 podemos encontrar en cada estanter\u00eda, elegir los mejores libros y autores de cada estante para finalmente, presentarlos ellos mismos en un video individual o en peque\u00f1os grupos para su posterior edici\u00f3n. Hasta 63 videos hemos llegado a grabar que han sido posteriormente enlazadas a 63 co\u0301digos QR, los cuales sera\u0301n la clave para generar esa \u201cventana\u201d que une las aulas con la biblioteca. Cada tutor\u00eda tiene una misi\u00f3n en la biblioteca, que junto al bibliotecario se han encargado de organizar dichas creaciones. Para ello se debi\u00f3 llevar a cabo un duro proceso de asignaci\u00f3n de las diferentes \u00e1reas y zonas de la biblioteca con las tutor\u00edas para que pudiesen cumplir su cometido:<\/p>\n<p style=\"text-align: justify\">&nbsp;-Infantil: libros para ver, libros con m\u00fasica, libros para contar, libros con sorpresa..<\/p>\n<p style=\"text-align: justify\">-Primer Ciclo: Cuentos, colecciones, ediciones especiales de diversas tiradas sobre sus sagas favoritas. Asi\u0301 como presentar nuestro mural \u201cLeerFlix\u201d -Segundo Ciclo: Ciencias de la naturaleza, colecci\u00f3n de cuentos registrados por nuestro conserje Luis Garc\u00eda Ru\u00edz, apartado novedades, el cuerpo humano, el hombre y la prehistoria etc<\/p>\n<p style=\"text-align: justify\">-Segundo Ciclo: Poes\u00eda y literatura, novelas y comics, Geograf\u00eda e Historia, The English corner, diccionarios y mapas, etnia gitana, libros de Arte etc .<\/p>\n<div class=\"embed-container\"><iframe loading=\"lazy\" title=\"Biblioteca La Gloria -- TOUR VIRTUAL\" width=\"750\" height=\"422\" src=\"https:\/\/www.youtube.com\/embed\/6T4fjBhXQGY?feature=oembed\" frameborder=\"0\" allow=\"accelerometer; autoplay; clipboard-write; encrypted-media; gyroscope; picture-in-picture; web-share\" referrerpolicy=\"strict-origin-when-cross-origin\" allowfullscreen><\/iframe><\/div>\n<p>&nbsp;<\/p>\n<p>&nbsp;<\/p>\n<p style=\"text-align: center\"><span style=\"color: #ff6600\"><em><span style=\"text-decoration: underline\"><strong>NUESTRA BIBLIOTECA<\/strong><\/span><\/em><\/span><\/p>\n<p><a href=\"https:\/\/blogsaverroes.juntadeandalucia.es\/ceiplagloria\/files\/2020\/02\/biblioteca.jpg\"><img loading=\"lazy\" decoding=\"async\" class=\"size-medium wp-image-2165 alignleft\" src=\"https:\/\/blogsaverroes.juntadeandalucia.es\/ceiplagloria\/files\/2020\/02\/biblioteca-300x225.jpg\" alt=\"\" width=\"300\" height=\"225\" srcset=\"https:\/\/blogsaverroes.juntadeandalucia.es\/ceiplagloria\/files\/2020\/02\/biblioteca-300x225.jpg 300w, https:\/\/blogsaverroes.juntadeandalucia.es\/ceiplagloria\/files\/2020\/02\/biblioteca.jpg 400w, https:\/\/blogsaverroes.juntadeandalucia.es\/ceiplagloria\/files\/2020\/02\/biblioteca-24x18.jpg 24w, https:\/\/blogsaverroes.juntadeandalucia.es\/ceiplagloria\/files\/2020\/02\/biblioteca-36x27.jpg 36w, https:\/\/blogsaverroes.juntadeandalucia.es\/ceiplagloria\/files\/2020\/02\/biblioteca-48x36.jpg 48w\" sizes=\"(max-width: 300px) 100vw, 300px\" \/><\/a><\/p>\n<p style=\"text-align: center\"><a href=\"https:\/\/blogsaverroes.juntadeandalucia.es\/ceiplagloria\/files\/2020\/02\/biblioteca2.jpg\"><img loading=\"lazy\" decoding=\"async\" class=\"size-medium wp-image-2167 alignright\" src=\"https:\/\/blogsaverroes.juntadeandalucia.es\/ceiplagloria\/files\/2020\/02\/biblioteca2-300x225.jpg\" alt=\"\" width=\"300\" height=\"225\" srcset=\"https:\/\/blogsaverroes.juntadeandalucia.es\/ceiplagloria\/files\/2020\/02\/biblioteca2-300x225.jpg 300w, https:\/\/blogsaverroes.juntadeandalucia.es\/ceiplagloria\/files\/2020\/02\/biblioteca2-24x18.jpg 24w, https:\/\/blogsaverroes.juntadeandalucia.es\/ceiplagloria\/files\/2020\/02\/biblioteca2-36x27.jpg 36w, https:\/\/blogsaverroes.juntadeandalucia.es\/ceiplagloria\/files\/2020\/02\/biblioteca2-48x36.jpg 48w, https:\/\/blogsaverroes.juntadeandalucia.es\/ceiplagloria\/files\/2020\/02\/biblioteca2.jpg 500w\" sizes=\"(max-width: 300px) 100vw, 300px\" \/><\/a> <a href=\"https:\/\/blogsaverroes.juntadeandalucia.es\/ceiplagloria\/files\/2020\/02\/biblioteca_1.jpg\"><img loading=\"lazy\" decoding=\"async\" class=\"size-medium wp-image-2166 alignnone\" src=\"https:\/\/blogsaverroes.juntadeandalucia.es\/ceiplagloria\/files\/2020\/02\/biblioteca_1-300x225.jpg\" alt=\"\" width=\"300\" height=\"225\" srcset=\"https:\/\/blogsaverroes.juntadeandalucia.es\/ceiplagloria\/files\/2020\/02\/biblioteca_1-300x225.jpg 300w, https:\/\/blogsaverroes.juntadeandalucia.es\/ceiplagloria\/files\/2020\/02\/biblioteca_1-24x18.jpg 24w, https:\/\/blogsaverroes.juntadeandalucia.es\/ceiplagloria\/files\/2020\/02\/biblioteca_1-36x27.jpg 36w, https:\/\/blogsaverroes.juntadeandalucia.es\/ceiplagloria\/files\/2020\/02\/biblioteca_1-48x36.jpg 48w, https:\/\/blogsaverroes.juntadeandalucia.es\/ceiplagloria\/files\/2020\/02\/biblioteca_1.jpg 500w\" sizes=\"(max-width: 300px) 100vw, 300px\" \/><\/a><img loading=\"lazy\" decoding=\"async\" class=\"alignnone size-full wp-image-2479\" src=\"https:\/\/blogsaverroes.juntadeandalucia.es\/ceiplagloria\/files\/2020\/05\/COLLAGE-BIBLIOTECA.jpg\" alt=\"\" width=\"500\" height=\"513\" srcset=\"https:\/\/blogsaverroes.juntadeandalucia.es\/ceiplagloria\/files\/2020\/05\/COLLAGE-BIBLIOTECA.jpg 500w, https:\/\/blogsaverroes.juntadeandalucia.es\/ceiplagloria\/files\/2020\/05\/COLLAGE-BIBLIOTECA-292x300.jpg 292w, https:\/\/blogsaverroes.juntadeandalucia.es\/ceiplagloria\/files\/2020\/05\/COLLAGE-BIBLIOTECA-24x24.jpg 24w, https:\/\/blogsaverroes.juntadeandalucia.es\/ceiplagloria\/files\/2020\/05\/COLLAGE-BIBLIOTECA-36x36.jpg 36w, https:\/\/blogsaverroes.juntadeandalucia.es\/ceiplagloria\/files\/2020\/05\/COLLAGE-BIBLIOTECA-48x48.jpg 48w\" sizes=\"(max-width: 500px) 100vw, 500px\" \/><\/p>\n<p>&nbsp;<\/p>\n","protected":false},"excerpt":{"rendered":"<p>La biblioteca del CEIP La Gloria se ha convertido desde su creaci\u00f3n en un eje vertebrador de la actividad del centro. Por tanto, es un referente donde se pueden encontrar recursos para la ense\u00f1anza y el aprendizaje para toda la comunidad educativa. As\u00ed, el espacio f\u00edsico se extiende a todo el centro a trav\u00e9s de &hellip; <\/p>\n<p><a class=\"more-link btn\" href=\"https:\/\/blogsaverroes.juntadeandalucia.es\/ceiplagloria\/biblioteca\/\">Seguir leyendo<\/a><\/p>\n","protected":false},"author":1,"featured_media":0,"parent":0,"menu_order":0,"comment_status":"closed","ping_status":"open","template":"page-cs.php","meta":{"ngg_post_thumbnail":0,"footnotes":"","_mc_calendar":[]},"aioseo_notices":[],"_links":{"self":[{"href":"https:\/\/blogsaverroes.juntadeandalucia.es\/ceiplagloria\/wp-json\/wp\/v2\/pages\/113"}],"collection":[{"href":"https:\/\/blogsaverroes.juntadeandalucia.es\/ceiplagloria\/wp-json\/wp\/v2\/pages"}],"about":[{"href":"https:\/\/blogsaverroes.juntadeandalucia.es\/ceiplagloria\/wp-json\/wp\/v2\/types\/page"}],"author":[{"embeddable":true,"href":"https:\/\/blogsaverroes.juntadeandalucia.es\/ceiplagloria\/wp-json\/wp\/v2\/users\/1"}],"replies":[{"embeddable":true,"href":"https:\/\/blogsaverroes.juntadeandalucia.es\/ceiplagloria\/wp-json\/wp\/v2\/comments?post=113"}],"version-history":[{"count":17,"href":"https:\/\/blogsaverroes.juntadeandalucia.es\/ceiplagloria\/wp-json\/wp\/v2\/pages\/113\/revisions"}],"predecessor-version":[{"id":3618,"href":"https:\/\/blogsaverroes.juntadeandalucia.es\/ceiplagloria\/wp-json\/wp\/v2\/pages\/113\/revisions\/3618"}],"wp:attachment":[{"href":"https:\/\/blogsaverroes.juntadeandalucia.es\/ceiplagloria\/wp-json\/wp\/v2\/media?parent=113"}],"curies":[{"name":"wp","href":"https:\/\/api.w.org\/{rel}","templated":true}]}}