{"id":2242,"date":"2020-03-24T21:52:45","date_gmt":"2020-03-24T21:52:45","guid":{"rendered":"https:\/\/blogsaverroes.juntadeandalucia.es\/ceiplagloria\/?page_id=2242"},"modified":"2020-03-24T21:52:45","modified_gmt":"2020-03-24T21:52:45","slug":"pasen","status":"publish","type":"page","link":"https:\/\/blogsaverroes.juntadeandalucia.es\/ceiplagloria\/pasen\/","title":{"rendered":"PASEN"},"content":{"rendered":"<p><em><span style=\"color: #008000\"><strong>PASEN<\/strong><\/span><\/em>&nbsp;es servicio de la Consejer\u00eda de Educaci\u00f3n&nbsp;que permite la&nbsp;comunicaci\u00f3n entre los distintos miembros de la comunidad educativa&nbsp;(tutores\/as legales, alumnado, cargos directivos y profesorado).&nbsp;<\/p>\n<p>Este servicio de valor a\u00f1adido se apoya en una aplicaci\u00f3n Web que act\u00faa de canal de comunicaci\u00f3n y que ofrece a todos los agentes de&nbsp;&nbsp;la Comunidad Educativa la posibilidad de mantener un di\u00e1logo fluido y cotidiano, a\u00fan para aquellos que por diversos motivos, &nbsp;ya &nbsp;sean &nbsp;personales, &nbsp;laborales &nbsp;o &nbsp;de &nbsp;cualquier &nbsp;otro &nbsp;origen, &nbsp;no puedan llevarlo a cabo del modo tradicional haciendo efectiva el concepto de la tutor\u00eda electr\u00f3nica.<\/p>\n<div class=\"embed-container\"><iframe loading=\"lazy\" title=\"PASEN\" width=\"750\" height=\"422\" src=\"https:\/\/www.youtube.com\/embed\/7ShGT1uK_Wg?start=26&#038;feature=oembed\" frameborder=\"0\" allow=\"accelerometer; autoplay; clipboard-write; encrypted-media; gyroscope; picture-in-picture; web-share\" referrerpolicy=\"strict-origin-when-cross-origin\" allowfullscreen><\/iframe><\/div>\n<p>Est\u00e1 disponible un nuevo procedimiento de <strong><span style=\"color: #008000\">\u00abautologin\u00bb o \u00abautorregistro\u00bb<\/span><\/strong> (sin necesidad de que el centro te proporcione las credenciales) para usuarios con perfiles tutor\/a legal y alumnado (tanto emancipado como no), mediante el cual cualquier padre\/madre o alumno\/a podr\u00e1 realizar un proceso de \u00abautologin\u00bb para obtener las credenciales de acceso a PASEN.<\/p>\n<p>Para realizar el \u00abautologin\u00bb a trav\u00e9s de la aplicaci\u00f3n web o de la app iPasen, las familias deber\u00e1n pinchar en el enlace &#8216;No tengo acceso&#8217; de la pantalla de login. Se requerir\u00e1n tres datos: El NIF, una fecha de nacimiento (de algunos de sus hijos\/as o la suya propia) y un n\u00famero de tel\u00e9fono m\u00f3vil donde recibir\u00e1 por SMS las credenciales. Este \u00faltimo deber\u00e1 coincidir con el que consta en S\u00e9neca para los tutores legales o para el alumnado.<\/p>\n<p><img loading=\"lazy\" decoding=\"async\" class=\"aligncenter\" src=\"https:\/\/www.juntadeandalucia.es\/educacion\/portalseneca\/image\/image_gallery?uuid=3cdba349-245c-4945-9978-966d854efa70&amp;groupId=137186&amp;t=1510319626461\" alt=\"\" width=\"250\" height=\"287\" align=\"middle\"><\/p>\n<p>Aqu\u00ed tiene un tutorial explicativo para el <strong><span style=\"color: #008000\">autorregistro<\/span><\/strong> en <span style=\"color: #008000\">PASEN.<\/span><\/p>\n<div class=\"embed-container\"><iframe loading=\"lazy\" title=\"Autologin o autorregistro en iPasen\" width=\"750\" height=\"563\" src=\"https:\/\/www.youtube.com\/embed\/cHLova48ULE?feature=oembed\" frameborder=\"0\" allow=\"accelerometer; autoplay; clipboard-write; encrypted-media; gyroscope; picture-in-picture; web-share\" referrerpolicy=\"strict-origin-when-cross-origin\" allowfullscreen><\/iframe><\/div>\n<p>&nbsp;<\/p>\n<p>&nbsp;<\/p>\n","protected":false},"excerpt":{"rendered":"<p>PASEN&nbsp;es servicio de la Consejer\u00eda de Educaci\u00f3n&nbsp;que permite la&nbsp;comunicaci\u00f3n entre los distintos miembros de la comunidad educativa&nbsp;(tutores\/as legales, alumnado, cargos directivos y profesorado).&nbsp; Este servicio de valor a\u00f1adido se apoya en una aplicaci\u00f3n Web que act\u00faa de canal de comunicaci\u00f3n y que ofrece a todos los agentes de&nbsp;&nbsp;la Comunidad Educativa la posibilidad de mantener un &hellip; <\/p>\n<p><a class=\"more-link btn\" href=\"https:\/\/blogsaverroes.juntadeandalucia.es\/ceiplagloria\/pasen\/\">Seguir leyendo<\/a><\/p>\n","protected":false},"author":8164,"featured_media":0,"parent":0,"menu_order":0,"comment_status":"closed","ping_status":"closed","template":"","meta":{"ngg_post_thumbnail":0,"footnotes":"","_mc_calendar":[]},"aioseo_notices":[],"_links":{"self":[{"href":"https:\/\/blogsaverroes.juntadeandalucia.es\/ceiplagloria\/wp-json\/wp\/v2\/pages\/2242"}],"collection":[{"href":"https:\/\/blogsaverroes.juntadeandalucia.es\/ceiplagloria\/wp-json\/wp\/v2\/pages"}],"about":[{"href":"https:\/\/blogsaverroes.juntadeandalucia.es\/ceiplagloria\/wp-json\/wp\/v2\/types\/page"}],"author":[{"embeddable":true,"href":"https:\/\/blogsaverroes.juntadeandalucia.es\/ceiplagloria\/wp-json\/wp\/v2\/users\/8164"}],"replies":[{"embeddable":true,"href":"https:\/\/blogsaverroes.juntadeandalucia.es\/ceiplagloria\/wp-json\/wp\/v2\/comments?post=2242"}],"version-history":[{"count":1,"href":"https:\/\/blogsaverroes.juntadeandalucia.es\/ceiplagloria\/wp-json\/wp\/v2\/pages\/2242\/revisions"}],"predecessor-version":[{"id":2243,"href":"https:\/\/blogsaverroes.juntadeandalucia.es\/ceiplagloria\/wp-json\/wp\/v2\/pages\/2242\/revisions\/2243"}],"wp:attachment":[{"href":"https:\/\/blogsaverroes.juntadeandalucia.es\/ceiplagloria\/wp-json\/wp\/v2\/media?parent=2242"}],"curies":[{"name":"wp","href":"https:\/\/api.w.org\/{rel}","templated":true}]}}