{"id":2248,"date":"2020-03-24T22:14:00","date_gmt":"2020-03-24T22:14:00","guid":{"rendered":"https:\/\/blogsaverroes.juntadeandalucia.es\/ceiplagloria\/?page_id=2248"},"modified":"2020-05-20T19:04:52","modified_gmt":"2020-05-20T19:04:52","slug":"comunidad-de-aprendizaje","status":"publish","type":"page","link":"https:\/\/blogsaverroes.juntadeandalucia.es\/ceiplagloria\/comunidad-de-aprendizaje\/","title":{"rendered":"Comunidad de Aprendizaje"},"content":{"rendered":"<p style=\"text-align: justify\">En Andaluc\u00eda se han venido desarrollando durante los \u00faltimos a\u00f1os experiencias participativas llevadas a cabo por centros configurados como Comunidad de Aprendizaje que van consiguiendo, paulatinamente, transformar la realidad socioeducativa de la escuela y su entorno, movilizando la aportaci\u00f3n cultural y educativa de muchas personas implicadas en la mejora de la educaci\u00f3n.<\/p>\n<p style=\"text-align: justify\">Una Comunidad de Aprendizaje&nbsp;<strong>es un proyecto de transformaci\u00f3n<\/strong>&nbsp;que desde los centros educativos y a trav\u00e9s de la utilizaci\u00f3n de ciertas herramientas, est\u00e1&nbsp;<strong>focalizado en el \u00e9xito escolar<\/strong>&nbsp;y, en el cual, el proceso de ense\u00f1anza-aprendizaje no recae exclusivamente en manos del profesorado, sino que&nbsp;<strong>depende de la implicaci\u00f3n conjunta<\/strong>&nbsp;del personal del centro educativo y de diferentes sectores:&nbsp;<strong>familias, asociaciones y voluntariado.<\/strong><\/p>\n<p style=\"text-align: justify\">Por ello, la Consejer\u00eda de Educaci\u00f3n, consciente de la labor que numerosos centros andaluces, entre ellos el nuestro, conformados en Comunidad de Aprendizaje est\u00e1n realizando y de los buenos logros obtenidos, ha regulado mediante Orden de 8 de Junio de 2012, el procedimiento de inscripci\u00f3n y continuidad de centros reconocidos como \u00abComunidad de Aprendizaje\u00bb y ha creado la Red Andaluza \u00abComunidades de Aprendizaje\u00bb.<\/p>\n<div id=\"attachment_2453\" style=\"width: 175px\" class=\"wp-caption aligncenter\"><a href=\"https:\/\/prezi.com\/lx1n_qvd3vqt\/construccion-de-comunidades-de-aprendizaje\/\" target=\"_blank\" rel=\"noopener noreferrer\"><img loading=\"lazy\" decoding=\"async\" aria-describedby=\"caption-attachment-2453\" class=\"wp-image-2453 size-full\" src=\"https:\/\/blogsaverroes.juntadeandalucia.es\/ceiplagloria\/files\/2020\/05\/comunidad-aprendizaje.jpg\" alt=\"\" width=\"175\" height=\"175\" srcset=\"https:\/\/blogsaverroes.juntadeandalucia.es\/ceiplagloria\/files\/2020\/05\/comunidad-aprendizaje.jpg 175w, https:\/\/blogsaverroes.juntadeandalucia.es\/ceiplagloria\/files\/2020\/05\/comunidad-aprendizaje-150x150.jpg 150w, https:\/\/blogsaverroes.juntadeandalucia.es\/ceiplagloria\/files\/2020\/05\/comunidad-aprendizaje-100x100.jpg 100w, https:\/\/blogsaverroes.juntadeandalucia.es\/ceiplagloria\/files\/2020\/05\/comunidad-aprendizaje-24x24.jpg 24w, https:\/\/blogsaverroes.juntadeandalucia.es\/ceiplagloria\/files\/2020\/05\/comunidad-aprendizaje-36x36.jpg 36w, https:\/\/blogsaverroes.juntadeandalucia.es\/ceiplagloria\/files\/2020\/05\/comunidad-aprendizaje-48x48.jpg 48w\" sizes=\"(max-width: 175px) 100vw, 175px\" \/><\/a><p id=\"caption-attachment-2453\" class=\"wp-caption-text\"><strong><span style=\"color: #339966\">Pinche en la imagen para&nbsp; &nbsp; &nbsp; &nbsp; &nbsp; &nbsp; &nbsp; &nbsp;saber m\u00e1s<\/span><\/strong><\/p><\/div>\n<p>En el siguiente enlace encontrar\u00e1 m\u00e1s informaci\u00f3n sobre <a href=\"https:\/\/www.juntadeandalucia.es\/educacion\/portalaverroes\/programasinnovadores\/contenido\/comunidades-de-aprendizaje\"><strong>Comunidades de Aprendizaje<\/strong><\/a><\/p>\n","protected":false},"excerpt":{"rendered":"<p>En Andaluc\u00eda se han venido desarrollando durante los \u00faltimos a\u00f1os experiencias participativas llevadas a cabo por centros configurados como Comunidad de Aprendizaje que van consiguiendo, paulatinamente, transformar la realidad socioeducativa de la escuela y su entorno, movilizando la aportaci\u00f3n cultural y educativa de muchas personas implicadas en la mejora de la educaci\u00f3n. Una Comunidad de &hellip; <\/p>\n<p><a class=\"more-link btn\" href=\"https:\/\/blogsaverroes.juntadeandalucia.es\/ceiplagloria\/comunidad-de-aprendizaje\/\">Seguir leyendo<\/a><\/p>\n","protected":false},"author":8164,"featured_media":0,"parent":0,"menu_order":0,"comment_status":"closed","ping_status":"closed","template":"","meta":{"ngg_post_thumbnail":0,"footnotes":"","_mc_calendar":[]},"aioseo_notices":[],"_links":{"self":[{"href":"https:\/\/blogsaverroes.juntadeandalucia.es\/ceiplagloria\/wp-json\/wp\/v2\/pages\/2248"}],"collection":[{"href":"https:\/\/blogsaverroes.juntadeandalucia.es\/ceiplagloria\/wp-json\/wp\/v2\/pages"}],"about":[{"href":"https:\/\/blogsaverroes.juntadeandalucia.es\/ceiplagloria\/wp-json\/wp\/v2\/types\/page"}],"author":[{"embeddable":true,"href":"https:\/\/blogsaverroes.juntadeandalucia.es\/ceiplagloria\/wp-json\/wp\/v2\/users\/8164"}],"replies":[{"embeddable":true,"href":"https:\/\/blogsaverroes.juntadeandalucia.es\/ceiplagloria\/wp-json\/wp\/v2\/comments?post=2248"}],"version-history":[{"count":5,"href":"https:\/\/blogsaverroes.juntadeandalucia.es\/ceiplagloria\/wp-json\/wp\/v2\/pages\/2248\/revisions"}],"predecessor-version":[{"id":2456,"href":"https:\/\/blogsaverroes.juntadeandalucia.es\/ceiplagloria\/wp-json\/wp\/v2\/pages\/2248\/revisions\/2456"}],"wp:attachment":[{"href":"https:\/\/blogsaverroes.juntadeandalucia.es\/ceiplagloria\/wp-json\/wp\/v2\/media?parent=2248"}],"curies":[{"name":"wp","href":"https:\/\/api.w.org\/{rel}","templated":true}]}}