{"id":2252,"date":"2020-03-24T22:22:27","date_gmt":"2020-03-24T22:22:27","guid":{"rendered":"https:\/\/blogsaverroes.juntadeandalucia.es\/ceiplagloria\/?page_id=2252"},"modified":"2020-05-20T19:41:32","modified_gmt":"2020-05-20T19:41:32","slug":"nuestras-actividades-de-exito","status":"publish","type":"page","link":"https:\/\/blogsaverroes.juntadeandalucia.es\/ceiplagloria\/nuestras-actividades-de-exito\/","title":{"rendered":"Nuestras actividades de \u00e9xito"},"content":{"rendered":"<p><strong>Entre<\/strong> y conozca algunas de las Actividades de \u00c9xito que llevamos a cabo en nuestro centro.<\/p>\n<p><strong>Pinche aqu\u00ed para ver las <a href=\"https:\/\/blogsaverroes.juntadeandalucia.es\/ceiplagloria\/files\/2020\/05\/ACTUACIONES_DE_EXITO2.pdf\">ACTUACIONES_DE_\u00c9XITO<\/a> <\/strong><\/p>\n<p style=\"text-align: center\"><a href=\"https:\/\/blogsaverroes.juntadeandalucia.es\/ceiplagloria\/files\/2020\/05\/COLLAGE-ACTIVIDADES-DE-\u00c9XITO.jpg\"><img loading=\"lazy\" decoding=\"async\" class=\"alignnone size-full wp-image-2451\" src=\"https:\/\/blogsaverroes.juntadeandalucia.es\/ceiplagloria\/files\/2020\/05\/COLLAGE-ACTIVIDADES-DE-\u00c9XITO.jpg\" alt=\"\" width=\"500\" height=\"500\" srcset=\"https:\/\/blogsaverroes.juntadeandalucia.es\/ceiplagloria\/files\/2020\/05\/COLLAGE-ACTIVIDADES-DE-\u00c9XITO.jpg 500w, https:\/\/blogsaverroes.juntadeandalucia.es\/ceiplagloria\/files\/2020\/05\/COLLAGE-ACTIVIDADES-DE-\u00c9XITO-150x150.jpg 150w, https:\/\/blogsaverroes.juntadeandalucia.es\/ceiplagloria\/files\/2020\/05\/COLLAGE-ACTIVIDADES-DE-\u00c9XITO-300x300.jpg 300w, https:\/\/blogsaverroes.juntadeandalucia.es\/ceiplagloria\/files\/2020\/05\/COLLAGE-ACTIVIDADES-DE-\u00c9XITO-100x100.jpg 100w, https:\/\/blogsaverroes.juntadeandalucia.es\/ceiplagloria\/files\/2020\/05\/COLLAGE-ACTIVIDADES-DE-\u00c9XITO-24x24.jpg 24w, https:\/\/blogsaverroes.juntadeandalucia.es\/ceiplagloria\/files\/2020\/05\/COLLAGE-ACTIVIDADES-DE-\u00c9XITO-36x36.jpg 36w, https:\/\/blogsaverroes.juntadeandalucia.es\/ceiplagloria\/files\/2020\/05\/COLLAGE-ACTIVIDADES-DE-\u00c9XITO-48x48.jpg 48w\" sizes=\"(max-width: 500px) 100vw, 500px\" \/><\/a><\/p>\n<p><strong><a href=\"https:\/\/blogsaverroes.juntadeandalucia.es\/ceiplagloria\/files\/2020\/05\/libros-mufin.jpg\"><img loading=\"lazy\" decoding=\"async\" class=\"alignnone wp-image-2459\" src=\"https:\/\/blogsaverroes.juntadeandalucia.es\/ceiplagloria\/files\/2020\/05\/libros-mufin.jpg\" alt=\"\" width=\"88\" height=\"83\" srcset=\"https:\/\/blogsaverroes.juntadeandalucia.es\/ceiplagloria\/files\/2020\/05\/libros-mufin.jpg 589w, https:\/\/blogsaverroes.juntadeandalucia.es\/ceiplagloria\/files\/2020\/05\/libros-mufin-300x282.jpg 300w, https:\/\/blogsaverroes.juntadeandalucia.es\/ceiplagloria\/files\/2020\/05\/libros-mufin-24x24.jpg 24w, https:\/\/blogsaverroes.juntadeandalucia.es\/ceiplagloria\/files\/2020\/05\/libros-mufin-36x34.jpg 36w, https:\/\/blogsaverroes.juntadeandalucia.es\/ceiplagloria\/files\/2020\/05\/libros-mufin-48x45.jpg 48w\" sizes=\"(max-width: 88px) 100vw, 88px\" \/><\/a><a href=\"https:\/\/losmundosdebiblienlagloria.blogspot.com\/search?q=tertulias+con+dulzura\" target=\"_blank\" rel=\"noopener noreferrer\">Enlace a Tertulias con dulzura.<\/a><\/strong><\/p>\n","protected":false},"excerpt":{"rendered":"<p>Entre y conozca algunas de las Actividades de \u00c9xito que llevamos a cabo en nuestro centro. Pinche aqu\u00ed para ver las ACTUACIONES_DE_\u00c9XITO Enlace a Tertulias con dulzura.<\/p>\n","protected":false},"author":8164,"featured_media":0,"parent":0,"menu_order":0,"comment_status":"closed","ping_status":"closed","template":"","meta":{"ngg_post_thumbnail":0,"footnotes":"","_mc_calendar":[]},"aioseo_notices":[],"_links":{"self":[{"href":"https:\/\/blogsaverroes.juntadeandalucia.es\/ceiplagloria\/wp-json\/wp\/v2\/pages\/2252"}],"collection":[{"href":"https:\/\/blogsaverroes.juntadeandalucia.es\/ceiplagloria\/wp-json\/wp\/v2\/pages"}],"about":[{"href":"https:\/\/blogsaverroes.juntadeandalucia.es\/ceiplagloria\/wp-json\/wp\/v2\/types\/page"}],"author":[{"embeddable":true,"href":"https:\/\/blogsaverroes.juntadeandalucia.es\/ceiplagloria\/wp-json\/wp\/v2\/users\/8164"}],"replies":[{"embeddable":true,"href":"https:\/\/blogsaverroes.juntadeandalucia.es\/ceiplagloria\/wp-json\/wp\/v2\/comments?post=2252"}],"version-history":[{"count":7,"href":"https:\/\/blogsaverroes.juntadeandalucia.es\/ceiplagloria\/wp-json\/wp\/v2\/pages\/2252\/revisions"}],"predecessor-version":[{"id":2464,"href":"https:\/\/blogsaverroes.juntadeandalucia.es\/ceiplagloria\/wp-json\/wp\/v2\/pages\/2252\/revisions\/2464"}],"wp:attachment":[{"href":"https:\/\/blogsaverroes.juntadeandalucia.es\/ceiplagloria\/wp-json\/wp\/v2\/media?parent=2252"}],"curies":[{"name":"wp","href":"https:\/\/api.w.org\/{rel}","templated":true}]}}