{"id":2915,"date":"2021-03-26T11:14:03","date_gmt":"2021-03-26T11:14:03","guid":{"rendered":"https:\/\/blogsaverroes.juntadeandalucia.es\/ceiplagloria\/?page_id=2915"},"modified":"2021-03-26T11:24:09","modified_gmt":"2021-03-26T11:24:09","slug":"huerto-escolar","status":"publish","type":"page","link":"https:\/\/blogsaverroes.juntadeandalucia.es\/ceiplagloria\/huerto-escolar\/","title":{"rendered":"Huerto escolar"},"content":{"rendered":"<p style=\"text-align: justify\">Este a\u00f1o comenzamos un proyecto con mucha ilusi\u00f3n, nuestro&nbsp;<b>HUERTO ESCOLAR<\/b>. Esta iniciativa es posible gracias al&nbsp;<b><a href=\"https:\/\/www.juntadeandalucia.es\/educacion\/portals\/web\/ced\/programa-impulsa\">PROGRAMA IMPULSA<\/a>&nbsp;<\/b>que financia esta actividad (Fondo Social Europeo).<b>&nbsp;<\/b><\/p>\n<p style=\"text-align: justify\">Todos los planes y proyectos educativos de nuestro colegio, utilizar\u00e1n esta iniciativa como eje vertebrador&nbsp;e ir\u00e1 coordinada por nuestro educador social&nbsp;<i>Rafa Yusta<\/i>. Los objetivos de la misma ser\u00e1n&nbsp;mejorar el clima de convivencia en el centro, motivar a nuestros ni\u00f1os y ni\u00f1as,&nbsp; compartir experiencias, poner en pr\u00e1ctica todo lo que aprendemos en las aulas, favorecer el trabajo cooperativo, el gusto por la naturaleza&#8230; Y as\u00ed, un sin fin de objetivos para la mejora de la formaci\u00f3n acad\u00e9mica y&nbsp; personal de nuestros ni\u00f1os y ni\u00f1as. Un buen lugar donde trabajaremos tod@s a una y donde podremos disfrutar de su elaboraci\u00f3n, de su crecimiento y finalmente viendo sus frutos. Iremos compartiendo cada semana las distintas fases de este proyecto. Esperamos que sig\u00e1is su evoluci\u00f3n. \u00a1\u00a1Muchas Gracias!!<\/p>\n<p style=\"text-align: justify\">*Adem\u00e1s queremos agradecer la colaboraci\u00f3n de una Asociaci\u00f3n muy especial para nosotros <strong><span style=\"color: #0000ff\">\u00ab<a style=\"color: #0000ff\" href=\"https:\/\/asociaciondeaquiparaalla.wordpress.com\/contacto\/\">ADAPA<\/a>\u00ab,<\/span><\/strong>&nbsp;que formar\u00e1 parte a trav\u00e9s del voluntariado.&nbsp;<\/p>\n<div class=\"separator\">\n<div><a href=\"https:\/\/1.bp.blogspot.com\/-ym2WFtBVbfs\/X7eNoFPU4ZI\/AAAAAAAAGrM\/q9BgQpzCf3cfgoZUuBdKRTt-DO9dsqF8wCLcBGAsYHQ\/s263\/ADAPA.png\"><img loading=\"lazy\" decoding=\"async\" src=\"https:\/\/1.bp.blogspot.com\/-ym2WFtBVbfs\/X7eNoFPU4ZI\/AAAAAAAAGrM\/q9BgQpzCf3cfgoZUuBdKRTt-DO9dsqF8wCLcBGAsYHQ\/w159-h115\/ADAPA.png\" width=\"159\" height=\"115\" border=\"0\" data-original-height=\"191\" data-original-width=\"263\"><\/a><a href=\"https:\/\/1.bp.blogspot.com\/-pphY_z5y94Y\/X7kIQYRBJUI\/AAAAAAAAGrs\/0GUTFEtpM9QqUphi_a9J7O4iu5oGhRnwwCLcBGAsYHQ\/s1600\/IMPULSA.jpg\"><img loading=\"lazy\" decoding=\"async\" src=\"https:\/\/1.bp.blogspot.com\/-pphY_z5y94Y\/X7kIQYRBJUI\/AAAAAAAAGrs\/0GUTFEtpM9QqUphi_a9J7O4iu5oGhRnwwCLcBGAsYHQ\/w82-h116\/IMPULSA.jpg\" width=\"82\" height=\"116\" border=\"0\" data-original-height=\"1600\" data-original-width=\"1131\"><\/a><\/div>\n<div>&nbsp;<\/div>\n<\/div>\n<h2 style=\"text-align: justify\">Pincha en el siguiente enlace a nuestro blog para ver su d\u00eda a d\u00eda<span style=\"color: #0000ff\"><strong> <a style=\"color: #0000ff\" href=\"https:\/\/losmundosdebiblienlagloria.blogspot.com\/p\/huerto-escolar.html\">\u00abLos mundos de Bibli\u00bb CEIP LA GLORIA\/ HUERTO ESCOLAR<\/a><\/strong><\/span><\/h2>\n","protected":false},"excerpt":{"rendered":"<p>Este a\u00f1o comenzamos un proyecto con mucha ilusi\u00f3n, nuestro&nbsp;HUERTO ESCOLAR. Esta iniciativa es posible gracias al&nbsp;PROGRAMA IMPULSA&nbsp;que financia esta actividad (Fondo Social Europeo).&nbsp; Todos los planes y proyectos educativos de nuestro colegio, utilizar\u00e1n esta iniciativa como eje vertebrador&nbsp;e ir\u00e1 coordinada por nuestro educador social&nbsp;Rafa Yusta. Los objetivos de la misma ser\u00e1n&nbsp;mejorar el clima de convivencia &hellip; <\/p>\n<p><a class=\"more-link btn\" href=\"https:\/\/blogsaverroes.juntadeandalucia.es\/ceiplagloria\/huerto-escolar\/\">Seguir leyendo<\/a><\/p>\n","protected":false},"author":8164,"featured_media":0,"parent":0,"menu_order":0,"comment_status":"closed","ping_status":"closed","template":"","meta":{"ngg_post_thumbnail":0,"footnotes":"","_mc_calendar":[]},"aioseo_notices":[],"_links":{"self":[{"href":"https:\/\/blogsaverroes.juntadeandalucia.es\/ceiplagloria\/wp-json\/wp\/v2\/pages\/2915"}],"collection":[{"href":"https:\/\/blogsaverroes.juntadeandalucia.es\/ceiplagloria\/wp-json\/wp\/v2\/pages"}],"about":[{"href":"https:\/\/blogsaverroes.juntadeandalucia.es\/ceiplagloria\/wp-json\/wp\/v2\/types\/page"}],"author":[{"embeddable":true,"href":"https:\/\/blogsaverroes.juntadeandalucia.es\/ceiplagloria\/wp-json\/wp\/v2\/users\/8164"}],"replies":[{"embeddable":true,"href":"https:\/\/blogsaverroes.juntadeandalucia.es\/ceiplagloria\/wp-json\/wp\/v2\/comments?post=2915"}],"version-history":[{"count":4,"href":"https:\/\/blogsaverroes.juntadeandalucia.es\/ceiplagloria\/wp-json\/wp\/v2\/pages\/2915\/revisions"}],"predecessor-version":[{"id":2921,"href":"https:\/\/blogsaverroes.juntadeandalucia.es\/ceiplagloria\/wp-json\/wp\/v2\/pages\/2915\/revisions\/2921"}],"wp:attachment":[{"href":"https:\/\/blogsaverroes.juntadeandalucia.es\/ceiplagloria\/wp-json\/wp\/v2\/media?parent=2915"}],"curies":[{"name":"wp","href":"https:\/\/api.w.org\/{rel}","templated":true}]}}