{"id":35,"date":"2015-03-13T08:21:43","date_gmt":"2015-03-13T08:21:43","guid":{"rendered":"http:\/\/blogsaverroes.juntadeandalucia.es\/pre\/ceip\/?page_id=35"},"modified":"2020-05-19T19:29:17","modified_gmt":"2020-05-19T19:29:17","slug":"el-centro-2","status":"publish","type":"page","link":"https:\/\/blogsaverroes.juntadeandalucia.es\/ceiplagloria\/el-centro-2\/","title":{"rendered":"Datos del centro"},"content":{"rendered":"<p style=\"text-align: justify\">Est\u00e1 visitando la p\u00e1gina Web de un Centro Educativo de Andaluc\u00eda (Espa\u00f1a).<\/p>\n<p style=\"text-align: justify\">Nuestro colegio est\u00e1 en V\u00e9lez-M\u00e1laga, un hist\u00f3rico pueblo de 76.000 habitantes de la Costa del Sol en la parte oriental de M\u00e1laga, concretamente en la comarca de La Axarqu\u00eda.<\/p>\n<p style=\"text-align: justify\">En nuestro Centro se cursan las ense\u00f1anzas de Educaci\u00f3n Infantil y Primaria.<\/p>\n<p style=\"text-align: justify\">Estamos situados sobre una colina al final de la empinada y centenaria calle La Gloria, que da nombre a nuestro Colegio.<\/p>\n<p style=\"text-align: justify\">Inicia su andadura en el a\u00f1o 1983 y trata de cubrir las necesidades educativas del barrio de la Gloria y zonas colindantes. Desde su apertura participa en los programas de Reforma propuestos por la Consejer\u00eda de Educaci\u00f3n de la Junta de Andaluc\u00eda y sigue en esa misma l\u00ednea de renovaci\u00f3n e innovaci\u00f3n pedag\u00f3gica.<\/p>\n<p style=\"text-align: justify\">Le animamos a conocernos.&nbsp;<em>\u00a1Visite nuestra p\u00e1gina web!&nbsp;<\/em>En ella descubrir\u00e1 las actividades que realizamos a lo largo del curso, sobre todo las que m\u00e1s nos gustan por su inter\u00e9s y originalidad.<\/p>\n<p>&nbsp;<\/p>\n<p><iframe loading=\"lazy\" src=\"https:\/\/www.google.com\/maps\/embed?pb=!1m18!1m12!1m3!1d487.3216986679297!2d-4.096956761430035!3d36.784582172063175!2m3!1f0!2f0!3f0!3m2!1i1024!2i768!4f13.1!3m3!1m2!1s0xd72473b4ef338cf%3A0xeed634bdcdb6ab65!2sColegio%20P%C3%BAblico%20la%20Gloria!5e1!3m2!1ses!2ses!4v1581198481601!5m2!1ses!2ses\" width=\"600\" height=\"450\" frameborder=\"0\"><span data-mce-type=\"bookmark\" style=\"width: 0px;overflow: hidden;line-height: 0\" class=\"mce_SELRES_start\">\ufeff<\/span><\/iframe><\/p>\n<h4><span style=\"color: #5e7cd6\"><em><strong>Datos de contacto<\/strong><\/em><\/span><\/h4>\n<p><strong>Direcci\u00f3n:<\/strong>&nbsp; &nbsp;C\/ La Gloria s\/n. 29700 V\u00e9lez-M\u00e1laga. M\u00e1laga<\/p>\n<p><strong>Tel\u00e9fono <\/strong>951289972-952502990<\/p>\n<p><strong>Fax:<\/strong> 951289973<\/p>\n<p><strong>mail: <\/strong>29011655.edu@juntadeandalucia.es<\/p>\n<h4><span style=\"color: #5e7cd6\"><em><strong>Horarios<\/strong><\/em><\/span><\/h4>\n<p><strong>Aula Matinal:<\/strong> 7:30-9:00<\/p>\n<p><strong>Actividades lectivas:<\/strong> 9:00-14:00<\/p>\n<p><strong>Comedor escolar:<\/strong> 14:00-15:30<\/p>\n<p><strong>Actividades extraescolares:<\/strong> 15:30-7:30 de lunes a viernes.<\/p>\n<h4><span style=\"color: #5e7cd6\"><em><strong>Oferta educativa<\/strong><\/em><\/span><\/h4>\n<p>Centro de Infantil y Primaria.<\/p>\n<h4><strong><span style=\"color: #5e7cd6\"><em>Instalaciones<\/em><\/span><\/strong><\/h4>\nngg_shortcode_0_placeholder\n","protected":false},"excerpt":{"rendered":"<p>Est\u00e1 visitando la p\u00e1gina Web de un Centro Educativo de Andaluc\u00eda (Espa\u00f1a). Nuestro colegio est\u00e1 en V\u00e9lez-M\u00e1laga, un hist\u00f3rico pueblo de 76.000 habitantes de la Costa del Sol en la parte oriental de M\u00e1laga, concretamente en la comarca de La Axarqu\u00eda. En nuestro Centro se cursan las ense\u00f1anzas de Educaci\u00f3n Infantil y Primaria. Estamos situados &hellip; <\/p>\n<p><a class=\"more-link btn\" href=\"https:\/\/blogsaverroes.juntadeandalucia.es\/ceiplagloria\/el-centro-2\/\">Seguir leyendo<\/a><\/p>\n","protected":false},"author":1,"featured_media":0,"parent":0,"menu_order":0,"comment_status":"closed","ping_status":"open","template":"page-cs.php","meta":{"ngg_post_thumbnail":0,"footnotes":"","_mc_calendar":[]},"aioseo_notices":[],"_links":{"self":[{"href":"https:\/\/blogsaverroes.juntadeandalucia.es\/ceiplagloria\/wp-json\/wp\/v2\/pages\/35"}],"collection":[{"href":"https:\/\/blogsaverroes.juntadeandalucia.es\/ceiplagloria\/wp-json\/wp\/v2\/pages"}],"about":[{"href":"https:\/\/blogsaverroes.juntadeandalucia.es\/ceiplagloria\/wp-json\/wp\/v2\/types\/page"}],"author":[{"embeddable":true,"href":"https:\/\/blogsaverroes.juntadeandalucia.es\/ceiplagloria\/wp-json\/wp\/v2\/users\/1"}],"replies":[{"embeddable":true,"href":"https:\/\/blogsaverroes.juntadeandalucia.es\/ceiplagloria\/wp-json\/wp\/v2\/comments?post=35"}],"version-history":[{"count":41,"href":"https:\/\/blogsaverroes.juntadeandalucia.es\/ceiplagloria\/wp-json\/wp\/v2\/pages\/35\/revisions"}],"predecessor-version":[{"id":2440,"href":"https:\/\/blogsaverroes.juntadeandalucia.es\/ceiplagloria\/wp-json\/wp\/v2\/pages\/35\/revisions\/2440"}],"wp:attachment":[{"href":"https:\/\/blogsaverroes.juntadeandalucia.es\/ceiplagloria\/wp-json\/wp\/v2\/media?parent=35"}],"curies":[{"name":"wp","href":"https:\/\/api.w.org\/{rel}","templated":true}]}}