{"id":49,"date":"2015-03-13T08:47:05","date_gmt":"2015-03-13T08:47:05","guid":{"rendered":"http:\/\/blogsaverroes.juntadeandalucia.es\/pre\/ceip\/?page_id=49"},"modified":"2023-04-07T12:13:20","modified_gmt":"2023-04-07T12:13:20","slug":"proyecto-educativo","status":"publish","type":"page","link":"https:\/\/blogsaverroes.juntadeandalucia.es\/ceiplagloria\/proyecto-educativo\/","title":{"rendered":"Plan de Centro"},"content":{"rendered":"<p><img loading=\"lazy\" decoding=\"async\" class=\"wp-image-1662 aligncenter\" style=\"text-align: center\" src=\"https:\/\/blogsaverroes.juntadeandalucia.es\/ceiplagloria\/files\/2015\/03\/proyecto-300x266.png\" alt=\"proyecto\" width=\"135\" height=\"120\" srcset=\"https:\/\/blogsaverroes.juntadeandalucia.es\/ceiplagloria\/files\/2015\/03\/proyecto-300x266.png 300w, https:\/\/blogsaverroes.juntadeandalucia.es\/ceiplagloria\/files\/2015\/03\/proyecto.png 640w\" sizes=\"(max-width: 135px) 100vw, 135px\" \/><\/p>\n<p style=\"text-align: center\"><strong>A trav\u00e9s de los siguientes enlaces podr\u00e1n acceder a los documentos que componen nuestro Plan de Centro .<\/strong><\/p>\n<ul style=\"list-style-type: square\">\n<li><span style=\"color: #000000\"><a style=\"color: #000000\" href=\"https:\/\/drive.google.com\/file\/d\/1Jz0-9QDS2AJn8ZRPBrxQRRlhRDZEeIeX\/view?usp=sharing\">Proyecto Educativo.<\/a><\/span><\/li>\n<li><span style=\"color: #000000\"><a style=\"color: #000000\" href=\"https:\/\/drive.google.com\/file\/d\/1pnsivn_xpuHfMgs4etwja9peUmaQ7e_I\/view?usp=sharing\">Anexo del Proyecto Educativo (POAT)<\/a><\/span><\/li>\n<li><span style=\"color: #000000\"><a style=\"color: #000000\" href=\"https:\/\/drive.google.com\/file\/d\/1bLQ2i3ptBC56WexdusvYPAf5QBsNnIuq\/view?usp=sharing\">ROF&nbsp;<\/a><\/span><\/li>\n<li><span style=\"color: #000000\"><a style=\"color: #000000\" href=\"https:\/\/drive.google.com\/file\/d\/1MJazfpNfn2b0uIiUu0jebWbjvwu2ap3y\/view?usp=sharing\">Protocolo de actuaci\u00f3n COVID-19.<\/a><\/span><\/li>\n<li><span style=\"color: #000000\"><a style=\"color: #000000\" href=\"https:\/\/drive.google.com\/file\/d\/1WoV2pli2Be_4mRDyIzQlIgxcBkN02YBz\/view?usp=sharing\">Plan de gesti\u00f3n.<\/a><\/span><\/li>\n<li><span style=\"color: #000000\"><a style=\"color: #000000\" href=\"https:\/\/drive.google.com\/file\/d\/1Dowrjh2vCveoa5GfI2h4VB4AiibKPV5y\/view?usp=sharing\">Plan de actuaci\u00f3n digital.<\/a><\/span><\/li>\n<li><span style=\"color: #000000\"><a style=\"color: #000000\" href=\"https:\/\/drive.google.com\/file\/d\/1olGr-w2XS96WcaVM5jMr7JZrQGdwcy0o\/view?usp=sharing\">Protocolo de uso responsable de las TIC y las TAC.<\/a><\/span><\/li>\n<li><span style=\"color: #000000\"><a style=\"color: #000000\" href=\"https:\/\/drive.google.com\/file\/d\/1kaWHG9CmDB4x48eQFAIlHWwj1CuLGnPW\/view?usp=sharing\">Formulario de pr\u00e9stamo de dispositivos a las familias.<\/a><\/span><\/li>\n<li><span style=\"color: #000000\"><a style=\"color: #000000\" href=\"https:\/\/drive.google.com\/file\/d\/17S0itW9XRd7dN7SdREULagr5Zw9Nmzzu\/view?usp=sharing\">Plan de autoprotecci\u00f3n.<\/a><\/span><\/li>\n<\/ul>\n<p>&nbsp;<\/p>\n<p><span style=\"text-decoration: underline\"><strong><span style=\"color: #339966;text-decoration: underline\">PROGRAMACIONES<\/span><\/strong><\/span><\/p>\n<p>PROGRAMACIONES LOMLOE para Infantil, 1\u00ba y 3\u00ba y 5\u00ba de primaria. (Pulse <a href=\"https:\/\/drive.google.com\/drive\/folders\/1ApVjqS1qikfQPe6PttGN5hniDigyp8rZ?usp=share_link\">AQU\u00cd<\/a>)<\/p>\n<p>PROGRAMACIONES LOMCE para 2\u00ba, 4\u00ba y 6\u00ba de Primaria. (Pulse <a href=\"https:\/\/drive.google.com\/drive\/folders\/1O3Uey2zY9SpWn7-qazjLPtCCK9FR28CX?usp=sharing\">AQU\u00cd<\/a>)<\/p>\n<p>&nbsp;<\/p>\n","protected":false},"excerpt":{"rendered":"<p>A trav\u00e9s de los siguientes enlaces podr\u00e1n acceder a los documentos que componen nuestro Plan de Centro . Proyecto Educativo. Anexo del Proyecto Educativo (POAT) ROF&nbsp; Protocolo de actuaci\u00f3n COVID-19. Plan de gesti\u00f3n. Plan de actuaci\u00f3n digital. Protocolo de uso responsable de las TIC y las TAC. Formulario de pr\u00e9stamo de dispositivos a las familias. &hellip; <\/p>\n<p><a class=\"more-link btn\" href=\"https:\/\/blogsaverroes.juntadeandalucia.es\/ceiplagloria\/proyecto-educativo\/\">Seguir leyendo<\/a><\/p>\n","protected":false},"author":1,"featured_media":0,"parent":0,"menu_order":0,"comment_status":"closed","ping_status":"open","template":"page-cs.php","meta":{"ngg_post_thumbnail":0,"footnotes":"","_mc_calendar":[]},"aioseo_notices":[],"_links":{"self":[{"href":"https:\/\/blogsaverroes.juntadeandalucia.es\/ceiplagloria\/wp-json\/wp\/v2\/pages\/49"}],"collection":[{"href":"https:\/\/blogsaverroes.juntadeandalucia.es\/ceiplagloria\/wp-json\/wp\/v2\/pages"}],"about":[{"href":"https:\/\/blogsaverroes.juntadeandalucia.es\/ceiplagloria\/wp-json\/wp\/v2\/types\/page"}],"author":[{"embeddable":true,"href":"https:\/\/blogsaverroes.juntadeandalucia.es\/ceiplagloria\/wp-json\/wp\/v2\/users\/1"}],"replies":[{"embeddable":true,"href":"https:\/\/blogsaverroes.juntadeandalucia.es\/ceiplagloria\/wp-json\/wp\/v2\/comments?post=49"}],"version-history":[{"count":21,"href":"https:\/\/blogsaverroes.juntadeandalucia.es\/ceiplagloria\/wp-json\/wp\/v2\/pages\/49\/revisions"}],"predecessor-version":[{"id":2731,"href":"https:\/\/blogsaverroes.juntadeandalucia.es\/ceiplagloria\/wp-json\/wp\/v2\/pages\/49\/revisions\/2731"}],"wp:attachment":[{"href":"https:\/\/blogsaverroes.juntadeandalucia.es\/ceiplagloria\/wp-json\/wp\/v2\/media?parent=49"}],"curies":[{"name":"wp","href":"https:\/\/api.w.org\/{rel}","templated":true}]}}