{"id":80,"date":"2015-03-16T06:57:36","date_gmt":"2015-03-16T06:57:36","guid":{"rendered":"http:\/\/blogsaverroes.juntadeandalucia.es\/pre\/ceip\/?page_id=80"},"modified":"2020-05-21T12:53:40","modified_gmt":"2020-05-21T12:53:40","slug":"curso-escolar","status":"publish","type":"page","link":"https:\/\/blogsaverroes.juntadeandalucia.es\/ceiplagloria\/curso-escolar\/","title":{"rendered":"Curso escolar"},"content":{"rendered":"<h1 style=\"font-weight: 400;text-align: center\"><strong>\u00a1Bienvenidos!&nbsp;<\/strong><\/h1>\n<p style=\"text-align: justify\">\u00a1Inauguramos el curso 2019-2020! Curso que arrancamos con much\u00edsima ilusi\u00f3n y tambi\u00e9n con muchas novedades, entre ellas, nuestro proyecto COMUNIDAD DE APRENDIZAJE comienza a ser una realidad y a formar parte de nuestro d\u00eda a d\u00eda.&nbsp;<\/p>\n<p style=\"text-align: justify\">Y qu\u00e9 mejor manera para comenzar, que&nbsp; compartiendo nuestra primera actividad en CONVIVENCIA.&nbsp;<\/p>\n<p style=\"font-weight: 400;text-align: justify\">\u00a1Esperamos que os guste!<\/p>\n<p style=\"font-weight: 400;text-align: justify\">Puedes ver la&nbsp;<strong>ENTREVISTA&nbsp;<\/strong>que nos hizo&nbsp;<strong>VELEVISA&nbsp;<\/strong>en el siguiente enlace (busca el minuto 11 aproximadamente):<br \/>\npincha&nbsp;<a href=\"http:\/\/www.velevisa.com\/?alacarta=view&amp;desc=d8dff097\"><strong>AQU\u00cd<\/strong><\/a><\/p>\n<p style=\"text-align: justify\"><em><strong>Comienza una nueva ilusi\u00f3n<\/strong><\/em><\/p>\n<p style=\"text-align: justify\">El pasado 21 de octubre de 2019 realizamos la primera convivencia de toda la comunidad educativa en la Fortaleza, lugar emblem\u00e1tico de V\u00e9lez-M\u00e1laga y del propio entorno del Centro. Supone el punto de partida de una nueva etapa, ya que comenzamos nuestra trayectoria como Comunidad de Aprendizaje.<\/p>\n<p style=\"text-align: justify\">&nbsp;Una etapa cargada de ilusiones y de sue\u00f1os, a trav\u00e9s de la cual pretendemos abrir nuestro Centro al barrio, al entorno.<\/p>\n<p style=\"text-align: justify\">&nbsp;Permitir a las familias que participen y se impliquen m\u00e1s directamente en&nbsp;&nbsp;las tomas de decisiones y de organizaci\u00f3n del Centro, d\u00e1ndonos diferentes puntos de vistas, aportando ideas y disfrutando de forma directa del proceso educativo de sus propi@s hij@s.<\/p>\n<p style=\"text-align: justify\">Un nuevo enfoque que nos permita aprovechar todos los recursos de nuestro entorno y que se adapte a las necesidades espec\u00edficas del mismo, garantizando el segundo nivel de concreci\u00f3n del curr\u00edculo: adaptaci\u00f3n del curr\u00edculo a las caracter\u00edsticas del Centro y del entorno.<\/p>\n<p style=\"text-align: justify\">So\u00f1amos con un colegio lleno de ni\u00f1@s, con las mejores instalaciones de la comarca de la Axarqu\u00eda y un excelente equipo de profesionales especializados en el trabajo y desarrollo de la inteligencia emocional.<\/p>\n<p style=\"text-align: justify\">Realizamos una serie de talleres ambientados en la \u00e9poca Medieval de juegos, cuentacuentos, visita guiada de la Fortaleza y un baile grupal que puso el broche de oro a una jornada inolvidable.<\/p>\n<p style=\"text-align: justify\">Participaron todos los sectores de la Comunidad Educativa: maestr@s, administrativa, conserje, limpiadoras, EOE (orientadora, educador social), familias, voluntarios (estudiantes de pedagog\u00eda, maestros), Servicios Sociales y Educaci\u00f3n del Ayuntamiento de V\u00e9lez- M\u00e1laga. Gracias a los cuales fue posible ofrecer una maravillosa experiencia a nuestr@s protagonistas: NI\u00d1@S.<\/p>\n<p style=\"text-align: center\"><strong>\u00a1MIL GRACIAS A TOD@S!<\/strong><\/p>\n<p style=\"text-align: center\">Esther M\u00aa N\u00fa\u00f1ez G\u00f3mez<\/p>\n<p style=\"text-align: center\">Directora del CEIP La Gloria<\/p>\n<p>&nbsp;<\/p>\n<h3 class=\"post-title entry-title\" style=\"text-align: center\">\u00a1EL NUEVO LOGO DE NUESTRO COLE!<\/h3>\n<div class=\"post-header\">\n<div class=\"post-header-line-1\" style=\"text-align: justify\">Tambi\u00e9n&nbsp; queremos presentaros presentaros nuestro nuevo logo. Busc\u00e1bamos una imagen que incluyera los principales elementos de nuestro colegio y nuestro compa\u00f1ero <strong>Andr\u00e9s Alcalde<\/strong>, ha sabido plasmar la esencia del mismo, un centro formado por un gran equipo que trabaja de forma colaborativa como una gran familia. Y lo ha hecho con una composici\u00f3n que nos ha encantado.&nbsp;<\/div>\n<\/div>\n<div id=\"post-body-9006751722312621058\" class=\"post-body entry-content\">\n<div>\n<div style=\"text-align: justify\">Ha plasmado como os cont\u00e1bamos, los elementos principales de LA GLORIA:<\/div>\n<div>\n<ul>\n<li>Porta-l\u00e1pices: antigua imagen de nuestro cole.<\/li>\n<li>Fortaleza: principal referente de nuestro entorno.<\/li>\n<li>Fuente: fuente de deseos para nuestro nuevo proyecto \u00abComunidad de Aprendizaje\u00bb.<\/li>\n<li>Fresalud: mascota del proyecto \u00abCrecer en salud\u00bb.<\/li>\n<li>Bibli: mascota de nuestra biblioteca.<\/li>\n<\/ul>\n<div class=\"separator\"><a href=\"https:\/\/1.bp.blogspot.com\/-xYg1Ai3nRRY\/Xdz-cl5QacI\/AAAAAAAACIo\/cQklazVVCKEidf57NqUNTuPPauIiEmB9ACLcBGAsYHQ\/s1600\/logo.png\"><img loading=\"lazy\" decoding=\"async\" class=\"aligncenter\" src=\"https:\/\/1.bp.blogspot.com\/-xYg1Ai3nRRY\/Xdz-cl5QacI\/AAAAAAAACIo\/cQklazVVCKEidf57NqUNTuPPauIiEmB9ACLcBGAsYHQ\/s320\/logo.png\" width=\"244\" height=\"320\" border=\"0\" data-original-height=\"560\" data-original-width=\"427\"><\/a><\/div>\n<\/div>\n<\/div>\n<\/div>\n","protected":false},"excerpt":{"rendered":"<p>\u00a1Bienvenidos!&nbsp; \u00a1Inauguramos el curso 2019-2020! Curso que arrancamos con much\u00edsima ilusi\u00f3n y tambi\u00e9n con muchas novedades, entre ellas, nuestro proyecto COMUNIDAD DE APRENDIZAJE comienza a ser una realidad y a formar parte de nuestro d\u00eda a d\u00eda.&nbsp; Y qu\u00e9 mejor manera para comenzar, que&nbsp; compartiendo nuestra primera actividad en CONVIVENCIA.&nbsp; \u00a1Esperamos que os guste! Puedes &hellip; <\/p>\n<p><a class=\"more-link btn\" href=\"https:\/\/blogsaverroes.juntadeandalucia.es\/ceiplagloria\/curso-escolar\/\">Seguir leyendo<\/a><\/p>\n","protected":false},"author":1,"featured_media":0,"parent":0,"menu_order":0,"comment_status":"closed","ping_status":"open","template":"page-cs.php","meta":{"ngg_post_thumbnail":0,"footnotes":"","_mc_calendar":[]},"aioseo_notices":[],"_links":{"self":[{"href":"https:\/\/blogsaverroes.juntadeandalucia.es\/ceiplagloria\/wp-json\/wp\/v2\/pages\/80"}],"collection":[{"href":"https:\/\/blogsaverroes.juntadeandalucia.es\/ceiplagloria\/wp-json\/wp\/v2\/pages"}],"about":[{"href":"https:\/\/blogsaverroes.juntadeandalucia.es\/ceiplagloria\/wp-json\/wp\/v2\/types\/page"}],"author":[{"embeddable":true,"href":"https:\/\/blogsaverroes.juntadeandalucia.es\/ceiplagloria\/wp-json\/wp\/v2\/users\/1"}],"replies":[{"embeddable":true,"href":"https:\/\/blogsaverroes.juntadeandalucia.es\/ceiplagloria\/wp-json\/wp\/v2\/comments?post=80"}],"version-history":[{"count":4,"href":"https:\/\/blogsaverroes.juntadeandalucia.es\/ceiplagloria\/wp-json\/wp\/v2\/pages\/80\/revisions"}],"predecessor-version":[{"id":2529,"href":"https:\/\/blogsaverroes.juntadeandalucia.es\/ceiplagloria\/wp-json\/wp\/v2\/pages\/80\/revisions\/2529"}],"wp:attachment":[{"href":"https:\/\/blogsaverroes.juntadeandalucia.es\/ceiplagloria\/wp-json\/wp\/v2\/media?parent=80"}],"curies":[{"name":"wp","href":"https:\/\/api.w.org\/{rel}","templated":true}]}}