{"id":99,"date":"2015-03-16T07:22:54","date_gmt":"2015-03-16T07:22:54","guid":{"rendered":"http:\/\/blogsaverroes.juntadeandalucia.es\/pre\/ceip\/?page_id=99"},"modified":"2024-02-01T20:38:14","modified_gmt":"2024-02-01T20:38:14","slug":"comedor-escolar","status":"publish","type":"page","link":"https:\/\/blogsaverroes.juntadeandalucia.es\/ceiplagloria\/comedor-escolar\/","title":{"rendered":"Comedor escolar"},"content":{"rendered":"<h1 style=\"text-align: center\"><span style=\"text-decoration: underline\"><strong><span style=\"color: #0000ff;text-decoration: underline\">COMEDOR DE GESTI\u00d3N DIRECTA<\/span><\/strong><\/span><\/h1>\n<h4><a href=\"https:\/\/blogsaverroes.juntadeandalucia.es\/ceiplagloria\/files\/2020\/03\/comedor.png\"><img loading=\"lazy\" decoding=\"async\" class=\" wp-image-2290 aligncenter\" src=\"https:\/\/blogsaverroes.juntadeandalucia.es\/ceiplagloria\/files\/2020\/03\/comedor.png\" alt=\"\" width=\"335\" height=\"361\" srcset=\"https:\/\/blogsaverroes.juntadeandalucia.es\/ceiplagloria\/files\/2020\/03\/comedor.png 261w, https:\/\/blogsaverroes.juntadeandalucia.es\/ceiplagloria\/files\/2020\/03\/comedor-22x24.png 22w, https:\/\/blogsaverroes.juntadeandalucia.es\/ceiplagloria\/files\/2020\/03\/comedor-33x36.png 33w, https:\/\/blogsaverroes.juntadeandalucia.es\/ceiplagloria\/files\/2020\/03\/comedor-45x48.png 45w\" sizes=\"(max-width: 335px) 100vw, 335px\" \/><\/a><\/h4>\n<p>&nbsp;<\/p>\n<p style=\"text-align: justify\">Los comedores escolares son un servicio complementario que resulta de gran utilidad a padres y madres para ayudarles a conciliar la vida laboral y familiar. Tienen una duraci\u00f3n de hasta dos horas desde que acaba la jornada escolar de la ma\u00f1ana (de 14:00 a 16:00 horas).<\/p>\n<p style=\"text-align: justify\">Los comedores son adem\u00e1s una pieza importante&nbsp;en todas las medidas dirigidas a mejorar los h\u00e1bitos alimenticios de los ni\u00f1os y ni\u00f1as y prevenir problemas de salud como la obesidad.<\/p>\n<p style=\"text-align: justify\">En nuestro colegio contamos con cocineros\/as que <span style=\"text-decoration: underline\"><strong><span style=\"color: #0000ff;text-decoration: underline\">elaboran cada d\u00eda la totalidad del men\u00fa<\/span><\/strong><\/span> que consumen nuestros alumnos\/as, ayud\u00e1ndoles a introducir en sus h\u00e1bitos alimenticios alimentos, sabores y texturas nuevas para promover una alimentaci\u00f3n variada y equilibrada de acuerdo a la normativa vigente.<\/p>\n<p style=\"text-align: justify\">A continuaci\u00f3n les mostramos los dos men\u00fas base con los que contamos. Cada uno de ellos abarca cuatro semanas, y se ir\u00e1n alternado a lo largo del curso.<\/p>\n<p><a href=\"https:\/\/blogsaverroes.juntadeandalucia.es\/ceiplagloria\/files\/2024\/02\/MENU-COMEDOR-BASE-N\u00ba1.jpg\" target=\"_blank\" rel=\"noopener noreferrer\"><img loading=\"lazy\" decoding=\"async\" class=\"wp-image-3586 size-large aligncenter\" src=\"https:\/\/blogsaverroes.juntadeandalucia.es\/ceiplagloria\/files\/2024\/02\/MENU-COMEDOR-BASE-N\u00ba1-1024x724.jpg\" alt=\"MEN\u00da BASE N\u00ba 1\" width=\"782\" height=\"553\" srcset=\"https:\/\/blogsaverroes.juntadeandalucia.es\/ceiplagloria\/files\/2024\/02\/MENU-COMEDOR-BASE-N\u00ba1-1024x724.jpg 1024w, https:\/\/blogsaverroes.juntadeandalucia.es\/ceiplagloria\/files\/2024\/02\/MENU-COMEDOR-BASE-N\u00ba1-300x212.jpg 300w, https:\/\/blogsaverroes.juntadeandalucia.es\/ceiplagloria\/files\/2024\/02\/MENU-COMEDOR-BASE-N\u00ba1-768x543.jpg 768w, https:\/\/blogsaverroes.juntadeandalucia.es\/ceiplagloria\/files\/2024\/02\/MENU-COMEDOR-BASE-N\u00ba1-1536x1086.jpg 1536w, https:\/\/blogsaverroes.juntadeandalucia.es\/ceiplagloria\/files\/2024\/02\/MENU-COMEDOR-BASE-N\u00ba1.jpg 1600w\" sizes=\"(max-width: 782px) 100vw, 782px\" \/><\/a><\/p>\n<p><a href=\"https:\/\/blogsaverroes.juntadeandalucia.es\/ceiplagloria\/files\/2024\/02\/MENU-COMEDOR-BASE-N\u00ba-2.jpg\" target=\"_blank\" rel=\"noopener noreferrer\"><img loading=\"lazy\" decoding=\"async\" class=\"wp-image-3585  aligncenter\" src=\"https:\/\/blogsaverroes.juntadeandalucia.es\/ceiplagloria\/files\/2024\/02\/MENU-COMEDOR-BASE-N\u00ba-2-1024x724.jpg\" alt=\"MEN\u00da BASE N\u00ba 2\" width=\"790\" height=\"559\" srcset=\"https:\/\/blogsaverroes.juntadeandalucia.es\/ceiplagloria\/files\/2024\/02\/MENU-COMEDOR-BASE-N\u00ba-2-1024x724.jpg 1024w, https:\/\/blogsaverroes.juntadeandalucia.es\/ceiplagloria\/files\/2024\/02\/MENU-COMEDOR-BASE-N\u00ba-2-300x212.jpg 300w, https:\/\/blogsaverroes.juntadeandalucia.es\/ceiplagloria\/files\/2024\/02\/MENU-COMEDOR-BASE-N\u00ba-2-768x543.jpg 768w, https:\/\/blogsaverroes.juntadeandalucia.es\/ceiplagloria\/files\/2024\/02\/MENU-COMEDOR-BASE-N\u00ba-2-1536x1086.jpg 1536w, https:\/\/blogsaverroes.juntadeandalucia.es\/ceiplagloria\/files\/2024\/02\/MENU-COMEDOR-BASE-N\u00ba-2.jpg 1600w\" sizes=\"(max-width: 790px) 100vw, 790px\" \/><\/a>&nbsp;<\/p>\n<p>&nbsp;<\/p>\n<p>&nbsp;<\/p>\n<p>Nuestros men\u00fas est\u00e1n supervisados por nutricionistas y, entre otros aspectos, se caracterizan por:<\/p>\n<ul>\n<li>Una mayor proporci\u00f3n de verdura en los men\u00fas.<\/li>\n<li>Fruta fresca como postre al menos cuatro d\u00edas a la semana.<\/li>\n<li>Uso de aceite de oliva virgen extra.<\/li>\n<li>M\u00e1s pescado que carne.<\/li>\n<li>Prohibici\u00f3n de los alimentos precocinados y limitaci\u00f3n de los fritos.<\/li>\n<li>Apuesta por la dieta mediterr\u00e1nea y los productos ecol\u00f3gicos.<\/li>\n<\/ul>\n<p><span style=\"text-decoration: underline;color: #ff6600\"><strong>HORARIO DE RECOGIDA DEL ALUMNADO<\/strong><\/span><\/p>\n<p>Los\/as alumnos\/as de comedor saldr\u00e1n en dos turnos:<br \/>\n\u27a2 Primer turno: 14:30h<br \/>\n\u27a2 Segundo turno: 15:20h<\/p>\n<p>Si alguna familia no puede, por motivos de trabajo, recoger a su hijo\/a en dicha franja horaria, p\u00f3ngase en contacto con direcci\u00f3n.<\/p>\n<p>Para solicitar este servicio es necesario rellenar el formulario de inscripci\u00f3n en la secretar\u00eda del centro.<\/p>\nngg_shortcode_0_placeholder\n","protected":false},"excerpt":{"rendered":"<p>COMEDOR DE GESTI\u00d3N DIRECTA &nbsp; Los comedores escolares son un servicio complementario que resulta de gran utilidad a padres y madres para ayudarles a conciliar la vida laboral y familiar. Tienen una duraci\u00f3n de hasta dos horas desde que acaba la jornada escolar de la ma\u00f1ana (de 14:00 a 16:00 horas). Los comedores son adem\u00e1s &hellip; <\/p>\n<p><a class=\"more-link btn\" href=\"https:\/\/blogsaverroes.juntadeandalucia.es\/ceiplagloria\/comedor-escolar\/\">Seguir leyendo<\/a><\/p>\n","protected":false},"author":1,"featured_media":0,"parent":0,"menu_order":0,"comment_status":"closed","ping_status":"open","template":"page-cs.php","meta":{"ngg_post_thumbnail":0,"footnotes":"","_mc_calendar":[]},"aioseo_notices":[],"_links":{"self":[{"href":"https:\/\/blogsaverroes.juntadeandalucia.es\/ceiplagloria\/wp-json\/wp\/v2\/pages\/99"}],"collection":[{"href":"https:\/\/blogsaverroes.juntadeandalucia.es\/ceiplagloria\/wp-json\/wp\/v2\/pages"}],"about":[{"href":"https:\/\/blogsaverroes.juntadeandalucia.es\/ceiplagloria\/wp-json\/wp\/v2\/types\/page"}],"author":[{"embeddable":true,"href":"https:\/\/blogsaverroes.juntadeandalucia.es\/ceiplagloria\/wp-json\/wp\/v2\/users\/1"}],"replies":[{"embeddable":true,"href":"https:\/\/blogsaverroes.juntadeandalucia.es\/ceiplagloria\/wp-json\/wp\/v2\/comments?post=99"}],"version-history":[{"count":17,"href":"https:\/\/blogsaverroes.juntadeandalucia.es\/ceiplagloria\/wp-json\/wp\/v2\/pages\/99\/revisions"}],"predecessor-version":[{"id":3587,"href":"https:\/\/blogsaverroes.juntadeandalucia.es\/ceiplagloria\/wp-json\/wp\/v2\/pages\/99\/revisions\/3587"}],"wp:attachment":[{"href":"https:\/\/blogsaverroes.juntadeandalucia.es\/ceiplagloria\/wp-json\/wp\/v2\/media?parent=99"}],"curies":[{"name":"wp","href":"https:\/\/api.w.org\/{rel}","templated":true}]}}