{"id":1133,"date":"2022-10-03T23:27:52","date_gmt":"2022-10-03T21:27:52","guid":{"rendered":"https:\/\/blogsaverroes.juntadeandalucia.es\/ceiplaguijarrosa\/?page_id=1133"},"modified":"2023-10-09T16:37:21","modified_gmt":"2023-10-09T14:37:21","slug":"normativa","status":"publish","type":"page","link":"https:\/\/blogsaverroes.juntadeandalucia.es\/ceiplaguijarrosa\/normativa\/","title":{"rendered":"Normativa"},"content":{"rendered":"<ul>\n<li><a href=\"https:\/\/www.boe.es\/eli\/es\/lo\/2020\/12\/29\/3\" target=\"_blank\" rel=\"nofollow noopener noreferrer\">LOMLOE<\/a><\/li>\n<li><a title=\"Real Decreto 157\/2022, de 1 de marzo, por el que se establecen la ordenaci\u00f3n y las ense\u00f1anzas m\u00ednimas de la Educaci\u00f3n Primaria.\" href=\"https:\/\/www.boe.es\/eli\/es\/rd\/2022\/03\/01\/157\/con\" target=\"_blank\" rel=\"nofollow noopener sponsored ugc noreferrer\">Real Decreto 157\/2022, de 1 de marzo, por el que se establecen la ordenaci\u00f3n y las ense\u00f1anzas m\u00ednimas de la Educaci\u00f3n Primaria.<\/a><\/li>\n<li><a href=\"https:\/\/www.boe.es\/eli\/es\/rd\/2022\/03\/29\/217\/con\" target=\"_blank\" rel=\"nofollow noopener sponsored ugc noreferrer\">Real Decreto 217\/2022, de 29 de marzo, por el que se establece la ordenaci\u00f3n y las ense\u00f1anzas m\u00ednimas de la Educaci\u00f3n Secundaria Obligatoria.<\/a><\/li>\n<li><a href=\"https:\/\/www.boe.es\/eli\/es\/rd\/2022\/02\/01\/95\/con\" target=\"_blank\" rel=\"nofollow noopener sponsored ugc noreferrer\">Real Decreto 95\/2022, de 1 de febrero, por el que se establece la ordenaci\u00f3n y las ense\u00f1anzas m\u00ednimas de la Educaci\u00f3n Infantil.<\/a><\/li>\n<li><span style=\"color: #3366ff\"><a style=\"color: #3366ff\" href=\"https:\/\/portals.ced.junta-andalucia.es\/educacion\/portals\/web\/ced\/normativa\/-\/normativas\/detalle\/decreto-100-2023-de-9-de-mayo-por-el-que-se-establece-la-ordenacion-y-el-curriculo-de-la-etapa-de-educacion-infantil-en\">Decreto 100\/2023, de 9 de mayo, por el que se establece la ordenaci\u00f3n y el <\/a><\/span><span style=\"color: #3366ff\">curr\u00edculo de la etapa de Educaci\u00f3n Infantil en la Comunidad Aut\u00f3noma de <\/span><span style=\"color: #3366ff\">Andaluc\u00eda.<\/span><\/li>\n<li><a href=\"https:\/\/portals.ced.junta-andalucia.es\/educacion\/portals\/web\/aldea\/normativa\/-\/normativas\/detalle\/decreto-101-2023-de-9-de-mayo-por-el-que-se-establece-la-ordenacion-y-el-curriculo-de-la-etapa-de-educacion-primaria-en\"><span style=\"color: #3366ff\">Decreto 101\/2023, de 9 de mayo, por el que se establece la ordenaci\u00f3n y el <\/span><\/a><span style=\"color: #3366ff\">curr\u00edculo de la etapa de Educaci\u00f3n Primaria en la Comunidad Aut\u00f3noma de <\/span><span style=\"color: #3366ff\">Andaluc\u00eda.<\/span><\/li>\n<li><a href=\"https:\/\/portals.ced.junta-andalucia.es\/educacion\/portals\/web\/ced\/normativa\/-\/normativas\/detalle\/decreto-102-2023-de-9-de-mayo-por-el-que-se-establece-la-ordenacion-y-el-curriculo-de-la-etapa-de-educacion-secundaria\"><span style=\"color: #3366ff\">Decreto 102\/2023, de 9 de mayo, por el que se establece la ordenaci\u00f3n y el <\/span><\/a><span style=\"color: #3366ff\">curr\u00edculo de la etapa de Educaci\u00f3n Secundaria Obligatoria en la Comunidad <\/span><span style=\"color: #3366ff\">Aut\u00f3noma de Andaluc\u00eda.<\/span><\/li>\n<li><a href=\"https:\/\/www.feandalucia.ccoo.es\/docu\/p5sd7970.pdf\" target=\"_blank\" rel=\"nofollow noopener sponsored ugc noreferrer\">DECRETO 328\/2010, de 13 de julio, por el que se aprueba el Reglamento Org\u00e1nico de las escuelas infantiles de segundo grado, de los colegios de educaci\u00f3n primaria, de los colegios de educaci\u00f3n infantil y primaria, y de los centros p\u00fablicos espec\u00edficos de educaci\u00f3n especial.<\/a><\/li>\n<li><a href=\"https:\/\/www.adideandalucia.es\/normas\/decretos\/Decreto327-2010RocInstitutosConsolidado.pdf\" target=\"_blank\" rel=\"nofollow noopener sponsored ugc noreferrer\">DECRETO 327\/2010, de 13 de julio, por el que se aprueba el Reglamento Org\u00e1nico de los Institutos de Educaci\u00f3n Secundaria.&nbsp;<\/a><\/li>\n<li><a href=\"https:\/\/portals.ced.junta-andalucia.es\/educacion\/portals\/web\/ced\/novedades\/-\/contenidos\/detalle\/orden-de-30-de-mayo-de-2023-por-la-que-se-desarrolla-el-curriculo-correspondiente-a-la-etapa-de-educacion-secundaria\"><span style=\"color: #3366ff\">ORDEN de 30 de mayo de 2023, por la que se desarrolla el curr\u00edculo <\/span><\/a><span style=\"color: #3366ff\">correspondiente a la etapa de Educaci\u00f3n Secundaria Obligatoria en la <\/span><span style=\"color: #3366ff\">Comunidad Aut\u00f3noma de Andaluc\u00eda.<\/span><\/li>\n<li><span style=\"color: #3366ff\"><a style=\"color: #3366ff\" href=\"https:\/\/portals.ced.junta-andalucia.es\/educacion\/portals\/web\/ced\/novedades\/-\/contenidos\/detalle\/orden-de-30-de-mayo-de-2023-por-la-que-se-desarrolla-el-curriculo-correspondiente-a-la-etapa-de-educacion-primaria-en\">ORDEN de 30 de mayo de 2023, por la que se desarrolla el curr\u00edculo <\/a><\/span><span style=\"color: #3366ff\">correspondiente a la etapa de Educaci\u00f3n Primaria en la Comunidad Aut\u00f3noma <\/span><span style=\"color: #3366ff\">de Andaluc\u00eda.<\/span><\/li>\n<li><span style=\"color: #3366ff\"><a style=\"color: #3366ff\" href=\"https:\/\/portals.ced.junta-andalucia.es\/educacion\/portals\/web\/ced\/novedades\/-\/contenidos\/detalle\/orden-de-30-de-mayo-de-2023-por-la-que-se-desarrolla-el-curriculo-correspondiente-a-la-etapa-de-educacion-infantil-en\">Orden de 30 de mayo de 2023, por la que se desarrolla el curr\u00edculo <\/a><\/span><span style=\"color: #3366ff\">correspondiente a la etapa de Educaci\u00f3n Infantil en la Comunidad Aut\u00f3noma <\/span><span style=\"color: #3366ff\">de Andaluc\u00eda.<\/span><\/li>\n<li><a href=\"https:\/\/portals.ced.junta-andalucia.es\/educacion\/portals\/web\/inspeccion-educativa\/normativa-d\/-\/contenidos\/detalle\/instrucciones-de-21-de-junio-de-2023-de-la-viceconsejeria-de-desarrollo-educativo-y-formacion-profesional-sobre-el\"><span style=\"color: #3366ff\">INSTRUCCIONES DE 21 DE JUNIO DE 2023, DE LA VICECONSEJER\u00cdA DE DESARROLLO EDUCATIVO Y <\/span><\/a><span style=\"color: #3366ff\">FORMACI\u00d3N PROFESIONAL, SOBRE EL TRATAMIENTO DE LA LECTURA PARA EL DESPLIEGUE DE LA <\/span><span style=\"color: #3366ff\">COMPETENCIA EN COMUNICACI\u00d3N LING\u00dc\u00cdSTICA EN EDUCACI\u00d3N PRIMARIA Y EDUCACI\u00d3N SECUNDARIA <\/span><span style=\"color: #3366ff\">OBLIGATORIA.<\/span><\/li>\n<li><a href=\"https:\/\/www.juntadeandalucia.es\/sites\/default\/files\/2022-08\/04082022_20220623_instruccion_organizacion_educacion_primaria_2022_2023.pdf\">INSTRUCCI\u00d3N 12\/2022, DE 23 DE JUNIO, DE LA DIRECCI\u00d3N GENERAL DE ORDENACI\u00d3N Y EVALUACI\u00d3N EDUCATIVA, POR LA QUE SE ESTABLECEN ASPECTOS DE ORGANIZACI\u00d3N Y FUNCIONAMIENTO PARA LOS CENTROS QUE IMPARTAN EDUCACI\u00d3N PRIMARIA PARA EL CURSO 2022\/2023.<\/a><\/li>\n<li><a href=\"https:\/\/www.juntadeandalucia.es\/educacion\/portals\/delegate\/content\/2f56ec21-36e2-4651-bd5e-160408e96d17\/Instrucci%C3%B3n%201\/2022,%20de%2023%20de%20junio,%20por%20la%20que%20se%20establecen%20aspectos%20de%20organizaci%C3%B3n%20y%20funcionamiento%20para%20los%20centros%20que%20impartan%20educaci%C3%B3n%20secundaria%20obligatoria%20para%20el%20curso%202022\/2023\">INSTRUCCI\u00d3N CONJUNTA 1 \/2022, DE 23 DE JUNIO, DE LA DIRECCI\u00d3N GENERAL DE ORDENACI\u00d3N Y EVALUACI\u00d3N EDUCATIVA Y DE LA DIRECCI\u00d3N GENERAL DE FORMACI\u00d3N PROFESIONAL, POR LA QUE SE ESTABLECEN ASPECTOS DE ORGANIZACI\u00d3N Y FUNCIONAMIENTO PARA LOS CENTROS QUE IMPARTAN EDUCACI\u00d3N SECUNDARIA OBLIGATORIA PARA EL CURSO 2022\/2023.<\/a><\/li>\n<li><a href=\"https:\/\/www.juntadeandalucia.es\/educacion\/portals\/delegate\/content\/9ff12ce5-908c-4a9a-aad3-27038bbc8520\/Instrucci%C3%B3n%2011\/2022,%20de%2023%20de%20junio,%20de%20la%20Direcci%C3%B3n%20General%20de%20Ordenaci%C3%B3n%20y%20Evaluaci%C3%B3n%20Educativa,%20por%20la%20que%20se%20establecen%20aspectos%20de%20organizaci%C3%B3n%20y%20funcionamiento%20para%20los%20centros%20que%20impartan%20educaci%C3%B3n%20infantil%20para%20el%20curso%202022\/2023\" target=\"_blank\" rel=\"nofollow noopener sponsored ugc noreferrer\">INSTRUCCI\u00d3N 11\/2022, DE 23 DE JUNIO, DE LA DIRECCI\u00d3N GENERAL DE ORDENACI\u00d3N Y EVALUACI\u00d3N EDUCATIVA, POR LA QUE SE ESTABLECEN ASPECTOS DE ORGANIZACI\u00d3N Y FUNCIONAMIENTO PARA LOS CENTROS QUE IMPARTAN EDUCACI\u00d3N INFANTIL PARA EL CURSO 2022\/2023.<\/a><\/li>\n<\/ul>\n","protected":false},"excerpt":{"rendered":"<p>LOMLOE Real Decreto 157\/2022, de 1 de marzo, por el que se establecen la ordenaci\u00f3n y las ense\u00f1anzas m\u00ednimas de la Educaci\u00f3n Primaria. Real Decreto 217\/2022, de 29 de marzo, por el que se&#46;&#46;&#46;<\/p>\n","protected":false},"author":5737,"featured_media":0,"parent":0,"menu_order":0,"comment_status":"closed","ping_status":"closed","template":"","meta":{"ngg_post_thumbnail":0,"footnotes":""},"aioseo_notices":[],"_links":{"self":[{"href":"https:\/\/blogsaverroes.juntadeandalucia.es\/ceiplaguijarrosa\/wp-json\/wp\/v2\/pages\/1133"}],"collection":[{"href":"https:\/\/blogsaverroes.juntadeandalucia.es\/ceiplaguijarrosa\/wp-json\/wp\/v2\/pages"}],"about":[{"href":"https:\/\/blogsaverroes.juntadeandalucia.es\/ceiplaguijarrosa\/wp-json\/wp\/v2\/types\/page"}],"author":[{"embeddable":true,"href":"https:\/\/blogsaverroes.juntadeandalucia.es\/ceiplaguijarrosa\/wp-json\/wp\/v2\/users\/5737"}],"replies":[{"embeddable":true,"href":"https:\/\/blogsaverroes.juntadeandalucia.es\/ceiplaguijarrosa\/wp-json\/wp\/v2\/comments?post=1133"}],"version-history":[{"count":10,"href":"https:\/\/blogsaverroes.juntadeandalucia.es\/ceiplaguijarrosa\/wp-json\/wp\/v2\/pages\/1133\/revisions"}],"predecessor-version":[{"id":1282,"href":"https:\/\/blogsaverroes.juntadeandalucia.es\/ceiplaguijarrosa\/wp-json\/wp\/v2\/pages\/1133\/revisions\/1282"}],"wp:attachment":[{"href":"https:\/\/blogsaverroes.juntadeandalucia.es\/ceiplaguijarrosa\/wp-json\/wp\/v2\/media?parent=1133"}],"curies":[{"name":"wp","href":"https:\/\/api.w.org\/{rel}","templated":true}]}}