{"id":1344,"date":"2024-11-15T11:53:28","date_gmt":"2024-11-15T09:53:28","guid":{"rendered":"https:\/\/blogsaverroes.juntadeandalucia.es\/ceiplaguijarrosa\/?page_id=1344"},"modified":"2025-10-24T13:52:24","modified_gmt":"2025-10-24T11:52:24","slug":"transformacion-digital-educativa","status":"publish","type":"page","link":"https:\/\/blogsaverroes.juntadeandalucia.es\/ceiplaguijarrosa\/transformacion-digital-educativa\/","title":{"rendered":"Transformaci\u00f3n Digital Educativa"},"content":{"rendered":"<p>&nbsp;<\/p>\n<p><a href=\"https:\/\/blogsaverroes.juntadeandalucia.es\/ceiplaguijarrosa\/files\/2025\/10\/Transformacion-Digital-Educativa-25-26.pdf\">Transformaci\u00f3n Digital Educativa 25-26<\/a><\/p>\n<p><a href=\"https:\/\/blogsaverroes.juntadeandalucia.es\/ceiplaguijarrosa\/files\/2024\/11\/DECALOGO-USO-NUEVAS-TECNOLOGIAS.pdf\">DEC\u00c1LOGO USO NUEVAS TECNOLOG\u00cdAS<\/a><\/p>\n<p><a href=\"https:\/\/blogsaverroes.juntadeandalucia.es\/ceiplaguijarrosa\/files\/2024\/11\/guia-centros-educativos-proteccion-de-datos.pdf\">guia-centros-educativos protecci\u00f3n de datos &nbsp; &nbsp;&nbsp;<\/a><\/p>\n<p><a href=\"https:\/\/blogsaverroes.juntadeandalucia.es\/ceiplaguijarrosa\/files\/2024\/11\/NORMAS-de-BUEN-USO-de-los-EQUIPOS-de-NUESTRO-centro-educativo.pdf\">NORMAS de BUEN USO de los EQUIPOS de NUESTRO centro educativo<\/a><\/p>\n","protected":false},"excerpt":{"rendered":"<p>&nbsp; Transformaci\u00f3n Digital Educativa 25-26 DEC\u00c1LOGO USO NUEVAS TECNOLOG\u00cdAS guia-centros-educativos protecci\u00f3n de datos &nbsp; &nbsp;&nbsp; NORMAS de BUEN USO de los EQUIPOS de NUESTRO centro educativo<\/p>\n","protected":false},"author":5737,"featured_media":0,"parent":0,"menu_order":0,"comment_status":"closed","ping_status":"closed","template":"","meta":{"ngg_post_thumbnail":0,"footnotes":""},"aioseo_notices":[],"_links":{"self":[{"href":"https:\/\/blogsaverroes.juntadeandalucia.es\/ceiplaguijarrosa\/wp-json\/wp\/v2\/pages\/1344"}],"collection":[{"href":"https:\/\/blogsaverroes.juntadeandalucia.es\/ceiplaguijarrosa\/wp-json\/wp\/v2\/pages"}],"about":[{"href":"https:\/\/blogsaverroes.juntadeandalucia.es\/ceiplaguijarrosa\/wp-json\/wp\/v2\/types\/page"}],"author":[{"embeddable":true,"href":"https:\/\/blogsaverroes.juntadeandalucia.es\/ceiplaguijarrosa\/wp-json\/wp\/v2\/users\/5737"}],"replies":[{"embeddable":true,"href":"https:\/\/blogsaverroes.juntadeandalucia.es\/ceiplaguijarrosa\/wp-json\/wp\/v2\/comments?post=1344"}],"version-history":[{"count":4,"href":"https:\/\/blogsaverroes.juntadeandalucia.es\/ceiplaguijarrosa\/wp-json\/wp\/v2\/pages\/1344\/revisions"}],"predecessor-version":[{"id":1394,"href":"https:\/\/blogsaverroes.juntadeandalucia.es\/ceiplaguijarrosa\/wp-json\/wp\/v2\/pages\/1344\/revisions\/1394"}],"wp:attachment":[{"href":"https:\/\/blogsaverroes.juntadeandalucia.es\/ceiplaguijarrosa\/wp-json\/wp\/v2\/media?parent=1344"}],"curies":[{"name":"wp","href":"https:\/\/api.w.org\/{rel}","templated":true}]}}