{"id":46,"date":"2018-02-15T10:16:54","date_gmt":"2018-02-15T10:16:54","guid":{"rendered":"https:\/\/blogsaverroes.juntadeandalucia.es\/ceiplaguijarrosa\/?page_id=46"},"modified":"2018-02-15T10:16:54","modified_gmt":"2018-02-15T10:16:54","slug":"ed-infantil","status":"publish","type":"page","link":"https:\/\/blogsaverroes.juntadeandalucia.es\/ceiplaguijarrosa\/ed-infantil\/","title":{"rendered":"Ed. Infantil"},"content":{"rendered":"<ul>\n<li>Educaci\u00f3n Infantil:<\/li>\n<\/ul>\n<p>La finalidad de la educaci\u00f3n infantil es la de contribuir al desarrollo f\u00edsico, afectivo, social e intelectual de los ni\u00f1os y las ni\u00f1as, respetando los derechos de la infancia y atendiendo a su bienestar.<\/p>\n<p>En este ciclo se atender\u00e1 progresivamente al desarrollo afectivo, al movimiento y los h\u00e1bitos de control corporal, a las manifestaciones de la comunicaci\u00f3n y del lenguaje, a las pautas elementales de convivencia y relaci\u00f3n social, as\u00ed como al descubrimiento de las caracter\u00edsticas f\u00edsicas y sociales del medio. Adem\u00e1s se facilitar\u00e1 que ni\u00f1as y ni\u00f1os elaboren una imagen de s\u00ed mismos positiva y equilibrada y adquieran autonom\u00eda personal.<\/p>\n","protected":false},"excerpt":{"rendered":"<p>Educaci\u00f3n Infantil: La finalidad de la educaci\u00f3n infantil es la de contribuir al desarrollo f\u00edsico, afectivo, social e intelectual de los ni\u00f1os y las ni\u00f1as, respetando los derechos de la infancia y atendiendo a&#46;&#46;&#46;<\/p>\n","protected":false},"author":5737,"featured_media":0,"parent":0,"menu_order":0,"comment_status":"closed","ping_status":"closed","template":"","meta":{"ngg_post_thumbnail":0,"footnotes":""},"aioseo_notices":[],"_links":{"self":[{"href":"https:\/\/blogsaverroes.juntadeandalucia.es\/ceiplaguijarrosa\/wp-json\/wp\/v2\/pages\/46"}],"collection":[{"href":"https:\/\/blogsaverroes.juntadeandalucia.es\/ceiplaguijarrosa\/wp-json\/wp\/v2\/pages"}],"about":[{"href":"https:\/\/blogsaverroes.juntadeandalucia.es\/ceiplaguijarrosa\/wp-json\/wp\/v2\/types\/page"}],"author":[{"embeddable":true,"href":"https:\/\/blogsaverroes.juntadeandalucia.es\/ceiplaguijarrosa\/wp-json\/wp\/v2\/users\/5737"}],"replies":[{"embeddable":true,"href":"https:\/\/blogsaverroes.juntadeandalucia.es\/ceiplaguijarrosa\/wp-json\/wp\/v2\/comments?post=46"}],"version-history":[{"count":1,"href":"https:\/\/blogsaverroes.juntadeandalucia.es\/ceiplaguijarrosa\/wp-json\/wp\/v2\/pages\/46\/revisions"}],"predecessor-version":[{"id":47,"href":"https:\/\/blogsaverroes.juntadeandalucia.es\/ceiplaguijarrosa\/wp-json\/wp\/v2\/pages\/46\/revisions\/47"}],"wp:attachment":[{"href":"https:\/\/blogsaverroes.juntadeandalucia.es\/ceiplaguijarrosa\/wp-json\/wp\/v2\/media?parent=46"}],"curies":[{"name":"wp","href":"https:\/\/api.w.org\/{rel}","templated":true}]}}