{"id":650,"date":"2021-02-11T11:15:23","date_gmt":"2021-02-11T11:15:23","guid":{"rendered":"https:\/\/blogsaverroes.juntadeandalucia.es\/ceiplaguijarrosa\/?page_id=650"},"modified":"2024-11-15T11:02:13","modified_gmt":"2024-11-15T09:02:13","slug":"aula-virtual","status":"publish","type":"page","link":"https:\/\/blogsaverroes.juntadeandalucia.es\/ceiplaguijarrosa\/aula-virtual\/","title":{"rendered":"Aula Virtual"},"content":{"rendered":"<p>Hola a todos y todas:<\/p>\n<p style=\"text-align: left\">Como siempre, seguiremos con nuestra nueva direcci\u00f3n de correo electr\u00f3nico. Os recordamos que est\u00e1 compuesta por la inicial de nuestro nombre, las 3 primeras letras de nuestro primer apellido, las 3 primeras letras del segundo y unos n\u00fameros otorgados al azar. Todo ello va seguido del dominio <span style=\"font-size: 18pt\">@g.educaand.es<\/span><\/p>\n<p style=\"text-align: left\">Esta es vuestra nueva direcci\u00f3n de correo electr\u00f3nico para trabajar en Classroom y para utilizarla en todas las actividades relacionadas con el colegio.<\/p>\n<p>&nbsp;<\/p>\n<div id=\"attachment_655\" style=\"width: 252px\" class=\"wp-caption aligncenter\"><a href=\"https:\/\/gsuite.google.com\/dashboard\"><img loading=\"lazy\" decoding=\"async\" aria-describedby=\"caption-attachment-655\" class=\"wp-image-655 size-full\" src=\"https:\/\/blogsaverroes.juntadeandalucia.es\/ceiplaguijarrosa\/files\/2021\/02\/classroom.jpg\" alt=\"https:\/\/gsuite.google.com\/dashboard\" width=\"242\" height=\"209\"><\/a><p id=\"caption-attachment-655\" class=\"wp-caption-text\">Pincha en este logo de Classroom para entrar al Aula Virtual.<\/p><\/div>\n","protected":false},"excerpt":{"rendered":"<p>Hola a todos y todas: Como siempre, seguiremos con nuestra nueva direcci\u00f3n de correo electr\u00f3nico. Os recordamos que est\u00e1 compuesta por la inicial de nuestro nombre, las 3 primeras letras de nuestro primer apellido,&#46;&#46;&#46;<\/p>\n","protected":false},"author":5737,"featured_media":0,"parent":0,"menu_order":0,"comment_status":"closed","ping_status":"closed","template":"","meta":{"ngg_post_thumbnail":0,"footnotes":""},"aioseo_notices":[],"_links":{"self":[{"href":"https:\/\/blogsaverroes.juntadeandalucia.es\/ceiplaguijarrosa\/wp-json\/wp\/v2\/pages\/650"}],"collection":[{"href":"https:\/\/blogsaverroes.juntadeandalucia.es\/ceiplaguijarrosa\/wp-json\/wp\/v2\/pages"}],"about":[{"href":"https:\/\/blogsaverroes.juntadeandalucia.es\/ceiplaguijarrosa\/wp-json\/wp\/v2\/types\/page"}],"author":[{"embeddable":true,"href":"https:\/\/blogsaverroes.juntadeandalucia.es\/ceiplaguijarrosa\/wp-json\/wp\/v2\/users\/5737"}],"replies":[{"embeddable":true,"href":"https:\/\/blogsaverroes.juntadeandalucia.es\/ceiplaguijarrosa\/wp-json\/wp\/v2\/comments?post=650"}],"version-history":[{"count":8,"href":"https:\/\/blogsaverroes.juntadeandalucia.es\/ceiplaguijarrosa\/wp-json\/wp\/v2\/pages\/650\/revisions"}],"predecessor-version":[{"id":1343,"href":"https:\/\/blogsaverroes.juntadeandalucia.es\/ceiplaguijarrosa\/wp-json\/wp\/v2\/pages\/650\/revisions\/1343"}],"wp:attachment":[{"href":"https:\/\/blogsaverroes.juntadeandalucia.es\/ceiplaguijarrosa\/wp-json\/wp\/v2\/media?parent=650"}],"curies":[{"name":"wp","href":"https:\/\/api.w.org\/{rel}","templated":true}]}}