{"id":2263,"date":"2019-02-07T16:38:06","date_gmt":"2019-02-07T16:38:06","guid":{"rendered":"https:\/\/blogsaverroes.juntadeandalucia.es\/ceiplainmaculada\/?page_id=2263"},"modified":"2025-10-03T11:46:49","modified_gmt":"2025-10-03T11:46:49","slug":"horario-secretaria","status":"publish","type":"page","link":"https:\/\/blogsaverroes.juntadeandalucia.es\/ceiplainmaculada\/horario-secretaria\/","title":{"rendered":"HORARIO DE SECRETAR\u00cdA"},"content":{"rendered":"<h3 style=\"text-align: center\"><strong><span style=\"color: #008080\">HORARIO DE SECRETAR\u00cdA<\/span><\/strong><\/h3>\n<p style=\"text-align: center\">La secretar\u00eda del centro permanecer\u00e1 abierta para atender a los usuarios:<\/p>\n<p style=\"text-align: center\"><strong><span style=\"color: #008080\">LUNES, MI\u00c9RCOLES Y VIERNES DE 9:10 a 11:00 y de 11:30 a 13:50<\/span><\/strong><\/p>\n<p>&nbsp;<\/p>\n<p>&nbsp;<\/p>\n","protected":false},"excerpt":{"rendered":"<p>HORARIO DE SECRETAR\u00cdA La secretar\u00eda del centro permanecer\u00e1 abierta para atender a los usuarios: LUNES, MI\u00c9RCOLES Y VIERNES DE 9:10 a 11:00 y de 11:30 a 13:50 &nbsp; &nbsp;<\/p>\n","protected":false},"author":3031,"featured_media":0,"parent":0,"menu_order":0,"comment_status":"closed","ping_status":"closed","template":"","meta":{"ngg_post_thumbnail":0,"footnotes":"","_mc_calendar":[]},"aioseo_notices":[],"_links":{"self":[{"href":"https:\/\/blogsaverroes.juntadeandalucia.es\/ceiplainmaculada\/wp-json\/wp\/v2\/pages\/2263"}],"collection":[{"href":"https:\/\/blogsaverroes.juntadeandalucia.es\/ceiplainmaculada\/wp-json\/wp\/v2\/pages"}],"about":[{"href":"https:\/\/blogsaverroes.juntadeandalucia.es\/ceiplainmaculada\/wp-json\/wp\/v2\/types\/page"}],"author":[{"embeddable":true,"href":"https:\/\/blogsaverroes.juntadeandalucia.es\/ceiplainmaculada\/wp-json\/wp\/v2\/users\/3031"}],"replies":[{"embeddable":true,"href":"https:\/\/blogsaverroes.juntadeandalucia.es\/ceiplainmaculada\/wp-json\/wp\/v2\/comments?post=2263"}],"version-history":[{"count":19,"href":"https:\/\/blogsaverroes.juntadeandalucia.es\/ceiplainmaculada\/wp-json\/wp\/v2\/pages\/2263\/revisions"}],"predecessor-version":[{"id":12036,"href":"https:\/\/blogsaverroes.juntadeandalucia.es\/ceiplainmaculada\/wp-json\/wp\/v2\/pages\/2263\/revisions\/12036"}],"wp:attachment":[{"href":"https:\/\/blogsaverroes.juntadeandalucia.es\/ceiplainmaculada\/wp-json\/wp\/v2\/media?parent=2263"}],"curies":[{"name":"wp","href":"https:\/\/api.w.org\/{rel}","templated":true}]}}