{"id":2322,"date":"2019-02-24T17:15:45","date_gmt":"2019-02-24T17:15:45","guid":{"rendered":"https:\/\/blogsaverroes.juntadeandalucia.es\/ceiplainmaculada\/?page_id=2322"},"modified":"2025-08-28T15:15:20","modified_gmt":"2025-08-28T15:15:20","slug":"instalaciones","status":"publish","type":"page","link":"https:\/\/blogsaverroes.juntadeandalucia.es\/ceiplainmaculada\/instalaciones\/","title":{"rendered":"INSTALACIONES"},"content":{"rendered":"<p>Estas son algunas de nuestras instalaciones. si quiere ver las im\u00e1genes en mayor tama\u00f1o, cliquee con el rat\u00f3n sobre ellas.<\/p>\n<p style=\"text-align: center\">Patio<\/p>\n<p><a href=\"https:\/\/blogsaverroes.juntadeandalucia.es\/ceiplainmaculada\/files\/2019\/02\/patio_grande.jpg\"><img fetchpriority=\"high\" decoding=\"async\" class=\"aligncenter size-large wp-image-2319\" src=\"https:\/\/blogsaverroes.juntadeandalucia.es\/ceiplainmaculada\/files\/2019\/02\/patio_grande-1024x272.jpg\" alt=\"\" width=\"1024\" height=\"272\" srcset=\"https:\/\/blogsaverroes.juntadeandalucia.es\/ceiplainmaculada\/files\/2019\/02\/patio_grande-1024x272.jpg 1024w, https:\/\/blogsaverroes.juntadeandalucia.es\/ceiplainmaculada\/files\/2019\/02\/patio_grande-300x80.jpg 300w, https:\/\/blogsaverroes.juntadeandalucia.es\/ceiplainmaculada\/files\/2019\/02\/patio_grande-768x204.jpg 768w, https:\/\/blogsaverroes.juntadeandalucia.es\/ceiplainmaculada\/files\/2019\/02\/patio_grande-24x6.jpg 24w, https:\/\/blogsaverroes.juntadeandalucia.es\/ceiplainmaculada\/files\/2019\/02\/patio_grande-36x10.jpg 36w, https:\/\/blogsaverroes.juntadeandalucia.es\/ceiplainmaculada\/files\/2019\/02\/patio_grande-48x13.jpg 48w, https:\/\/blogsaverroes.juntadeandalucia.es\/ceiplainmaculada\/files\/2019\/02\/patio_grande.jpg 1600w\" sizes=\"(max-width: 1024px) 100vw, 1024px\" \/><\/a><\/p>\n<p style=\"text-align: center\">Comedor<\/p>\n<table>\n<tbody>\n<tr>\n<td><a href=\"https:\/\/blogsaverroes.juntadeandalucia.es\/ceiplainmaculada\/files\/2019\/02\/comedor_1.jpg\"><img decoding=\"async\" class=\"aligncenter size-medium wp-image-2316\" src=\"https:\/\/blogsaverroes.juntadeandalucia.es\/ceiplainmaculada\/files\/2019\/02\/comedor_1-168x300.jpg\" alt=\"\" width=\"168\" height=\"300\" srcset=\"https:\/\/blogsaverroes.juntadeandalucia.es\/ceiplainmaculada\/files\/2019\/02\/comedor_1-168x300.jpg 168w, https:\/\/blogsaverroes.juntadeandalucia.es\/ceiplainmaculada\/files\/2019\/02\/comedor_1-768x1368.jpg 768w, https:\/\/blogsaverroes.juntadeandalucia.es\/ceiplainmaculada\/files\/2019\/02\/comedor_1-575x1024.jpg 575w, https:\/\/blogsaverroes.juntadeandalucia.es\/ceiplainmaculada\/files\/2019\/02\/comedor_1-13x24.jpg 13w, https:\/\/blogsaverroes.juntadeandalucia.es\/ceiplainmaculada\/files\/2019\/02\/comedor_1-20x36.jpg 20w, https:\/\/blogsaverroes.juntadeandalucia.es\/ceiplainmaculada\/files\/2019\/02\/comedor_1-27x48.jpg 27w, https:\/\/blogsaverroes.juntadeandalucia.es\/ceiplainmaculada\/files\/2019\/02\/comedor_1.jpg 898w\" sizes=\"(max-width: 168px) 100vw, 168px\" \/><\/a><\/td>\n<td><a href=\"https:\/\/blogsaverroes.juntadeandalucia.es\/ceiplainmaculada\/files\/2019\/02\/comedor_dos.jpg\"><img decoding=\"async\" class=\"aligncenter size-medium wp-image-2317\" src=\"https:\/\/blogsaverroes.juntadeandalucia.es\/ceiplainmaculada\/files\/2019\/02\/comedor_dos-168x300.jpg\" alt=\"\" width=\"168\" height=\"300\" srcset=\"https:\/\/blogsaverroes.juntadeandalucia.es\/ceiplainmaculada\/files\/2019\/02\/comedor_dos-168x300.jpg 168w, https:\/\/blogsaverroes.juntadeandalucia.es\/ceiplainmaculada\/files\/2019\/02\/comedor_dos-768x1368.jpg 768w, https:\/\/blogsaverroes.juntadeandalucia.es\/ceiplainmaculada\/files\/2019\/02\/comedor_dos-575x1024.jpg 575w, https:\/\/blogsaverroes.juntadeandalucia.es\/ceiplainmaculada\/files\/2019\/02\/comedor_dos-13x24.jpg 13w, https:\/\/blogsaverroes.juntadeandalucia.es\/ceiplainmaculada\/files\/2019\/02\/comedor_dos-20x36.jpg 20w, https:\/\/blogsaverroes.juntadeandalucia.es\/ceiplainmaculada\/files\/2019\/02\/comedor_dos-27x48.jpg 27w, https:\/\/blogsaverroes.juntadeandalucia.es\/ceiplainmaculada\/files\/2019\/02\/comedor_dos.jpg 898w\" sizes=\"(max-width: 168px) 100vw, 168px\" \/><\/a><\/td>\n<\/tr>\n<\/tbody>\n<\/table>\n<p style=\"text-align: center\">Biblioteca<\/p>\n<p style=\"text-align: center\"><a href=\"https:\/\/blogsaverroes.juntadeandalucia.es\/ceiplainmaculada\/files\/2019\/02\/biblioteca.jpg\"><img loading=\"lazy\" decoding=\"async\" class=\"aligncenter size-medium wp-image-2250\" src=\"https:\/\/blogsaverroes.juntadeandalucia.es\/ceiplainmaculada\/files\/2019\/02\/biblioteca-300x168.jpg\" alt=\"\" width=\"300\" height=\"168\" srcset=\"https:\/\/blogsaverroes.juntadeandalucia.es\/ceiplainmaculada\/files\/2019\/02\/biblioteca-300x168.jpg 300w, https:\/\/blogsaverroes.juntadeandalucia.es\/ceiplainmaculada\/files\/2019\/02\/biblioteca-768x431.jpg 768w, https:\/\/blogsaverroes.juntadeandalucia.es\/ceiplainmaculada\/files\/2019\/02\/biblioteca-1024x575.jpg 1024w, https:\/\/blogsaverroes.juntadeandalucia.es\/ceiplainmaculada\/files\/2019\/02\/biblioteca-24x13.jpg 24w, https:\/\/blogsaverroes.juntadeandalucia.es\/ceiplainmaculada\/files\/2019\/02\/biblioteca-36x20.jpg 36w, https:\/\/blogsaverroes.juntadeandalucia.es\/ceiplainmaculada\/files\/2019\/02\/biblioteca-48x27.jpg 48w, https:\/\/blogsaverroes.juntadeandalucia.es\/ceiplainmaculada\/files\/2019\/02\/biblioteca.jpg 1600w\" sizes=\"(max-width: 300px) 100vw, 300px\" \/><\/a>Laboratorio<\/p>\n<p><a href=\"https:\/\/blogsaverroes.juntadeandalucia.es\/ceiplainmaculada\/files\/2019\/02\/laboratorio.jpg\"><img loading=\"lazy\" decoding=\"async\" class=\"aligncenter size-medium wp-image-2318\" src=\"https:\/\/blogsaverroes.juntadeandalucia.es\/ceiplainmaculada\/files\/2019\/02\/laboratorio-300x180.jpg\" alt=\"\" width=\"300\" height=\"180\" srcset=\"https:\/\/blogsaverroes.juntadeandalucia.es\/ceiplainmaculada\/files\/2019\/02\/laboratorio-300x180.jpg 300w, https:\/\/blogsaverroes.juntadeandalucia.es\/ceiplainmaculada\/files\/2019\/02\/laboratorio-768x461.jpg 768w, https:\/\/blogsaverroes.juntadeandalucia.es\/ceiplainmaculada\/files\/2019\/02\/laboratorio-1024x614.jpg 1024w, https:\/\/blogsaverroes.juntadeandalucia.es\/ceiplainmaculada\/files\/2019\/02\/laboratorio-24x14.jpg 24w, https:\/\/blogsaverroes.juntadeandalucia.es\/ceiplainmaculada\/files\/2019\/02\/laboratorio-36x22.jpg 36w, https:\/\/blogsaverroes.juntadeandalucia.es\/ceiplainmaculada\/files\/2019\/02\/laboratorio-48x29.jpg 48w, https:\/\/blogsaverroes.juntadeandalucia.es\/ceiplainmaculada\/files\/2019\/02\/laboratorio.jpg 1600w\" sizes=\"(max-width: 300px) 100vw, 300px\" \/><\/a><\/p>\n<p style=\"text-align: center\">Sala de Pl\u00e1stica<\/p>\n<p><a href=\"https:\/\/blogsaverroes.juntadeandalucia.es\/ceiplainmaculada\/files\/2019\/02\/sala_pl\u00e1stica.jpg\"><img loading=\"lazy\" decoding=\"async\" class=\"aligncenter size-medium wp-image-2320\" src=\"https:\/\/blogsaverroes.juntadeandalucia.es\/ceiplainmaculada\/files\/2019\/02\/sala_pl\u00e1stica-300x180.jpg\" alt=\"\" width=\"300\" height=\"180\" srcset=\"https:\/\/blogsaverroes.juntadeandalucia.es\/ceiplainmaculada\/files\/2019\/02\/sala_pl\u00e1stica-300x180.jpg 300w, https:\/\/blogsaverroes.juntadeandalucia.es\/ceiplainmaculada\/files\/2019\/02\/sala_pl\u00e1stica-768x461.jpg 768w, https:\/\/blogsaverroes.juntadeandalucia.es\/ceiplainmaculada\/files\/2019\/02\/sala_pl\u00e1stica-1024x614.jpg 1024w, https:\/\/blogsaverroes.juntadeandalucia.es\/ceiplainmaculada\/files\/2019\/02\/sala_pl\u00e1stica-24x14.jpg 24w, https:\/\/blogsaverroes.juntadeandalucia.es\/ceiplainmaculada\/files\/2019\/02\/sala_pl\u00e1stica-36x22.jpg 36w, https:\/\/blogsaverroes.juntadeandalucia.es\/ceiplainmaculada\/files\/2019\/02\/sala_pl\u00e1stica-48x29.jpg 48w, https:\/\/blogsaverroes.juntadeandalucia.es\/ceiplainmaculada\/files\/2019\/02\/sala_pl\u00e1stica.jpg 1600w\" sizes=\"(max-width: 300px) 100vw, 300px\" \/><\/a><\/p>\n<p style=\"text-align: center\">Sala de usos varios<\/p>\n<p style=\"text-align: center\"><a href=\"https:\/\/blogsaverroes.juntadeandalucia.es\/ceiplainmaculada\/files\/2019\/02\/sala_usos-varios.jpg\"><img loading=\"lazy\" decoding=\"async\" class=\"aligncenter size-medium wp-image-2321\" src=\"https:\/\/blogsaverroes.juntadeandalucia.es\/ceiplainmaculada\/files\/2019\/02\/sala_usos-varios-300x180.jpg\" alt=\"\" width=\"300\" height=\"180\" srcset=\"https:\/\/blogsaverroes.juntadeandalucia.es\/ceiplainmaculada\/files\/2019\/02\/sala_usos-varios-300x180.jpg 300w, https:\/\/blogsaverroes.juntadeandalucia.es\/ceiplainmaculada\/files\/2019\/02\/sala_usos-varios-768x461.jpg 768w, https:\/\/blogsaverroes.juntadeandalucia.es\/ceiplainmaculada\/files\/2019\/02\/sala_usos-varios-1024x614.jpg 1024w, https:\/\/blogsaverroes.juntadeandalucia.es\/ceiplainmaculada\/files\/2019\/02\/sala_usos-varios-24x14.jpg 24w, https:\/\/blogsaverroes.juntadeandalucia.es\/ceiplainmaculada\/files\/2019\/02\/sala_usos-varios-36x22.jpg 36w, https:\/\/blogsaverroes.juntadeandalucia.es\/ceiplainmaculada\/files\/2019\/02\/sala_usos-varios-48x29.jpg 48w, https:\/\/blogsaverroes.juntadeandalucia.es\/ceiplainmaculada\/files\/2019\/02\/sala_usos-varios.jpg 1600w\" sizes=\"(max-width: 300px) 100vw, 300px\" \/><\/a><\/p>\n<p style=\"text-align: center\">Sala de psicomotricidad<\/p>\n<p><a href=\"https:\/\/blogsaverroes.juntadeandalucia.es\/ceiplainmaculada\/files\/2019\/03\/psicomotricidad_1-.jpg\"><img loading=\"lazy\" decoding=\"async\" class=\"aligncenter size-medium wp-image-2415\" src=\"https:\/\/blogsaverroes.juntadeandalucia.es\/ceiplainmaculada\/files\/2019\/03\/psicomotricidad_1--225x300.jpg\" alt=\"\" width=\"225\" height=\"300\" srcset=\"https:\/\/blogsaverroes.juntadeandalucia.es\/ceiplainmaculada\/files\/2019\/03\/psicomotricidad_1--225x300.jpg 225w, https:\/\/blogsaverroes.juntadeandalucia.es\/ceiplainmaculada\/files\/2019\/03\/psicomotricidad_1--768x1024.jpg 768w, https:\/\/blogsaverroes.juntadeandalucia.es\/ceiplainmaculada\/files\/2019\/03\/psicomotricidad_1--18x24.jpg 18w, https:\/\/blogsaverroes.juntadeandalucia.es\/ceiplainmaculada\/files\/2019\/03\/psicomotricidad_1--27x36.jpg 27w, https:\/\/blogsaverroes.juntadeandalucia.es\/ceiplainmaculada\/files\/2019\/03\/psicomotricidad_1--36x48.jpg 36w, https:\/\/blogsaverroes.juntadeandalucia.es\/ceiplainmaculada\/files\/2019\/03\/psicomotricidad_1-.jpg 1200w\" sizes=\"(max-width: 225px) 100vw, 225px\" \/><\/a><a href=\"https:\/\/blogsaverroes.juntadeandalucia.es\/ceiplainmaculada\/files\/2019\/03\/psicomotricidad_2.jpg\"><img loading=\"lazy\" decoding=\"async\" class=\"aligncenter size-medium wp-image-2416\" src=\"https:\/\/blogsaverroes.juntadeandalucia.es\/ceiplainmaculada\/files\/2019\/03\/psicomotricidad_2-225x300.jpg\" alt=\"\" width=\"225\" height=\"300\" srcset=\"https:\/\/blogsaverroes.juntadeandalucia.es\/ceiplainmaculada\/files\/2019\/03\/psicomotricidad_2-225x300.jpg 225w, https:\/\/blogsaverroes.juntadeandalucia.es\/ceiplainmaculada\/files\/2019\/03\/psicomotricidad_2-768x1024.jpg 768w, https:\/\/blogsaverroes.juntadeandalucia.es\/ceiplainmaculada\/files\/2019\/03\/psicomotricidad_2-18x24.jpg 18w, https:\/\/blogsaverroes.juntadeandalucia.es\/ceiplainmaculada\/files\/2019\/03\/psicomotricidad_2-27x36.jpg 27w, https:\/\/blogsaverroes.juntadeandalucia.es\/ceiplainmaculada\/files\/2019\/03\/psicomotricidad_2-36x48.jpg 36w, https:\/\/blogsaverroes.juntadeandalucia.es\/ceiplainmaculada\/files\/2019\/03\/psicomotricidad_2.jpg 1200w\" sizes=\"(max-width: 225px) 100vw, 225px\" \/><\/a><\/p>\n<p style=\"text-align: center\">Gimnasio<\/p>\n<p><a href=\"https:\/\/blogsaverroes.juntadeandalucia.es\/ceiplainmaculada\/files\/2019\/04\/gcircuito1.jpg\"><img loading=\"lazy\" decoding=\"async\" class=\"aligncenter size-medium wp-image-2479\" src=\"https:\/\/blogsaverroes.juntadeandalucia.es\/ceiplainmaculada\/files\/2019\/04\/gcircuito1-300x225.jpg\" alt=\"\" width=\"300\" height=\"225\" srcset=\"https:\/\/blogsaverroes.juntadeandalucia.es\/ceiplainmaculada\/files\/2019\/04\/gcircuito1-300x225.jpg 300w, https:\/\/blogsaverroes.juntadeandalucia.es\/ceiplainmaculada\/files\/2019\/04\/gcircuito1-768x576.jpg 768w, https:\/\/blogsaverroes.juntadeandalucia.es\/ceiplainmaculada\/files\/2019\/04\/gcircuito1-1024x768.jpg 1024w, https:\/\/blogsaverroes.juntadeandalucia.es\/ceiplainmaculada\/files\/2019\/04\/gcircuito1-24x18.jpg 24w, https:\/\/blogsaverroes.juntadeandalucia.es\/ceiplainmaculada\/files\/2019\/04\/gcircuito1-36x27.jpg 36w, https:\/\/blogsaverroes.juntadeandalucia.es\/ceiplainmaculada\/files\/2019\/04\/gcircuito1-48x36.jpg 48w, https:\/\/blogsaverroes.juntadeandalucia.es\/ceiplainmaculada\/files\/2019\/04\/gcircuito1.jpg 1600w\" sizes=\"(max-width: 300px) 100vw, 300px\" \/><\/a><\/p>\n<p><a href=\"https:\/\/blogsaverroes.juntadeandalucia.es\/ceiplainmaculada\/files\/2019\/04\/gcircuito2.jpg\"><img loading=\"lazy\" decoding=\"async\" class=\"aligncenter size-medium wp-image-2480\" src=\"https:\/\/blogsaverroes.juntadeandalucia.es\/ceiplainmaculada\/files\/2019\/04\/gcircuito2-300x225.jpg\" alt=\"\" width=\"300\" height=\"225\" srcset=\"https:\/\/blogsaverroes.juntadeandalucia.es\/ceiplainmaculada\/files\/2019\/04\/gcircuito2-300x225.jpg 300w, https:\/\/blogsaverroes.juntadeandalucia.es\/ceiplainmaculada\/files\/2019\/04\/gcircuito2-768x576.jpg 768w, https:\/\/blogsaverroes.juntadeandalucia.es\/ceiplainmaculada\/files\/2019\/04\/gcircuito2-1024x768.jpg 1024w, https:\/\/blogsaverroes.juntadeandalucia.es\/ceiplainmaculada\/files\/2019\/04\/gcircuito2-24x18.jpg 24w, https:\/\/blogsaverroes.juntadeandalucia.es\/ceiplainmaculada\/files\/2019\/04\/gcircuito2-36x27.jpg 36w, https:\/\/blogsaverroes.juntadeandalucia.es\/ceiplainmaculada\/files\/2019\/04\/gcircuito2-48x36.jpg 48w, https:\/\/blogsaverroes.juntadeandalucia.es\/ceiplainmaculada\/files\/2019\/04\/gcircuito2.jpg 1600w\" sizes=\"(max-width: 300px) 100vw, 300px\" \/><\/a><a href=\"https:\/\/blogsaverroes.juntadeandalucia.es\/ceiplainmaculada\/files\/2019\/04\/gcircuito3.jpg\"><img loading=\"lazy\" decoding=\"async\" class=\"aligncenter size-medium wp-image-2481\" src=\"https:\/\/blogsaverroes.juntadeandalucia.es\/ceiplainmaculada\/files\/2019\/04\/gcircuito3-300x137.jpg\" alt=\"\" width=\"300\" height=\"137\" srcset=\"https:\/\/blogsaverroes.juntadeandalucia.es\/ceiplainmaculada\/files\/2019\/04\/gcircuito3-300x137.jpg 300w, https:\/\/blogsaverroes.juntadeandalucia.es\/ceiplainmaculada\/files\/2019\/04\/gcircuito3-768x351.jpg 768w, https:\/\/blogsaverroes.juntadeandalucia.es\/ceiplainmaculada\/files\/2019\/04\/gcircuito3-1024x468.jpg 1024w, https:\/\/blogsaverroes.juntadeandalucia.es\/ceiplainmaculada\/files\/2019\/04\/gcircuito3-24x11.jpg 24w, https:\/\/blogsaverroes.juntadeandalucia.es\/ceiplainmaculada\/files\/2019\/04\/gcircuito3-36x16.jpg 36w, https:\/\/blogsaverroes.juntadeandalucia.es\/ceiplainmaculada\/files\/2019\/04\/gcircuito3-48x22.jpg 48w, https:\/\/blogsaverroes.juntadeandalucia.es\/ceiplainmaculada\/files\/2019\/04\/gcircuito3.jpg 1600w\" sizes=\"(max-width: 300px) 100vw, 300px\" \/><\/a><a href=\"https:\/\/blogsaverroes.juntadeandalucia.es\/ceiplainmaculada\/files\/2019\/04\/gcircuito4.jpg\"><img loading=\"lazy\" decoding=\"async\" class=\"aligncenter size-medium wp-image-2482\" src=\"https:\/\/blogsaverroes.juntadeandalucia.es\/ceiplainmaculada\/files\/2019\/04\/gcircuito4-300x138.jpg\" alt=\"\" width=\"300\" height=\"138\" srcset=\"https:\/\/blogsaverroes.juntadeandalucia.es\/ceiplainmaculada\/files\/2019\/04\/gcircuito4-300x138.jpg 300w, https:\/\/blogsaverroes.juntadeandalucia.es\/ceiplainmaculada\/files\/2019\/04\/gcircuito4-768x353.jpg 768w, https:\/\/blogsaverroes.juntadeandalucia.es\/ceiplainmaculada\/files\/2019\/04\/gcircuito4-1024x471.jpg 1024w, https:\/\/blogsaverroes.juntadeandalucia.es\/ceiplainmaculada\/files\/2019\/04\/gcircuito4-24x11.jpg 24w, https:\/\/blogsaverroes.juntadeandalucia.es\/ceiplainmaculada\/files\/2019\/04\/gcircuito4-36x17.jpg 36w, https:\/\/blogsaverroes.juntadeandalucia.es\/ceiplainmaculada\/files\/2019\/04\/gcircuito4-48x22.jpg 48w, https:\/\/blogsaverroes.juntadeandalucia.es\/ceiplainmaculada\/files\/2019\/04\/gcircuito4.jpg 1600w\" sizes=\"(max-width: 300px) 100vw, 300px\" \/><\/a><\/p>\n<p>&nbsp;<\/p>\n<p>&nbsp;<\/p>\n<p>&nbsp;<\/p>\n","protected":false},"excerpt":{"rendered":"<p>Estas son algunas de nuestras instalaciones. si quiere ver las im\u00e1genes en mayor tama\u00f1o, cliquee con el rat\u00f3n sobre ellas. Patio Comedor Biblioteca Laboratorio Sala de Pl\u00e1stica Sala de usos varios Sala de psicomotricidad Gimnasio&#46;&#46;&#46;<\/p>\n","protected":false},"author":3031,"featured_media":0,"parent":0,"menu_order":0,"comment_status":"closed","ping_status":"closed","template":"","meta":{"ngg_post_thumbnail":0,"footnotes":"","_mc_calendar":[]},"aioseo_notices":[],"_links":{"self":[{"href":"https:\/\/blogsaverroes.juntadeandalucia.es\/ceiplainmaculada\/wp-json\/wp\/v2\/pages\/2322"}],"collection":[{"href":"https:\/\/blogsaverroes.juntadeandalucia.es\/ceiplainmaculada\/wp-json\/wp\/v2\/pages"}],"about":[{"href":"https:\/\/blogsaverroes.juntadeandalucia.es\/ceiplainmaculada\/wp-json\/wp\/v2\/types\/page"}],"author":[{"embeddable":true,"href":"https:\/\/blogsaverroes.juntadeandalucia.es\/ceiplainmaculada\/wp-json\/wp\/v2\/users\/3031"}],"replies":[{"embeddable":true,"href":"https:\/\/blogsaverroes.juntadeandalucia.es\/ceiplainmaculada\/wp-json\/wp\/v2\/comments?post=2322"}],"version-history":[{"count":9,"href":"https:\/\/blogsaverroes.juntadeandalucia.es\/ceiplainmaculada\/wp-json\/wp\/v2\/pages\/2322\/revisions"}],"predecessor-version":[{"id":12011,"href":"https:\/\/blogsaverroes.juntadeandalucia.es\/ceiplainmaculada\/wp-json\/wp\/v2\/pages\/2322\/revisions\/12011"}],"wp:attachment":[{"href":"https:\/\/blogsaverroes.juntadeandalucia.es\/ceiplainmaculada\/wp-json\/wp\/v2\/media?parent=2322"}],"curies":[{"name":"wp","href":"https:\/\/api.w.org\/{rel}","templated":true}]}}