{"id":2334,"date":"2019-02-24T17:37:29","date_gmt":"2019-02-24T17:37:29","guid":{"rendered":"https:\/\/blogsaverroes.juntadeandalucia.es\/ceiplainmaculada\/?page_id=2334"},"modified":"2025-10-03T11:43:00","modified_gmt":"2025-10-03T11:43:00","slug":"normativa-e-impresos","status":"publish","type":"page","link":"https:\/\/blogsaverroes.juntadeandalucia.es\/ceiplainmaculada\/normativa-e-impresos\/","title":{"rendered":"SERVICIOS COMPLEMENTARIOS &#8211; NORMATIVA E IMPRESOS"},"content":{"rendered":"<h1 style=\"text-align: center\"><span style=\"color: #008080\">SERVICIOS COMPLEMENTARIOS<\/span><\/h1>\n<h2 style=\"text-align: center\"><span style=\"color: #008080\">AULA MATINAL, COMEDOR Y ACTIVIDADES EXTRAESCOLARES<\/span><\/h2>\n<h3>TABLA DE BONIFICACI\u00d3NES PARA CURSO 2025-2026<\/h3>\n<ul>\n<li><span style=\"color: #008080\"><a style=\"color: #008080\" href=\"https:\/\/blogsaverroes.juntadeandalucia.es\/ceiplainmaculada\/files\/2024\/10\/Tabla-de-bonificaciones-24-25.pdf\">Tabla de bonificaciones 24-25<\/a><\/span><\/li>\n<\/ul>\n<h3><span style=\"color: #000000\"><strong>NORMATIVA PARA CURSO 2025-2026<\/strong><\/span><\/h3>\n<ul>\n<li class=\"titulo\"><a href=\"https:\/\/www.juntadeandalucia.es\/educacion\/portales\/web\/inspeccion-educativa\/w\/resolucion-de-4-de-marzo-de-2025-por-la-que-se-establece-el-calendario-de-actuaciones-en-el-procedimiento-de-admision-del-alumnado-en-los-servicios-complementarios-de-aula-matinal-comedor-escolar-y-actividades-extraescolares-para-el-curso-escolar-2025\/26?redirect=%2Feducacion%2Fportales%2Fweb%2Feducacion%2Ffamilias%2Fservicios-complementarios%2Factividades-extraescolares\"><span style=\"color: #008080\">Resoluci\u00f3n de 4 de marzo de 2025, de la Direcci\u00f3n General de Planificaci\u00f3n, Centros y Ense\u00f1anza Concertada, por la que se establece el calendario de actuaciones en el procedimiento de admisi\u00f3n del alumnado en los servicios complementarios de aula matinal, comedor escolar y actividades extraescolares para el curso escolar 2025\/26<\/span><\/a><\/li>\n<li><span style=\"color: #008080\"><a style=\"color: #008080\" href=\"https:\/\/blogsaverroes.juntadeandalucia.es\/ceiplainmaculada\/files\/2019\/05\/BOJA19-070-00015-5172-01_00153551.pdf\">Orden de 27 de marzo de 2019, por la que se modifica la Orden de 17 de abril de 2017, por la que se regula la organizaci\u00f3n y el funcionamiento de los servicios complementarios de aula matinal, comedor escolar y actividades extraescolares, as\u00ed como el uso de las instalaciones de los centros docentes p\u00fablicos de la Comunidad Aut\u00f3noma de Andaluc\u00eda fuera del horario escolar.<\/a><\/span><\/li>\n<\/ul>\n<h3>NFORMACI\u00d3N E IMPRESOS CURSO 2025-2026<\/h3>\n<ul>\n<li><span style=\"color: #008080\"><a style=\"color: #008080\" href=\"https:\/\/blogsaverroes.juntadeandalucia.es\/ceiplainmaculada\/files\/2025\/10\/SOLICITUD-DE-MODIFICACION-DE-USOS-PLAN-DE-APERTURA.pdf\">Impreso para modificar los d\u00edas de uso 25\/26<\/a><\/span><\/li>\n<li><span style=\"color: #008080\"><a style=\"color: #008080\" href=\"https:\/\/blogsaverroes.juntadeandalucia.es\/ceiplainmaculada\/files\/2024\/09\/ANEXO-II-SOLICITUD-SERVICIO-DE-AULA-MATINAL-COMEDOR-O-ACTIVIDADES-EXTRAESCOLARES.pdf\" target=\"_blank\" rel=\"noopener noreferrer\">Impreso para solicitar Aula matinal, Comedor y Actividades Extraescolares curso 2025-2026<\/a><\/span><\/li>\n<li><span style=\"color: #008080\"><a style=\"color: #008080\" href=\"https:\/\/blogsaverroes.juntadeandalucia.es\/ceiplainmaculada\/files\/2024\/09\/ANEXO_V-SOLICITUD-GRATUIDAD-BONIFICACION-DEL-PRECIO-PUBLICO-POR-LOS-SERVICIOS-COMPLEMENTARIOS.pdf\">Solicitud de Bonificaci\u00f3n para el Curso 2025-2026<\/a><\/span><\/li>\n<\/ul>\n","protected":false},"excerpt":{"rendered":"<p>SERVICIOS COMPLEMENTARIOS AULA MATINAL, COMEDOR Y ACTIVIDADES EXTRAESCOLARES TABLA DE BONIFICACI\u00d3NES PARA CURSO 2025-2026 Tabla de bonificaciones 24-25 NORMATIVA PARA CURSO 2025-2026 Resoluci\u00f3n de 4 de marzo de 2025, de la Direcci\u00f3n General de Planificaci\u00f3n,&#46;&#46;&#46;<\/p>\n","protected":false},"author":3031,"featured_media":11588,"parent":0,"menu_order":0,"comment_status":"closed","ping_status":"closed","template":"","meta":{"ngg_post_thumbnail":0,"footnotes":"","_mc_calendar":[]},"aioseo_notices":[],"_links":{"self":[{"href":"https:\/\/blogsaverroes.juntadeandalucia.es\/ceiplainmaculada\/wp-json\/wp\/v2\/pages\/2334"}],"collection":[{"href":"https:\/\/blogsaverroes.juntadeandalucia.es\/ceiplainmaculada\/wp-json\/wp\/v2\/pages"}],"about":[{"href":"https:\/\/blogsaverroes.juntadeandalucia.es\/ceiplainmaculada\/wp-json\/wp\/v2\/types\/page"}],"author":[{"embeddable":true,"href":"https:\/\/blogsaverroes.juntadeandalucia.es\/ceiplainmaculada\/wp-json\/wp\/v2\/users\/3031"}],"replies":[{"embeddable":true,"href":"https:\/\/blogsaverroes.juntadeandalucia.es\/ceiplainmaculada\/wp-json\/wp\/v2\/comments?post=2334"}],"version-history":[{"count":22,"href":"https:\/\/blogsaverroes.juntadeandalucia.es\/ceiplainmaculada\/wp-json\/wp\/v2\/pages\/2334\/revisions"}],"predecessor-version":[{"id":12035,"href":"https:\/\/blogsaverroes.juntadeandalucia.es\/ceiplainmaculada\/wp-json\/wp\/v2\/pages\/2334\/revisions\/12035"}],"wp:featuredmedia":[{"embeddable":true,"href":"https:\/\/blogsaverroes.juntadeandalucia.es\/ceiplainmaculada\/wp-json\/wp\/v2\/media\/11588"}],"wp:attachment":[{"href":"https:\/\/blogsaverroes.juntadeandalucia.es\/ceiplainmaculada\/wp-json\/wp\/v2\/media?parent=2334"}],"curies":[{"name":"wp","href":"https:\/\/api.w.org\/{rel}","templated":true}]}}