{"id":2379,"date":"2019-02-24T20:44:55","date_gmt":"2019-02-24T20:44:55","guid":{"rendered":"https:\/\/blogsaverroes.juntadeandalucia.es\/ceiplainmaculada\/?page_id=2379"},"modified":"2025-08-28T15:11:42","modified_gmt":"2025-08-28T15:11:42","slug":"datos-ampa","status":"publish","type":"page","link":"https:\/\/blogsaverroes.juntadeandalucia.es\/ceiplainmaculada\/datos-ampa\/","title":{"rendered":"DATOS AMPA"},"content":{"rendered":"<div class=\"gmail_default\">Correo electr\u00f3nico: <a href=\"mailto:inmaculada.ampa@gmail.com\" target=\"_blank\" rel=\"noopener noreferrer\">inmaculada.ampa@gmail.com<\/a><\/div>\n<div class=\"gmail_default\">Tel\u00e9fono: 620 678 081<\/div>\n<div class=\"gmail_default\">P\u00e1gina web: <a href=\"http:\/\/www.ampainmaculada.es\" target=\"_blank\" rel=\"noopener noreferrer\">www.ampainmaculada.es<\/a><\/div>\n<div class=\"gmail_default\">Facebook: <a href=\"http:\/\/www.facebook.com\/ampalainmaculadacadiz\" target=\"_blank\" rel=\"noopener noreferrer\">www.facebook.com\/ampalainmaculadacadiz<\/a><\/div>\n<div class=\"gmail_default\">Instagram: @ampa.lainmaculada.cadiz<\/div>\n<div>&nbsp;<\/div>\n<div>&nbsp;<\/div>\n<div class=\"gmail_default\">&nbsp;<\/div>\n<div class=\"gmail_default\">Junta Directiva actual:<\/div>\n<div>Presidente: Alberto Camerino Fuentes<\/div>\n<div>Vicepresidente: Crist\u00f3bal M. Mu\u00f1oz Rom\u00e1n<\/div>\n<div>Tesorero: Alberto Camerino Fuentes<\/div>\n<div>Secretario: Crist\u00f3bal M. Mu\u00f1oz Rom\u00e1n<\/div>\n<div>Vocal: Ana Mar\u00eda Figueroa Recio<\/div>\n<div>Vocal: Iv\u00e1n Patr\u00f3n Blanco<\/div>\n<div>\n<div>Vocal: Isaac De los Santos Mart\u00ednez<\/div>\n<div>Vocal: Inmaculada Hern\u00e1ndez Asencio<\/div>\n<div>\n<div>Vocal: Yolanda Galindo Tello<\/div>\n<div>Vocal: Ana Fern\u00e1ndez Regode\u00f3n<\/div>\n<div>Vocal: Desire\u00e9 Fuentes Gallego<\/div>\n<\/div>\n<\/div>\n<div>Vocal y madre representante del AMPA en el Consejo Escolar: Marta Solana Cerro<\/div>\n<div class=\"gmail_default\">&nbsp;<\/div>\n","protected":false},"excerpt":{"rendered":"<p>Correo electr\u00f3nico: inmaculada.ampa@gmail.com Tel\u00e9fono: 620 678 081 P\u00e1gina web: www.ampainmaculada.es Facebook: www.facebook.com\/ampalainmaculadacadiz Instagram: @ampa.lainmaculada.cadiz &nbsp; &nbsp; &nbsp; Junta Directiva actual: Presidente: Alberto Camerino Fuentes Vicepresidente: Crist\u00f3bal M. Mu\u00f1oz Rom\u00e1n Tesorero: Alberto Camerino Fuentes Secretario: Crist\u00f3bal&#46;&#46;&#46;<\/p>\n","protected":false},"author":3031,"featured_media":0,"parent":0,"menu_order":0,"comment_status":"closed","ping_status":"closed","template":"","meta":{"ngg_post_thumbnail":0,"footnotes":"","_mc_calendar":[]},"aioseo_notices":[],"_links":{"self":[{"href":"https:\/\/blogsaverroes.juntadeandalucia.es\/ceiplainmaculada\/wp-json\/wp\/v2\/pages\/2379"}],"collection":[{"href":"https:\/\/blogsaverroes.juntadeandalucia.es\/ceiplainmaculada\/wp-json\/wp\/v2\/pages"}],"about":[{"href":"https:\/\/blogsaverroes.juntadeandalucia.es\/ceiplainmaculada\/wp-json\/wp\/v2\/types\/page"}],"author":[{"embeddable":true,"href":"https:\/\/blogsaverroes.juntadeandalucia.es\/ceiplainmaculada\/wp-json\/wp\/v2\/users\/3031"}],"replies":[{"embeddable":true,"href":"https:\/\/blogsaverroes.juntadeandalucia.es\/ceiplainmaculada\/wp-json\/wp\/v2\/comments?post=2379"}],"version-history":[{"count":7,"href":"https:\/\/blogsaverroes.juntadeandalucia.es\/ceiplainmaculada\/wp-json\/wp\/v2\/pages\/2379\/revisions"}],"predecessor-version":[{"id":12007,"href":"https:\/\/blogsaverroes.juntadeandalucia.es\/ceiplainmaculada\/wp-json\/wp\/v2\/pages\/2379\/revisions\/12007"}],"wp:attachment":[{"href":"https:\/\/blogsaverroes.juntadeandalucia.es\/ceiplainmaculada\/wp-json\/wp\/v2\/media?parent=2379"}],"curies":[{"name":"wp","href":"https:\/\/api.w.org\/{rel}","templated":true}]}}