{"id":2456,"date":"2019-04-02T18:11:12","date_gmt":"2019-04-02T18:11:12","guid":{"rendered":"https:\/\/blogsaverroes.juntadeandalucia.es\/ceiplainmaculada\/?page_id=2456"},"modified":"2025-08-24T10:32:46","modified_gmt":"2025-08-24T10:32:46","slug":"horarios-2","status":"publish","type":"page","link":"https:\/\/blogsaverroes.juntadeandalucia.es\/ceiplainmaculada\/horarios-2\/","title":{"rendered":"HORARIO DEL CENTRO"},"content":{"rendered":"<h3 style=\"text-align: center\"><span style=\"color: #008080\"><strong>HORARIOS<\/strong><\/span><\/h3>\n<ul>\n<li>Horario lectivo del Centro: de 9.00 a 14.00.<\/li>\n<li>Aula Matinal: de 7.30 a 9:00.<\/li>\n<li>Comedor: de 14:00 a 16:00.<\/li>\n<li>Actividades Extraescolares: de 16:00 a 17:00.\n<ul style=\"list-style-type: disc\">\n<li>Lunes y Mi\u00e9rcoles:&nbsp;<\/li>\n<li>Martes y Jueves:&nbsp;<\/li>\n<\/ul>\n<\/li>\n<\/ul>\n<ul>\n<li>Tutor\u00edas con las familias: Lunes de 16:00 a 17:00 (cita previa).<\/li>\n<\/ul>\n<h4>&nbsp;<\/h4>\n<h4><span style=\"color: #008080\"><strong>Oferta educativa<\/strong><\/span><\/h4>\n<ul>\n<li>Centro de Educaci\u00f3n Infantil y Primaria Biling\u00fce Ingl\u00e9s.<\/li>\n<li>Educaci\u00f3n Infantil de 3, 4 y 5 a\u00f1os.<\/li>\n<li>Educaci\u00f3n Primaria de 1\u00ba a 6\u00ba.<\/li>\n<li>Plan de Apertura de Centros:\n<ul style=\"list-style-type: disc\">\n<li>Aula Matinal.<\/li>\n<li>Comedor Escolar.<\/li>\n<li>Actividades Extraescolares.<\/li>\n<\/ul>\n<\/li>\n<\/ul>\n<p>&nbsp;<\/p>\n<h4>&nbsp;<\/h4>\n<p>&nbsp;<\/p>\n","protected":false},"excerpt":{"rendered":"<p>HORARIOS Horario lectivo del Centro: de 9.00 a 14.00. Aula Matinal: de 7.30 a 9:00. Comedor: de 14:00 a 16:00. Actividades Extraescolares: de 16:00 a 17:00. Lunes y Mi\u00e9rcoles:&nbsp; Martes y Jueves:&nbsp; Tutor\u00edas con las&#46;&#46;&#46;<\/p>\n","protected":false},"author":3031,"featured_media":0,"parent":0,"menu_order":0,"comment_status":"closed","ping_status":"closed","template":"","meta":{"ngg_post_thumbnail":0,"footnotes":"","_mc_calendar":[]},"aioseo_notices":[],"_links":{"self":[{"href":"https:\/\/blogsaverroes.juntadeandalucia.es\/ceiplainmaculada\/wp-json\/wp\/v2\/pages\/2456"}],"collection":[{"href":"https:\/\/blogsaverroes.juntadeandalucia.es\/ceiplainmaculada\/wp-json\/wp\/v2\/pages"}],"about":[{"href":"https:\/\/blogsaverroes.juntadeandalucia.es\/ceiplainmaculada\/wp-json\/wp\/v2\/types\/page"}],"author":[{"embeddable":true,"href":"https:\/\/blogsaverroes.juntadeandalucia.es\/ceiplainmaculada\/wp-json\/wp\/v2\/users\/3031"}],"replies":[{"embeddable":true,"href":"https:\/\/blogsaverroes.juntadeandalucia.es\/ceiplainmaculada\/wp-json\/wp\/v2\/comments?post=2456"}],"version-history":[{"count":8,"href":"https:\/\/blogsaverroes.juntadeandalucia.es\/ceiplainmaculada\/wp-json\/wp\/v2\/pages\/2456\/revisions"}],"predecessor-version":[{"id":11991,"href":"https:\/\/blogsaverroes.juntadeandalucia.es\/ceiplainmaculada\/wp-json\/wp\/v2\/pages\/2456\/revisions\/11991"}],"wp:attachment":[{"href":"https:\/\/blogsaverroes.juntadeandalucia.es\/ceiplainmaculada\/wp-json\/wp\/v2\/media?parent=2456"}],"curies":[{"name":"wp","href":"https:\/\/api.w.org\/{rel}","templated":true}]}}