{"id":3475,"date":"2020-12-03T17:00:30","date_gmt":"2020-12-03T17:00:30","guid":{"rendered":"https:\/\/blogsaverroes.juntadeandalucia.es\/ceiplainmaculada\/?page_id=3475"},"modified":"2021-02-18T11:44:27","modified_gmt":"2021-02-18T11:44:27","slug":"tde-transformacion-digital-educativa","status":"publish","type":"page","link":"https:\/\/blogsaverroes.juntadeandalucia.es\/ceiplainmaculada\/tde-transformacion-digital-educativa\/","title":{"rendered":"TDE (Transformaci\u00f3n Digital Educativa)"},"content":{"rendered":"<h1><span style=\"color: #008080\">TRANSFORMACI\u00d3N DIGITAL EDUCATIVA<\/span><\/h1>\n<p><a href=\"https:\/\/blogsaverroes.juntadeandalucia.es\/ceiplainmaculada\/files\/2020\/12\/2.gif\"><img decoding=\"async\" class=\"wp-image-3477 alignright\" src=\"https:\/\/blogsaverroes.juntadeandalucia.es\/ceiplainmaculada\/files\/2020\/12\/2.gif\" alt=\"\" width=\"225\" height=\"221\"><\/a><a href=\"https:\/\/blogsaverroes.juntadeandalucia.es\/ceiplainmaculada\/files\/2020\/12\/2.gif\"><img fetchpriority=\"high\" decoding=\"async\" class=\" wp-image-3476 alignleft\" src=\"https:\/\/blogsaverroes.juntadeandalucia.es\/ceiplainmaculada\/files\/2020\/12\/TDE-1.png\" alt=\"\" width=\"557\" height=\"209\" srcset=\"https:\/\/blogsaverroes.juntadeandalucia.es\/ceiplainmaculada\/files\/2020\/12\/TDE-1.png 400w, https:\/\/blogsaverroes.juntadeandalucia.es\/ceiplainmaculada\/files\/2020\/12\/TDE-1-300x113.png 300w, https:\/\/blogsaverroes.juntadeandalucia.es\/ceiplainmaculada\/files\/2020\/12\/TDE-1-24x9.png 24w, https:\/\/blogsaverroes.juntadeandalucia.es\/ceiplainmaculada\/files\/2020\/12\/TDE-1-36x14.png 36w, https:\/\/blogsaverroes.juntadeandalucia.es\/ceiplainmaculada\/files\/2020\/12\/TDE-1-48x18.png 48w\" sizes=\"(max-width: 557px) 100vw, 557px\" \/><\/a><\/p>\n<p>&nbsp;<\/p>\n<p>&nbsp;<\/p>\n<p>&nbsp;<\/p>\n<p>&nbsp;<\/p>\n<p>&nbsp;<\/p>\n<p>&nbsp;<\/p>\n<p>El concepto de transformaci\u00f3n digital educativa (TDE) incluye el conjunto de actuaciones orientadas a la mejora y modernizaci\u00f3n de los procesos, los procedimientos, los h\u00e1bitos y comportamientos de las organizaciones educativas y de las personas que, haciendo uso de las tecnolog\u00edas digitales, mejoren su capacidad de hacer frente a los retos de la sociedad actual. En el presente curso escolar 2020\/2021 ser\u00e1 el a\u00f1o 0 de la TDE.<\/p>\n<p>&nbsp;<\/p>\n<p>Tres \u00e1mbitos de actuaci\u00f3n:<\/p>\n<ul style=\"list-style-type: square\">\n<li>Organizaci\u00f3n y gesti\u00f3n de los centros docentes.<\/li>\n<li>Procesos de ense\u00f1anza-aprendizaje.<\/li>\n<li>Informaci\u00f3n y comunicaci\u00f3n, interna y externa.<\/li>\n<\/ul>\n<p><a href=\"https:\/\/blogsaverroes.juntadeandalucia.es\/ceiplainmaculada\/files\/2020\/12\/2.gif\">&nbsp;<\/a><\/p>\n","protected":false},"excerpt":{"rendered":"<p>TRANSFORMACI\u00d3N DIGITAL EDUCATIVA &nbsp; &nbsp; &nbsp; &nbsp; &nbsp; &nbsp; El concepto de transformaci\u00f3n digital educativa (TDE) incluye el conjunto de actuaciones orientadas a la mejora y modernizaci\u00f3n de los procesos, los procedimientos, los h\u00e1bitos y&#46;&#46;&#46;<\/p>\n","protected":false},"author":3031,"featured_media":0,"parent":0,"menu_order":0,"comment_status":"closed","ping_status":"closed","template":"","meta":{"ngg_post_thumbnail":0,"footnotes":"","_mc_calendar":[]},"aioseo_notices":[],"_links":{"self":[{"href":"https:\/\/blogsaverroes.juntadeandalucia.es\/ceiplainmaculada\/wp-json\/wp\/v2\/pages\/3475"}],"collection":[{"href":"https:\/\/blogsaverroes.juntadeandalucia.es\/ceiplainmaculada\/wp-json\/wp\/v2\/pages"}],"about":[{"href":"https:\/\/blogsaverroes.juntadeandalucia.es\/ceiplainmaculada\/wp-json\/wp\/v2\/types\/page"}],"author":[{"embeddable":true,"href":"https:\/\/blogsaverroes.juntadeandalucia.es\/ceiplainmaculada\/wp-json\/wp\/v2\/users\/3031"}],"replies":[{"embeddable":true,"href":"https:\/\/blogsaverroes.juntadeandalucia.es\/ceiplainmaculada\/wp-json\/wp\/v2\/comments?post=3475"}],"version-history":[{"count":4,"href":"https:\/\/blogsaverroes.juntadeandalucia.es\/ceiplainmaculada\/wp-json\/wp\/v2\/pages\/3475\/revisions"}],"predecessor-version":[{"id":3481,"href":"https:\/\/blogsaverroes.juntadeandalucia.es\/ceiplainmaculada\/wp-json\/wp\/v2\/pages\/3475\/revisions\/3481"}],"wp:attachment":[{"href":"https:\/\/blogsaverroes.juntadeandalucia.es\/ceiplainmaculada\/wp-json\/wp\/v2\/media?parent=3475"}],"curies":[{"name":"wp","href":"https:\/\/api.w.org\/{rel}","templated":true}]}}