{"id":44,"date":"2015-03-13T08:42:15","date_gmt":"2015-03-13T08:42:15","guid":{"rendered":"http:\/\/blogsaverroes.juntadeandalucia.es\/pre\/ceip\/?page_id=44"},"modified":"2025-08-24T10:36:52","modified_gmt":"2025-08-24T10:36:52","slug":"planes-y-proyectos","status":"publish","type":"page","link":"https:\/\/blogsaverroes.juntadeandalucia.es\/ceiplainmaculada\/planes-y-proyectos\/","title":{"rendered":"PLANES Y PROGRAMAS"},"content":{"rendered":"<p><strong>COORDINACIONES DE PLANES Y PROGRAMAS CURSO 25-26<br \/>\n<\/strong><\/p>\n<p>COORDINADORA BILING\u00dcISMO:&nbsp;<\/p>\n<p>COORDINADOR TDE: Mar\u00eda Isabel Garc\u00eda Bravo<\/p>\n<p>COORDINADORA PLAN DE AUTOPROTECCI\u00d3N:&nbsp;<\/p>\n<p>COORDINADORA PLAN DE BIBLIOTECA: Laura Romero OLLER<\/p>\n<p>COORDINADORA PLAN DE IGUALDAD DE G\u00c9NERO:&nbsp;<\/p>\n<p>COORDINADOR PLAN APERTURA:&nbsp;<\/p>\n<p>COORDINADORA PRACTICUM MAESTROS: Jos\u00e9 Daniel Borrego Ib\u00e1\u00f1ez<\/p>\n<p>COORDINADOR CIMA:&nbsp;<\/p>\n<p>COORDINADORA PROYECTO INTERCENTRO \u201cEscuela: Espacio de Paz\u201d:&nbsp;<\/p>\n<p>&nbsp;<\/p>\n","protected":false},"excerpt":{"rendered":"<p>COORDINACIONES DE PLANES Y PROGRAMAS CURSO 25-26 COORDINADORA BILING\u00dcISMO:&nbsp; COORDINADOR TDE: Mar\u00eda Isabel Garc\u00eda Bravo COORDINADORA PLAN DE AUTOPROTECCI\u00d3N:&nbsp; COORDINADORA PLAN DE BIBLIOTECA: Laura Romero OLLER COORDINADORA PLAN DE IGUALDAD DE G\u00c9NERO:&nbsp; COORDINADOR PLAN APERTURA:&nbsp;&#46;&#46;&#46;<\/p>\n","protected":false},"author":1,"featured_media":0,"parent":0,"menu_order":0,"comment_status":"closed","ping_status":"closed","template":"","meta":{"ngg_post_thumbnail":0,"footnotes":"","_mc_calendar":[]},"aioseo_notices":[],"_links":{"self":[{"href":"https:\/\/blogsaverroes.juntadeandalucia.es\/ceiplainmaculada\/wp-json\/wp\/v2\/pages\/44"}],"collection":[{"href":"https:\/\/blogsaverroes.juntadeandalucia.es\/ceiplainmaculada\/wp-json\/wp\/v2\/pages"}],"about":[{"href":"https:\/\/blogsaverroes.juntadeandalucia.es\/ceiplainmaculada\/wp-json\/wp\/v2\/types\/page"}],"author":[{"embeddable":true,"href":"https:\/\/blogsaverroes.juntadeandalucia.es\/ceiplainmaculada\/wp-json\/wp\/v2\/users\/1"}],"replies":[{"embeddable":true,"href":"https:\/\/blogsaverroes.juntadeandalucia.es\/ceiplainmaculada\/wp-json\/wp\/v2\/comments?post=44"}],"version-history":[{"count":15,"href":"https:\/\/blogsaverroes.juntadeandalucia.es\/ceiplainmaculada\/wp-json\/wp\/v2\/pages\/44\/revisions"}],"predecessor-version":[{"id":11992,"href":"https:\/\/blogsaverroes.juntadeandalucia.es\/ceiplainmaculada\/wp-json\/wp\/v2\/pages\/44\/revisions\/11992"}],"wp:attachment":[{"href":"https:\/\/blogsaverroes.juntadeandalucia.es\/ceiplainmaculada\/wp-json\/wp\/v2\/media?parent=44"}],"curies":[{"name":"wp","href":"https:\/\/api.w.org\/{rel}","templated":true}]}}